{"id":124024,"date":"2022-04-05T15:49:00","date_gmt":"2022-04-05T19:49:00","guid":{"rendered":"https:\/\/richmondvale.org\/privacidade\/"},"modified":"2024-02-21T10:36:31","modified_gmt":"2024-02-21T15:36:31","slug":"privacidade","status":"publish","type":"page","link":"https:\/\/richmondvale.org\/pt-br\/privacidade\/","title":{"rendered":"Privacidade"},"content":{"rendered":"\t\t<div data-elementor-type=\"wp-page\" data-elementor-id=\"124024\" class=\"elementor elementor-124024 elementor-59\" data-elementor-post-type=\"page\">\n\t\t\t\t<div class=\"elementor-element elementor-element-aa2c1ca e-flex e-con-boxed e-con e-parent\" data-id=\"aa2c1ca\" data-element_type=\"container\" data-e-type=\"container\">\n\t\t\t\t\t<div class=\"e-con-inner\">\n\t\t<div class=\"elementor-element elementor-element-2a3f432 e-con-full e-flex e-con e-child\" data-id=\"2a3f432\" data-element_type=\"container\" data-e-type=\"container\">\n\t\t\t\t<\/div>\n\t\t<div class=\"elementor-element elementor-element-a2f3f84 e-con-full e-flex e-con e-child\" data-id=\"a2f3f84\" data-element_type=\"container\" data-e-type=\"container\">\n\t\t\t\t<div class=\"elementor-element elementor-element-5e4f0a2 elementor-widget elementor-widget-heading\" data-id=\"5e4f0a2\" data-element_type=\"widget\" data-e-type=\"widget\" data-widget_type=\"heading.default\">\n\t\t\t\t<div class=\"elementor-widget-container\">\n\t\t\t\t\t<h2 class=\"elementor-heading-title elementor-size-default\">Pol\u00edtica de Privacidade da Richmond Vale Academy<\/h2>\t\t\t\t<\/div>\n\t\t\t\t<\/div>\n\t\t\t\t<div class=\"elementor-element elementor-element-dae9e82 elementor-widget elementor-widget-text-editor\" data-id=\"dae9e82\" data-element_type=\"widget\" data-e-type=\"widget\" data-widget_type=\"text-editor.default\">\n\t\t\t\t<div class=\"elementor-widget-container\">\n\t\t\t\t\t\t\t\t\t<p>A Richmond Vale Academy reconhece a import\u00e2ncia de proteger a privacidade dos visitantes e apoiadores. Esta pol\u00edtica foi criada para demonstrar nosso respeito por suas prefer\u00eancias de privacidade e para divulgar nossas pr\u00e1ticas de coleta e compartilhamento de informa\u00e7\u00f5es.<\/p>\n<p>A Richmond Vale Academy n\u00e3o coleta informa\u00e7\u00f5es pessoais sobre voc\u00ea, a menos que voc\u00ea forne\u00e7a voluntariamente informa\u00e7\u00f5es pessoais \u00e0 Richmond Vale Academy. Para receber determinados servi\u00e7os de nosso site, pode ser solicitado que voc\u00ea forne\u00e7a informa\u00e7\u00f5es pessoais, como seu nome, endere\u00e7o, n\u00famero de contato ou e-mail. Atualmente, solicitamos informa\u00e7\u00f5es pessoais quando voc\u00ea solicita mais informa\u00e7\u00f5es on-line para um dos programas da Richmond Vale Academy e, se voc\u00ea se inscrever para receber atualiza\u00e7\u00f5es da Planet Aid, seu endere\u00e7o de e-mail ser\u00e1 solicitado.<\/p>\n<h4>Doa\u00e7\u00e3o<\/h4>\n<p>A Richmond Vale Academy utiliza um servi\u00e7o externo profissional para processar as doa\u00e7\u00f5es on-line. As transa\u00e7\u00f5es no site s\u00e3o seguras. A Richmond Vale Academy n\u00e3o mant\u00e9m as informa\u00e7\u00f5es do seu cart\u00e3o de cr\u00e9dito em arquivo, apenas as informa\u00e7\u00f5es de contato enviadas para que possamos fornecer informa\u00e7\u00f5es sobre nossos programas e oportunidades adicionais de doa\u00e7\u00e3o.<\/p>\n<h4>Compartilhamento<\/h4>\n<p>As informa\u00e7\u00f5es que voc\u00ea fornecer on-line ou off-line ser\u00e3o usadas internamente na Richmond Vale Academy pela equipe designada para concluir os servi\u00e7os solicitados por voc\u00ea. A Richmond Vale Academy n\u00e3o aluga nem compartilha nenhuma de suas informa\u00e7\u00f5es com outras organiza\u00e7\u00f5es.<\/p>\n<h4>Seguran\u00e7a<\/h4>\n<p>Usamos uma variedade de tecnologias e procedimentos de seguran\u00e7a atualizados para ajudar a proteger suas informa\u00e7\u00f5es pessoais contra acesso, uso ou divulga\u00e7\u00e3o n\u00e3o autorizados. Armazenamos todas as informa\u00e7\u00f5es pessoais fornecidas por voc\u00ea em sistemas de computador com acesso limitado. Esses sistemas est\u00e3o localizados em instala\u00e7\u00f5es controladas.<\/p>\n<h4>Navega\u00e7\u00e3o na Web<\/h4>\n<p>A Richmond Vale Academy monitora a navega\u00e7\u00e3o em nosso site e coleta determinados dados, como endere\u00e7os IP e nomes de dom\u00ednio. Tamb\u00e9m podemos usar cookies para entender melhor como nosso site \u00e9 usado e para aprimorar a experi\u00eancia do usu\u00e1rio. Voc\u00ea pode desativar os cookies em seu navegador, mas isso pode inibir o uso de alguns recursos de nosso site.<\/p>\n<p>A Richmond Vale Academy poder\u00e1 fazer altera\u00e7\u00f5es nesta pol\u00edtica de tempos em tempos e sem aviso pr\u00e9vio.<\/p>\n<h4>Isen\u00e7\u00e3o de responsabilidade<\/h4>\n<p>Esta Declara\u00e7\u00e3o de Privacidade n\u00e3o se aplica \u00e0s atividades de terceiros patrocinadores, anunciantes e outros parceiros que possam coletar suas informa\u00e7\u00f5es de usu\u00e1rio ao acessar ou usar os servi\u00e7os desses terceiros em conex\u00e3o com o seu uso do nosso Site (por exemplo, m\u00eddia social e servi\u00e7os de compartilhamento). As pr\u00e1ticas de privacidade e informa\u00e7\u00e3o desses terceiros n\u00e3o s\u00e3o cobertas por esta Declara\u00e7\u00e3o de Privacidade. Para saber mais sobre essas pol\u00edticas de terceiros, recomendamos que voc\u00ea leia e analise as declara\u00e7\u00f5es de privacidade de cada servi\u00e7o de terceiros que voc\u00ea optar por usar em conex\u00e3o com o Site. Esta Declara\u00e7\u00e3o de Privacidade se aplica somente \u00e0s informa\u00e7\u00f5es coletadas por n\u00f3s.<\/p>\n<h4>Entre em contato conosco<\/h4>\n<p>Se quiser alterar suas informa\u00e7\u00f5es de contato, se quiser remover seu nome de nossa lista de e-mails ou de correspond\u00eancia postal, ou se tiver alguma d\u00favida sobre esta pol\u00edtica.<\/p>\n<p><strong>Escrit\u00f3rio de Recrutamento da Richmond Vale Academy<br \/><\/strong>St. David parish<br \/>Richmond<br \/>Chateaubelair<br \/>S\u00e3o Vicente e Granadinas<br \/>+1 784-492-1672<br \/>info@richmondvale.org<\/p>\n\t\t\t\t\t\t\t\t<\/div>\n\t\t\t\t<\/div>\n\t\t\t\t<\/div>\n\t\t<div class=\"elementor-element elementor-element-6e35c7c e-con-full e-flex e-con e-child\" data-id=\"6e35c7c\" data-element_type=\"container\" data-e-type=\"container\">\n\t\t\t\t<\/div>\n\t\t\t\t\t<\/div>\n\t\t\t\t<\/div>\n\t\t\t\t<\/div>\n\t\t","protected":false},"excerpt":{"rendered":"<p>Pol\u00edtica de Privacidade da Richmond Vale Academy A Richmond Vale Academy reconhece a import\u00e2ncia de proteger a privacidade dos visitantes e apoiadores. Esta pol\u00edtica foi criada para demonstrar nosso respeito por suas prefer\u00eancias de privacidade e para divulgar nossas pr\u00e1ticas de coleta e compartilhamento de informa\u00e7\u00f5es. A Richmond Vale Academy n\u00e3o coleta informa\u00e7\u00f5es pessoais sobre&#8230; <a href=\"https:\/\/richmondvale.org\/pt-br\/privacidade\/\" class=\"read-more-link\">READ MORE <i class=\"fa fa-caret-right\" aria-hidden=\"true\"><\/i><\/a><\/p>\n","protected":false},"author":3,"featured_media":0,"parent":0,"menu_order":0,"comment_status":"closed","ping_status":"closed","template":"","meta":{"_acf_changed":false,"_monsterinsights_skip_tracking":false,"_monsterinsights_sitenote_active":false,"_monsterinsights_sitenote_note":"","_monsterinsights_sitenote_category":0,"ngg_post_thumbnail":0,"footnotes":""},"class_list":["post-124024","page","type-page","status-publish","hentry"],"acf":[],"yoast_head":"<!-- This site is optimized with the Yoast SEO Premium plugin v27.5 (Yoast SEO v27.5) - https:\/\/yoast.com\/product\/yoast-seo-premium-wordpress\/ -->\n<title>Privacidade - Richmond Vale Academy<\/title>\n<meta name=\"robots\" content=\"index, follow, max-snippet:-1, max-image-preview:large, max-video-preview:-1\" \/>\n<link rel=\"canonical\" href=\"https:\/\/richmondvale.org\/pt-br\/privacidade\/\" \/>\n<meta property=\"og:locale\" content=\"pt_BR\" \/>\n<meta property=\"og:type\" content=\"article\" \/>\n<meta property=\"og:title\" content=\"Privacidade\" \/>\n<meta property=\"og:description\" content=\"Pol\u00edtica de Privacidade da Richmond Vale Academy A Richmond Vale Academy reconhece a import\u00e2ncia de proteger a privacidade dos visitantes e apoiadores. Esta pol\u00edtica foi criada para demonstrar nosso respeito por suas prefer\u00eancias de privacidade e para divulgar nossas pr\u00e1ticas de coleta e compartilhamento de informa\u00e7\u00f5es. A Richmond Vale Academy n\u00e3o coleta informa\u00e7\u00f5es pessoais sobre... READ MORE\" \/>\n<meta property=\"og:url\" content=\"https:\/\/richmondvale.org\/pt-br\/privacidade\/\" \/>\n<meta property=\"og:site_name\" content=\"Richmond Vale Academy\" \/>\n<meta property=\"article:publisher\" content=\"https:\/\/www.facebook.com\/RichmondValeAcademy\/\" \/>\n<meta property=\"article:modified_time\" content=\"2024-02-21T15:36:31+00:00\" \/>\n<meta property=\"og:image\" content=\"https:\/\/richmondvale.org\/wp-content\/uploads\/2023\/12\/RVA_SocialShareImage.jpg\" \/>\n\t<meta property=\"og:image:width\" content=\"1200\" \/>\n\t<meta property=\"og:image:height\" content=\"628\" \/>\n\t<meta property=\"og:image:type\" content=\"image\/jpeg\" \/>\n<meta name=\"twitter:card\" content=\"summary_large_image\" \/>\n<meta name=\"twitter:label1\" content=\"Est. tempo de leitura\" \/>\n\t<meta name=\"twitter:data1\" content=\"3 minutos\" \/>\n<script type=\"application\/ld+json\" class=\"yoast-schema-graph\">{\"@context\":\"https:\\\/\\\/schema.org\",\"@graph\":[{\"@type\":\"WebPage\",\"@id\":\"https:\\\/\\\/richmondvale.org\\\/pt-br\\\/privacidade\\\/\",\"url\":\"https:\\\/\\\/richmondvale.org\\\/pt-br\\\/privacidade\\\/\",\"name\":\"Privacidade - Richmond Vale Academy\",\"isPartOf\":{\"@id\":\"https:\\\/\\\/richmondvale.org\\\/pt-br\\\/#website\"},\"datePublished\":\"2022-04-05T19:49:00+00:00\",\"dateModified\":\"2024-02-21T15:36:31+00:00\",\"breadcrumb\":{\"@id\":\"https:\\\/\\\/richmondvale.org\\\/pt-br\\\/privacidade\\\/#breadcrumb\"},\"inLanguage\":\"pt-BR\",\"potentialAction\":[{\"@type\":\"ReadAction\",\"target\":[\"https:\\\/\\\/richmondvale.org\\\/pt-br\\\/privacidade\\\/\"]}]},{\"@type\":\"BreadcrumbList\",\"@id\":\"https:\\\/\\\/richmondvale.org\\\/pt-br\\\/privacidade\\\/#breadcrumb\",\"itemListElement\":[{\"@type\":\"ListItem\",\"position\":1,\"name\":\"Home\",\"item\":\"https:\\\/\\\/richmondvale.org\\\/pt-br\\\/\"},{\"@type\":\"ListItem\",\"position\":2,\"name\":\"Privacidade\"}]},{\"@type\":\"WebSite\",\"@id\":\"https:\\\/\\\/richmondvale.org\\\/pt-br\\\/#website\",\"url\":\"https:\\\/\\\/richmondvale.org\\\/pt-br\\\/\",\"name\":\"Richmond Vale Academy\",\"description\":\"\",\"publisher\":{\"@id\":\"https:\\\/\\\/richmondvale.org\\\/pt-br\\\/#organization\"},\"potentialAction\":[{\"@type\":\"SearchAction\",\"target\":{\"@type\":\"EntryPoint\",\"urlTemplate\":\"https:\\\/\\\/richmondvale.org\\\/pt-br\\\/?s={search_term_string}\"},\"query-input\":{\"@type\":\"PropertyValueSpecification\",\"valueRequired\":true,\"valueName\":\"search_term_string\"}}],\"inLanguage\":\"pt-BR\"},{\"@type\":\"Organization\",\"@id\":\"https:\\\/\\\/richmondvale.org\\\/pt-br\\\/#organization\",\"name\":\"Richmond Vale Academy\",\"url\":\"https:\\\/\\\/richmondvale.org\\\/pt-br\\\/\",\"logo\":{\"@type\":\"ImageObject\",\"inLanguage\":\"pt-BR\",\"@id\":\"https:\\\/\\\/richmondvale.org\\\/pt-br\\\/#\\\/schema\\\/logo\\\/image\\\/\",\"url\":\"https:\\\/\\\/richmondvale.org\\\/wp-content\\\/uploads\\\/2023\\\/11\\\/rva-logo.png\",\"contentUrl\":\"https:\\\/\\\/richmondvale.org\\\/wp-content\\\/uploads\\\/2023\\\/11\\\/rva-logo.png\",\"width\":319,\"height\":92,\"caption\":\"Richmond Vale Academy\"},\"image\":{\"@id\":\"https:\\\/\\\/richmondvale.org\\\/pt-br\\\/#\\\/schema\\\/logo\\\/image\\\/\"},\"sameAs\":[\"https:\\\/\\\/www.facebook.com\\\/RichmondValeAcademy\\\/\",\"https:\\\/\\\/www.instagram.com\\\/richmondvaleacademy\\\/?hl=en\",\"https:\\\/\\\/www.youtube.com\\\/channel\\\/UC11Q4oA2N0YMVskaLNJGXSQ\",\"https:\\\/\\\/www.linkedin.com\\\/company\\\/richmond-vale-academy\\\/\"]}]}<\/script>\n<!-- \/ Yoast SEO Premium plugin. -->","yoast_head_json":{"title":"Privacidade - Richmond Vale Academy","robots":{"index":"index","follow":"follow","max-snippet":"max-snippet:-1","max-image-preview":"max-image-preview:large","max-video-preview":"max-video-preview:-1"},"canonical":"https:\/\/richmondvale.org\/pt-br\/privacidade\/","og_locale":"pt_BR","og_type":"article","og_title":"Privacidade","og_description":"Pol\u00edtica de Privacidade da Richmond Vale Academy A Richmond Vale Academy reconhece a import\u00e2ncia de proteger a privacidade dos visitantes e apoiadores. Esta pol\u00edtica foi criada para demonstrar nosso respeito por suas prefer\u00eancias de privacidade e para divulgar nossas pr\u00e1ticas de coleta e compartilhamento de informa\u00e7\u00f5es. A Richmond Vale Academy n\u00e3o coleta informa\u00e7\u00f5es pessoais sobre... READ MORE","og_url":"https:\/\/richmondvale.org\/pt-br\/privacidade\/","og_site_name":"Richmond Vale Academy","article_publisher":"https:\/\/www.facebook.com\/RichmondValeAcademy\/","article_modified_time":"2024-02-21T15:36:31+00:00","og_image":[{"width":1200,"height":628,"url":"https:\/\/richmondvale.org\/wp-content\/uploads\/2023\/12\/RVA_SocialShareImage.jpg","type":"image\/jpeg"}],"twitter_card":"summary_large_image","twitter_misc":{"Est. tempo de leitura":"3 minutos"},"schema":{"@context":"https:\/\/schema.org","@graph":[{"@type":"WebPage","@id":"https:\/\/richmondvale.org\/pt-br\/privacidade\/","url":"https:\/\/richmondvale.org\/pt-br\/privacidade\/","name":"Privacidade - Richmond Vale Academy","isPartOf":{"@id":"https:\/\/richmondvale.org\/pt-br\/#website"},"datePublished":"2022-04-05T19:49:00+00:00","dateModified":"2024-02-21T15:36:31+00:00","breadcrumb":{"@id":"https:\/\/richmondvale.org\/pt-br\/privacidade\/#breadcrumb"},"inLanguage":"pt-BR","potentialAction":[{"@type":"ReadAction","target":["https:\/\/richmondvale.org\/pt-br\/privacidade\/"]}]},{"@type":"BreadcrumbList","@id":"https:\/\/richmondvale.org\/pt-br\/privacidade\/#breadcrumb","itemListElement":[{"@type":"ListItem","position":1,"name":"Home","item":"https:\/\/richmondvale.org\/pt-br\/"},{"@type":"ListItem","position":2,"name":"Privacidade"}]},{"@type":"WebSite","@id":"https:\/\/richmondvale.org\/pt-br\/#website","url":"https:\/\/richmondvale.org\/pt-br\/","name":"Richmond Vale Academy","description":"","publisher":{"@id":"https:\/\/richmondvale.org\/pt-br\/#organization"},"potentialAction":[{"@type":"SearchAction","target":{"@type":"EntryPoint","urlTemplate":"https:\/\/richmondvale.org\/pt-br\/?s={search_term_string}"},"query-input":{"@type":"PropertyValueSpecification","valueRequired":true,"valueName":"search_term_string"}}],"inLanguage":"pt-BR"},{"@type":"Organization","@id":"https:\/\/richmondvale.org\/pt-br\/#organization","name":"Richmond Vale Academy","url":"https:\/\/richmondvale.org\/pt-br\/","logo":{"@type":"ImageObject","inLanguage":"pt-BR","@id":"https:\/\/richmondvale.org\/pt-br\/#\/schema\/logo\/image\/","url":"https:\/\/richmondvale.org\/wp-content\/uploads\/2023\/11\/rva-logo.png","contentUrl":"https:\/\/richmondvale.org\/wp-content\/uploads\/2023\/11\/rva-logo.png","width":319,"height":92,"caption":"Richmond Vale Academy"},"image":{"@id":"https:\/\/richmondvale.org\/pt-br\/#\/schema\/logo\/image\/"},"sameAs":["https:\/\/www.facebook.com\/RichmondValeAcademy\/","https:\/\/www.instagram.com\/richmondvaleacademy\/?hl=en","https:\/\/www.youtube.com\/channel\/UC11Q4oA2N0YMVskaLNJGXSQ","https:\/\/www.linkedin.com\/company\/richmond-vale-academy\/"]}]}},"_links":{"self":[{"href":"https:\/\/richmondvale.org\/pt-br\/wp-json\/wp\/v2\/pages\/124024","targetHints":{"allow":["GET"]}}],"collection":[{"href":"https:\/\/richmondvale.org\/pt-br\/wp-json\/wp\/v2\/pages"}],"about":[{"href":"https:\/\/richmondvale.org\/pt-br\/wp-json\/wp\/v2\/types\/page"}],"author":[{"embeddable":true,"href":"https:\/\/richmondvale.org\/pt-br\/wp-json\/wp\/v2\/users\/3"}],"replies":[{"embeddable":true,"href":"https:\/\/richmondvale.org\/pt-br\/wp-json\/wp\/v2\/comments?post=124024"}],"version-history":[{"count":1,"href":"https:\/\/richmondvale.org\/pt-br\/wp-json\/wp\/v2\/pages\/124024\/revisions"}],"predecessor-version":[{"id":124039,"href":"https:\/\/richmondvale.org\/pt-br\/wp-json\/wp\/v2\/pages\/124024\/revisions\/124039"}],"wp:attachment":[{"href":"https:\/\/richmondvale.org\/pt-br\/wp-json\/wp\/v2\/media?parent=124024"}],"curies":[{"name":"wp","href":"https:\/\/api.w.org\/{rel}","templated":true}]}}