{"id":124003,"date":"2022-04-05T15:48:46","date_gmt":"2022-04-05T19:48:46","guid":{"rendered":"https:\/\/richmondvale.org\/termos-de-servico\/"},"modified":"2024-02-21T10:36:30","modified_gmt":"2024-02-21T15:36:30","slug":"termos-de-servico","status":"publish","type":"page","link":"https:\/\/richmondvale.org\/pt-br\/termos-de-servico\/","title":{"rendered":"Termos de Servi\u00e7o"},"content":{"rendered":"\t\t<div data-elementor-type=\"wp-page\" data-elementor-id=\"124003\" class=\"elementor elementor-124003 elementor-57\" data-elementor-post-type=\"page\">\n\t\t\t\t<div class=\"elementor-element elementor-element-7111923 e-flex e-con-boxed e-con e-parent\" data-id=\"7111923\" data-element_type=\"container\" data-e-type=\"container\">\n\t\t\t\t\t<div class=\"e-con-inner\">\n\t\t<div class=\"elementor-element elementor-element-2486d25 e-con-full e-flex e-con e-child\" data-id=\"2486d25\" data-element_type=\"container\" data-e-type=\"container\">\n\t\t\t\t<\/div>\n\t\t<div class=\"elementor-element elementor-element-769b784 e-con-full e-flex e-con e-child\" data-id=\"769b784\" data-element_type=\"container\" data-e-type=\"container\">\n\t\t\t\t<div class=\"elementor-element elementor-element-86dc0fa elementor-widget elementor-widget-heading\" data-id=\"86dc0fa\" data-element_type=\"widget\" data-e-type=\"widget\" data-widget_type=\"heading.default\">\n\t\t\t\t<div class=\"elementor-widget-container\">\n\t\t\t\t\t<h2 class=\"elementor-heading-title elementor-size-default\">Termos de Servi\u00e7o<\/h2>\t\t\t\t<\/div>\n\t\t\t\t<\/div>\n\t\t\t\t<div class=\"elementor-element elementor-element-6bb36b3 elementor-widget elementor-widget-text-editor\" data-id=\"6bb36b3\" data-element_type=\"widget\" data-e-type=\"widget\" data-widget_type=\"text-editor.default\">\n\t\t\t\t<div class=\"elementor-widget-container\">\n\t\t\t\t\t\t\t\t\t<h4>Isen\u00e7\u00e3o de responsabilidade geral<\/h4>\n<p>A Richmond Vale Academy faz um esfor\u00e7o concentrado para apresentar informa\u00e7\u00f5es precisas e confi\u00e1veis em nosso site. No entanto, trabalhamos com v\u00e1rios parceiros e n\u00e3o podemos certificar as informa\u00e7\u00f5es apresentadas nem garantir sua precis\u00e3o.<\/p>\n<p>A Richmond Vale Academy n\u00e3o garante que o Site ser\u00e1 ininterrupto, sem atrasos, sem erros, sem omiss\u00f5es ou livre de v\u00edrus. Portanto, as informa\u00e7\u00f5es s\u00e3o fornecidas &#8220;no estado em que se encontram&#8221;, sem garantias de qualquer tipo, expressas ou impl\u00edcitas, incluindo precis\u00e3o, pontualidade e integridade. Em nenhuma hip\u00f3tese a Richmond Vale Academy, ou qualquer um de seus respectivos parceiros, diretores, agentes ou funcion\u00e1rios, ser\u00e1 respons\u00e1vel por quaisquer danos diretos, indiretos, incidentais, especiais, exemplares, punitivos, consequenciais ou outros (incluindo, sem limita\u00e7\u00e3o, responsabilidade por perda de uso, dados ou lucros), independentemente da forma de qualquer a\u00e7\u00e3o, incluindo, sem limita\u00e7\u00e3o, contrato, neglig\u00eancia ou outras a\u00e7\u00f5es il\u00edcitas, decorrentes de ou em conex\u00e3o com o Site, qualquer conte\u00fado ou acessado pelo uso do Site, ou qualquer c\u00f3pia, exibi\u00e7\u00e3o ou outro uso.<\/p>\n<p>A refer\u00eancia, neste site, a qualquer indiv\u00edduo, organiza\u00e7\u00e3o, produto ou servi\u00e7o n\u00e3o significa endosso da Richmond Vale Academy, a menos que isso seja especificamente declarado.<\/p>\n<p>A Richmond Vale Academy n\u00e3o assume nenhuma responsabilidade pelas consequ\u00eancias resultantes do uso das informa\u00e7\u00f5es contidas nas p\u00e1ginas do site ou obtidas em sites externos vinculados.<\/p>\n<h4>Status legal<\/h4>\n<p>A Richmond Vale Academy (RVA) foi criada como uma empresa sem fins lucrativos em S\u00e3o Vicente e Granadinas em 2002. O n\u00famero de registro \u00e9 147 de 2002. O n\u00famero de identifica\u00e7\u00e3o do empregador \u00e9 661273.<\/p>\n<h4><strong>CONTRATO DE USU\u00c1RIO<\/strong><\/h4>\n<h4>Termos de uso<\/h4>\n<p>Ao utilizar este site da Richmond Vale Academy ou seus outros sites, o usu\u00e1rio concorda em obedecer aos termos e condi\u00e7\u00f5es estabelecidos neste Contrato do Usu\u00e1rio. A Richmond Vale Academy reserva-se o direito de alterar estes termos e condi\u00e7\u00f5es a qualquer momento, sem aviso pr\u00e9vio, e o usu\u00e1rio deve consultar a vers\u00e3o mais recente deste Contrato do Usu\u00e1rio sempre que visitar este site.<\/p>\n<h4>Isen\u00e7\u00e3o de responsabilidade de garantia<\/h4>\n<p>A Richmond Vale Academy oferece aos usu\u00e1rios acesso a uma grande quantidade de recursos por meio deste site. A Richmond Vale Academy n\u00e3o oferece garantias de qualquer tipo com rela\u00e7\u00e3o a este site, incluindo, mas n\u00e3o se limitando a, qualquer garantia de exatid\u00e3o, integridade, capacidade de comercializa\u00e7\u00e3o, adequa\u00e7\u00e3o a uma finalidade espec\u00edfica ou de que este site esteja livre de v\u00edrus, e tais garantias s\u00e3o expressamente rejeitadas.<\/p>\n<h4>Direitos autorais<\/h4>\n<p>Como o conte\u00fado do Site \u00e9 protegido por direitos autorais e de propriedade, qualquer uso n\u00e3o autorizado de qualquer material do Site pode violar as leis de direitos autorais.<\/p>\n<p>Os materiais do Site n\u00e3o podem ser modificados, reproduzidos, exibidos publicamente, executados, distribu\u00eddos ou usados para quaisquer fins p\u00fablicos ou comerciais sem a permiss\u00e3o expl\u00edcita por escrito do fornecedor apropriado do conte\u00fado ou material (incluindo links de terceiros). A Richmond Vale Academy n\u00e3o assume nenhum risco, responsabilidade ou obriga\u00e7\u00e3o no caso de um usu\u00e1rio n\u00e3o obter tal permiss\u00e3o expl\u00edcita por escrito, conforme aconselhado pela Richmond Vale Academy.<\/p>\n<h4>Endossos<\/h4>\n<p>A Richmond Vale Academy pode fornecer links em seu site para outros sites que n\u00e3o est\u00e3o sob o controle da Richmond Vale Academy. O usu\u00e1rio reconhece que as informa\u00e7\u00f5es e opini\u00f5es contidas neste site ou em outros sites vinculados a este site n\u00e3o s\u00e3o necessariamente as da Richmond Vale Academy ou endossadas pela Richmond Vale Academy.<\/p>\n<h4>Links para sites de terceiros<\/h4>\n<p>s links de terceiros s\u00e3o fornecidos como uma conveni\u00eancia para nossos usu\u00e1rios. A Richmond Vale Academy n\u00e3o controla e n\u00e3o \u00e9 respons\u00e1vel por nenhum desses sites ou por seu conte\u00fado. A Richmond Vale Academy tem a obriga\u00e7\u00e3o de proteger sua reputa\u00e7\u00e3o e se reserva o direito de solicitar a remo\u00e7\u00e3o de qualquer link para o nosso Site.<\/p>\n<h4>Limita\u00e7\u00e3o de responsabilidade<\/h4>\n<p>O usu\u00e1rio reconhece e concorda que dever\u00e1 isentar a Richmond Vale Academy e seus executivos, diretores, funcion\u00e1rios e volunt\u00e1rios de todas as reivindica\u00e7\u00f5es decorrentes ou relacionadas ao seu uso ou incapacidade de usar as informa\u00e7\u00f5es fornecidas neste site ou em outros sites vinculados a este site.<\/p>\n\t\t\t\t\t\t\t\t<\/div>\n\t\t\t\t<\/div>\n\t\t\t\t<\/div>\n\t\t<div class=\"elementor-element elementor-element-1dc41be e-con-full e-flex e-con e-child\" data-id=\"1dc41be\" data-element_type=\"container\" data-e-type=\"container\">\n\t\t\t\t<\/div>\n\t\t\t\t\t<\/div>\n\t\t\t\t<\/div>\n\t\t\t\t<\/div>\n\t\t","protected":false},"excerpt":{"rendered":"<p>Termos de Servi\u00e7o Isen\u00e7\u00e3o de responsabilidade geral A Richmond Vale Academy faz um esfor\u00e7o concentrado para apresentar informa\u00e7\u00f5es precisas e confi\u00e1veis em nosso site. No entanto, trabalhamos com v\u00e1rios parceiros e n\u00e3o podemos certificar as informa\u00e7\u00f5es apresentadas nem garantir sua precis\u00e3o. A Richmond Vale Academy n\u00e3o garante que o Site ser\u00e1 ininterrupto, sem atrasos, sem&#8230; <a href=\"https:\/\/richmondvale.org\/pt-br\/termos-de-servico\/\" class=\"read-more-link\">READ MORE <i class=\"fa fa-caret-right\" aria-hidden=\"true\"><\/i><\/a><\/p>\n","protected":false},"author":3,"featured_media":0,"parent":0,"menu_order":0,"comment_status":"closed","ping_status":"closed","template":"","meta":{"_acf_changed":false,"_monsterinsights_skip_tracking":false,"_monsterinsights_sitenote_active":false,"_monsterinsights_sitenote_note":"","_monsterinsights_sitenote_category":0,"ngg_post_thumbnail":0,"footnotes":""},"class_list":["post-124003","page","type-page","status-publish","hentry"],"acf":[],"yoast_head":"<!-- This site is optimized with the Yoast SEO Premium plugin v27.5 (Yoast SEO v27.5) - https:\/\/yoast.com\/product\/yoast-seo-premium-wordpress\/ -->\n<title>Termos de Servi\u00e7o - Richmond Vale Academy<\/title>\n<meta name=\"robots\" content=\"index, follow, max-snippet:-1, max-image-preview:large, max-video-preview:-1\" \/>\n<link rel=\"canonical\" href=\"https:\/\/richmondvale.org\/pt-br\/termos-de-servico\/\" \/>\n<meta property=\"og:locale\" content=\"pt_BR\" \/>\n<meta property=\"og:type\" content=\"article\" \/>\n<meta property=\"og:title\" content=\"Termos de Servi\u00e7o\" \/>\n<meta property=\"og:description\" content=\"Termos de Servi\u00e7o Isen\u00e7\u00e3o de responsabilidade geral A Richmond Vale Academy faz um esfor\u00e7o concentrado para apresentar informa\u00e7\u00f5es precisas e confi\u00e1veis em nosso site. No entanto, trabalhamos com v\u00e1rios parceiros e n\u00e3o podemos certificar as informa\u00e7\u00f5es apresentadas nem garantir sua precis\u00e3o. A Richmond Vale Academy n\u00e3o garante que o Site ser\u00e1 ininterrupto, sem atrasos, sem... READ MORE\" \/>\n<meta property=\"og:url\" content=\"https:\/\/richmondvale.org\/pt-br\/termos-de-servico\/\" \/>\n<meta property=\"og:site_name\" content=\"Richmond Vale Academy\" \/>\n<meta property=\"article:publisher\" content=\"https:\/\/www.facebook.com\/RichmondValeAcademy\/\" \/>\n<meta property=\"article:modified_time\" content=\"2024-02-21T15:36:30+00:00\" \/>\n<meta property=\"og:image\" content=\"https:\/\/richmondvale.org\/wp-content\/uploads\/2023\/12\/RVA_SocialShareImage.jpg\" \/>\n\t<meta property=\"og:image:width\" content=\"1200\" \/>\n\t<meta property=\"og:image:height\" content=\"628\" \/>\n\t<meta property=\"og:image:type\" content=\"image\/jpeg\" \/>\n<meta name=\"twitter:card\" content=\"summary_large_image\" \/>\n<meta name=\"twitter:label1\" content=\"Est. tempo de leitura\" \/>\n\t<meta name=\"twitter:data1\" content=\"4 minutos\" \/>\n<script type=\"application\/ld+json\" class=\"yoast-schema-graph\">{\"@context\":\"https:\\\/\\\/schema.org\",\"@graph\":[{\"@type\":\"WebPage\",\"@id\":\"https:\\\/\\\/richmondvale.org\\\/pt-br\\\/termos-de-servico\\\/\",\"url\":\"https:\\\/\\\/richmondvale.org\\\/pt-br\\\/termos-de-servico\\\/\",\"name\":\"Termos de Servi\u00e7o - Richmond Vale Academy\",\"isPartOf\":{\"@id\":\"https:\\\/\\\/richmondvale.org\\\/pt-br\\\/#website\"},\"datePublished\":\"2022-04-05T19:48:46+00:00\",\"dateModified\":\"2024-02-21T15:36:30+00:00\",\"breadcrumb\":{\"@id\":\"https:\\\/\\\/richmondvale.org\\\/pt-br\\\/termos-de-servico\\\/#breadcrumb\"},\"inLanguage\":\"pt-BR\",\"potentialAction\":[{\"@type\":\"ReadAction\",\"target\":[\"https:\\\/\\\/richmondvale.org\\\/pt-br\\\/termos-de-servico\\\/\"]}]},{\"@type\":\"BreadcrumbList\",\"@id\":\"https:\\\/\\\/richmondvale.org\\\/pt-br\\\/termos-de-servico\\\/#breadcrumb\",\"itemListElement\":[{\"@type\":\"ListItem\",\"position\":1,\"name\":\"Home\",\"item\":\"https:\\\/\\\/richmondvale.org\\\/pt-br\\\/\"},{\"@type\":\"ListItem\",\"position\":2,\"name\":\"Termos de Servi\u00e7o\"}]},{\"@type\":\"WebSite\",\"@id\":\"https:\\\/\\\/richmondvale.org\\\/pt-br\\\/#website\",\"url\":\"https:\\\/\\\/richmondvale.org\\\/pt-br\\\/\",\"name\":\"Richmond Vale Academy\",\"description\":\"\",\"publisher\":{\"@id\":\"https:\\\/\\\/richmondvale.org\\\/pt-br\\\/#organization\"},\"potentialAction\":[{\"@type\":\"SearchAction\",\"target\":{\"@type\":\"EntryPoint\",\"urlTemplate\":\"https:\\\/\\\/richmondvale.org\\\/pt-br\\\/?s={search_term_string}\"},\"query-input\":{\"@type\":\"PropertyValueSpecification\",\"valueRequired\":true,\"valueName\":\"search_term_string\"}}],\"inLanguage\":\"pt-BR\"},{\"@type\":\"Organization\",\"@id\":\"https:\\\/\\\/richmondvale.org\\\/pt-br\\\/#organization\",\"name\":\"Richmond Vale Academy\",\"url\":\"https:\\\/\\\/richmondvale.org\\\/pt-br\\\/\",\"logo\":{\"@type\":\"ImageObject\",\"inLanguage\":\"pt-BR\",\"@id\":\"https:\\\/\\\/richmondvale.org\\\/pt-br\\\/#\\\/schema\\\/logo\\\/image\\\/\",\"url\":\"https:\\\/\\\/richmondvale.org\\\/wp-content\\\/uploads\\\/2023\\\/11\\\/rva-logo.png\",\"contentUrl\":\"https:\\\/\\\/richmondvale.org\\\/wp-content\\\/uploads\\\/2023\\\/11\\\/rva-logo.png\",\"width\":319,\"height\":92,\"caption\":\"Richmond Vale Academy\"},\"image\":{\"@id\":\"https:\\\/\\\/richmondvale.org\\\/pt-br\\\/#\\\/schema\\\/logo\\\/image\\\/\"},\"sameAs\":[\"https:\\\/\\\/www.facebook.com\\\/RichmondValeAcademy\\\/\",\"https:\\\/\\\/www.instagram.com\\\/richmondvaleacademy\\\/?hl=en\",\"https:\\\/\\\/www.youtube.com\\\/channel\\\/UC11Q4oA2N0YMVskaLNJGXSQ\",\"https:\\\/\\\/www.linkedin.com\\\/company\\\/richmond-vale-academy\\\/\"]}]}<\/script>\n<!-- \/ Yoast SEO Premium plugin. -->","yoast_head_json":{"title":"Termos de Servi\u00e7o - Richmond Vale Academy","robots":{"index":"index","follow":"follow","max-snippet":"max-snippet:-1","max-image-preview":"max-image-preview:large","max-video-preview":"max-video-preview:-1"},"canonical":"https:\/\/richmondvale.org\/pt-br\/termos-de-servico\/","og_locale":"pt_BR","og_type":"article","og_title":"Termos de Servi\u00e7o","og_description":"Termos de Servi\u00e7o Isen\u00e7\u00e3o de responsabilidade geral A Richmond Vale Academy faz um esfor\u00e7o concentrado para apresentar informa\u00e7\u00f5es precisas e confi\u00e1veis em nosso site. No entanto, trabalhamos com v\u00e1rios parceiros e n\u00e3o podemos certificar as informa\u00e7\u00f5es apresentadas nem garantir sua precis\u00e3o. A Richmond Vale Academy n\u00e3o garante que o Site ser\u00e1 ininterrupto, sem atrasos, sem... READ MORE","og_url":"https:\/\/richmondvale.org\/pt-br\/termos-de-servico\/","og_site_name":"Richmond Vale Academy","article_publisher":"https:\/\/www.facebook.com\/RichmondValeAcademy\/","article_modified_time":"2024-02-21T15:36:30+00:00","og_image":[{"width":1200,"height":628,"url":"https:\/\/richmondvale.org\/wp-content\/uploads\/2023\/12\/RVA_SocialShareImage.jpg","type":"image\/jpeg"}],"twitter_card":"summary_large_image","twitter_misc":{"Est. tempo de leitura":"4 minutos"},"schema":{"@context":"https:\/\/schema.org","@graph":[{"@type":"WebPage","@id":"https:\/\/richmondvale.org\/pt-br\/termos-de-servico\/","url":"https:\/\/richmondvale.org\/pt-br\/termos-de-servico\/","name":"Termos de Servi\u00e7o - Richmond Vale Academy","isPartOf":{"@id":"https:\/\/richmondvale.org\/pt-br\/#website"},"datePublished":"2022-04-05T19:48:46+00:00","dateModified":"2024-02-21T15:36:30+00:00","breadcrumb":{"@id":"https:\/\/richmondvale.org\/pt-br\/termos-de-servico\/#breadcrumb"},"inLanguage":"pt-BR","potentialAction":[{"@type":"ReadAction","target":["https:\/\/richmondvale.org\/pt-br\/termos-de-servico\/"]}]},{"@type":"BreadcrumbList","@id":"https:\/\/richmondvale.org\/pt-br\/termos-de-servico\/#breadcrumb","itemListElement":[{"@type":"ListItem","position":1,"name":"Home","item":"https:\/\/richmondvale.org\/pt-br\/"},{"@type":"ListItem","position":2,"name":"Termos de Servi\u00e7o"}]},{"@type":"WebSite","@id":"https:\/\/richmondvale.org\/pt-br\/#website","url":"https:\/\/richmondvale.org\/pt-br\/","name":"Richmond Vale Academy","description":"","publisher":{"@id":"https:\/\/richmondvale.org\/pt-br\/#organization"},"potentialAction":[{"@type":"SearchAction","target":{"@type":"EntryPoint","urlTemplate":"https:\/\/richmondvale.org\/pt-br\/?s={search_term_string}"},"query-input":{"@type":"PropertyValueSpecification","valueRequired":true,"valueName":"search_term_string"}}],"inLanguage":"pt-BR"},{"@type":"Organization","@id":"https:\/\/richmondvale.org\/pt-br\/#organization","name":"Richmond Vale Academy","url":"https:\/\/richmondvale.org\/pt-br\/","logo":{"@type":"ImageObject","inLanguage":"pt-BR","@id":"https:\/\/richmondvale.org\/pt-br\/#\/schema\/logo\/image\/","url":"https:\/\/richmondvale.org\/wp-content\/uploads\/2023\/11\/rva-logo.png","contentUrl":"https:\/\/richmondvale.org\/wp-content\/uploads\/2023\/11\/rva-logo.png","width":319,"height":92,"caption":"Richmond Vale Academy"},"image":{"@id":"https:\/\/richmondvale.org\/pt-br\/#\/schema\/logo\/image\/"},"sameAs":["https:\/\/www.facebook.com\/RichmondValeAcademy\/","https:\/\/www.instagram.com\/richmondvaleacademy\/?hl=en","https:\/\/www.youtube.com\/channel\/UC11Q4oA2N0YMVskaLNJGXSQ","https:\/\/www.linkedin.com\/company\/richmond-vale-academy\/"]}]}},"_links":{"self":[{"href":"https:\/\/richmondvale.org\/pt-br\/wp-json\/wp\/v2\/pages\/124003","targetHints":{"allow":["GET"]}}],"collection":[{"href":"https:\/\/richmondvale.org\/pt-br\/wp-json\/wp\/v2\/pages"}],"about":[{"href":"https:\/\/richmondvale.org\/pt-br\/wp-json\/wp\/v2\/types\/page"}],"author":[{"embeddable":true,"href":"https:\/\/richmondvale.org\/pt-br\/wp-json\/wp\/v2\/users\/3"}],"replies":[{"embeddable":true,"href":"https:\/\/richmondvale.org\/pt-br\/wp-json\/wp\/v2\/comments?post=124003"}],"version-history":[{"count":1,"href":"https:\/\/richmondvale.org\/pt-br\/wp-json\/wp\/v2\/pages\/124003\/revisions"}],"predecessor-version":[{"id":124020,"href":"https:\/\/richmondvale.org\/pt-br\/wp-json\/wp\/v2\/pages\/124003\/revisions\/124020"}],"wp:attachment":[{"href":"https:\/\/richmondvale.org\/pt-br\/wp-json\/wp\/v2\/media?parent=124003"}],"curies":[{"name":"wp","href":"https:\/\/api.w.org\/{rel}","templated":true}]}}