{"id":124922,"date":"2023-11-07T11:30:29","date_gmt":"2023-11-07T16:30:29","guid":{"rendered":"https:\/\/richmondvale.org\/impatto\/"},"modified":"2025-02-14T18:09:09","modified_gmt":"2025-02-14T23:09:09","slug":"impatto","status":"publish","type":"page","link":"https:\/\/richmondvale.org\/it\/impatto\/","title":{"rendered":"Impatto"},"content":{"rendered":"\t\t<div data-elementor-type=\"wp-page\" data-elementor-id=\"124922\" class=\"elementor elementor-124922 elementor-134\" data-elementor-post-type=\"page\">\n\t\t\t\t<div class=\"elementor-element elementor-element-417f75f e-con-full e-flex e-con e-parent\" data-id=\"417f75f\" data-element_type=\"container\" data-e-type=\"container\" data-settings=\"{&quot;background_background&quot;:&quot;classic&quot;}\">\n\t\t<div class=\"elementor-element elementor-element-1aa9f85d e-flex e-con-boxed e-con e-child\" data-id=\"1aa9f85d\" data-element_type=\"container\" data-e-type=\"container\">\n\t\t\t\t\t<div class=\"e-con-inner\">\n\t\t\t\t<div class=\"elementor-element elementor-element-ba7e801 elementor-widget-divider--view-line elementor-widget elementor-widget-divider\" data-id=\"ba7e801\" data-element_type=\"widget\" data-e-type=\"widget\" data-widget_type=\"divider.default\">\n\t\t\t\t<div class=\"elementor-widget-container\">\n\t\t\t\t\t\t\t<div class=\"elementor-divider\">\n\t\t\t<span class=\"elementor-divider-separator\">\n\t\t\t\t\t\t<\/span>\n\t\t<\/div>\n\t\t\t\t\t\t<\/div>\n\t\t\t\t<\/div>\n\t\t\t\t<div class=\"elementor-element elementor-element-6ba80232 elementor-widget elementor-widget-heading\" data-id=\"6ba80232\" data-element_type=\"widget\" data-e-type=\"widget\" data-widget_type=\"heading.default\">\n\t\t\t\t<div class=\"elementor-widget-container\">\n\t\t\t\t\t<h1 class=\"elementor-heading-title elementor-size-default\">Costruire insieme un futuro sostenibile su \n<\/h1>\t\t\t\t<\/div>\n\t\t\t\t<\/div>\n\t\t\t\t\t<\/div>\n\t\t\t\t<\/div>\n\t\t\t\t<div class=\"elementor-element elementor-element-39014b2b elementor-widget elementor-widget-heading\" data-id=\"39014b2b\" data-element_type=\"widget\" data-e-type=\"widget\" data-widget_type=\"heading.default\">\n\t\t\t\t<div class=\"elementor-widget-container\">\n\t\t\t\t\t<p class=\"elementor-heading-title elementor-size-default\">Scopri l'impatto globale dell'Accademia Richmond Vale \n<\/p>\t\t\t\t<\/div>\n\t\t\t\t<\/div>\n\t\t<div class=\"elementor-element elementor-element-4156f738 e-con-full e-flex e-con e-child\" data-id=\"4156f738\" data-element_type=\"container\" data-e-type=\"container\" data-settings=\"{&quot;background_background&quot;:&quot;classic&quot;,&quot;position&quot;:&quot;absolute&quot;}\">\n\t\t\t\t<div class=\"elementor-element elementor-element-44bbb879 elementor-widget elementor-widget-html\" data-id=\"44bbb879\" data-element_type=\"widget\" data-e-type=\"widget\" data-widget_type=\"html.default\">\n\t\t\t\t<div class=\"elementor-widget-container\">\n\t\t\t\t\t<div class=\"arrow wide-white\">&nbsp;<\/div>\t\t\t\t<\/div>\n\t\t\t\t<\/div>\n\t\t\t\t<\/div>\n\t\t\t\t<\/div>\n\t\t<div class=\"elementor-element elementor-element-d1569c9 e-flex e-con-boxed e-con e-parent\" data-id=\"d1569c9\" data-element_type=\"container\" data-e-type=\"container\">\n\t\t\t\t\t<div class=\"e-con-inner\">\n\t\t<div class=\"elementor-element elementor-element-e314567 e-con-full e-flex e-con e-child\" data-id=\"e314567\" data-element_type=\"container\" data-e-type=\"container\">\n\t\t\t\t<div class=\"elementor-element elementor-element-ea7f6fb elementor-widget elementor-widget-image\" data-id=\"ea7f6fb\" data-element_type=\"widget\" data-e-type=\"widget\" data-widget_type=\"image.default\">\n\t\t\t\t<div class=\"elementor-widget-container\">\n\t\t\t\t\t\t\t\t\t\t\t\t\t\t\t<img fetchpriority=\"high\" decoding=\"async\" width=\"721\" height=\"453\" src=\"https:\/\/richmondvale.org\/wp-content\/uploads\/2023\/12\/impact-group.jpg\" class=\"attachment-large size-large wp-image-1009\" alt=\"Impact Group\" srcset=\"https:\/\/richmondvale.org\/wp-content\/uploads\/2023\/12\/impact-group.jpg 721w, https:\/\/richmondvale.org\/wp-content\/uploads\/2023\/12\/impact-group-300x188.jpg 300w\" sizes=\"(max-width: 721px) 100vw, 721px\" \/>\t\t\t\t\t\t\t\t\t\t\t\t\t\t\t<\/div>\n\t\t\t\t<\/div>\n\t\t\t\t<\/div>\n\t\t<div class=\"elementor-element elementor-element-15215ab e-con-full e-flex e-con e-child\" data-id=\"15215ab\" data-element_type=\"container\" data-e-type=\"container\">\n\t\t\t\t<div class=\"elementor-element elementor-element-7606071 elementor-widget elementor-widget-heading\" data-id=\"7606071\" data-element_type=\"widget\" data-e-type=\"widget\" data-widget_type=\"heading.default\">\n\t\t\t\t<div class=\"elementor-widget-container\">\n\t\t\t\t\t<h2 class=\"elementor-heading-title elementor-size-default\">Saint Vincent e Grenadine\n<\/h2>\t\t\t\t<\/div>\n\t\t\t\t<\/div>\n\t\t\t\t<div class=\"elementor-element elementor-element-5ae10e7 elementor-widget elementor-widget-text-editor\" data-id=\"5ae10e7\" data-element_type=\"widget\" data-e-type=\"widget\" data-widget_type=\"text-editor.default\">\n\t\t\t\t<div class=\"elementor-widget-container\">\n\t\t\t\t\t\t\t\t\t<p>\u00e8 uno dei paesi pi\u00f9 colpiti dal cambiamento climatico globale. Situata nei Caraibi, questa piccola nazione insulare subisce gli effetti devastanti di un vulcano attivo, di uragani e di altri disastri naturali. <\/p>\n<p>Per questo motivo, molte persone vivono in aree rurali e impoverite. A causa dell&#8217;invecchiamento della popolazione agricola, il Paese si affida al commercio internazionale per il 35% dell&#8217;approvvigionamento alimentare nazionale. Il Paese dipende anche dall&#8217;importazione di combustibili fossili per la produzione di elettricit\u00e0, i trasporti e la cucina.  <\/p>\n<p>Sin dall&#8217;apertura delle porte nel 2007, la Richmond Vale Academy si \u00e8 posta come missione quella di aiutare le comunit\u00e0 locali costruendo un futuro pi\u00f9 sostenibile per St Vincent e Grenadine.<\/p>\n\t\t\t\t\t\t\t\t<\/div>\n\t\t\t\t<\/div>\n\t\t\t\t<\/div>\n\t\t\t\t\t<\/div>\n\t\t\t\t<\/div>\n\t\t<div class=\"elementor-element elementor-element-820a329 e-flex e-con-boxed e-con e-parent\" data-id=\"820a329\" data-element_type=\"container\" data-e-type=\"container\" data-settings=\"{&quot;background_background&quot;:&quot;classic&quot;}\">\n\t\t\t\t\t<div class=\"e-con-inner\">\n\t\t<div class=\"elementor-element elementor-element-dad471e e-con-full e-flex e-con e-child\" data-id=\"dad471e\" data-element_type=\"container\" data-e-type=\"container\">\n\t\t\t\t<div class=\"elementor-element elementor-element-323c2f9 elementor-widget-divider--view-line elementor-widget elementor-widget-divider\" data-id=\"323c2f9\" data-element_type=\"widget\" data-e-type=\"widget\" data-widget_type=\"divider.default\">\n\t\t\t\t<div class=\"elementor-widget-container\">\n\t\t\t\t\t\t\t<div class=\"elementor-divider\">\n\t\t\t<span class=\"elementor-divider-separator\">\n\t\t\t\t\t\t<\/span>\n\t\t<\/div>\n\t\t\t\t\t\t<\/div>\n\t\t\t\t<\/div>\n\t\t\t\t<div class=\"elementor-element elementor-element-6ce967d elementor-widget elementor-widget-heading\" data-id=\"6ce967d\" data-element_type=\"widget\" data-e-type=\"widget\" data-widget_type=\"heading.default\">\n\t\t\t\t<div class=\"elementor-widget-container\">\n\t\t\t\t\t<h2 class=\"elementor-heading-title elementor-size-default\">La nostra missione in numeri<\/h2>\t\t\t\t<\/div>\n\t\t\t\t<\/div>\n\t\t<div class=\"elementor-element elementor-element-e61e9df e-flex e-con-boxed e-con e-child\" data-id=\"e61e9df\" data-element_type=\"container\" data-e-type=\"container\">\n\t\t\t\t\t<div class=\"e-con-inner\">\n\t\t\t\t<div class=\"elementor-element elementor-element-1539409 elementor-widget elementor-widget-heading\" data-id=\"1539409\" data-element_type=\"widget\" data-e-type=\"widget\" data-widget_type=\"heading.default\">\n\t\t\t\t<div class=\"elementor-widget-container\">\n\t\t\t\t\t<h2 class=\"elementor-heading-title elementor-size-default\">Sulle spiagge<\/h2>\t\t\t\t<\/div>\n\t\t\t\t<\/div>\n\t\t\t\t<div class=\"elementor-element elementor-element-d7aa85e elementor-widget elementor-widget-text-editor\" data-id=\"d7aa85e\" data-element_type=\"widget\" data-e-type=\"widget\" data-widget_type=\"text-editor.default\">\n\t\t\t\t<div class=\"elementor-widget-container\">\n\t\t\t\t\t\t\t\t\t<p><strong>30.000+<\/strong> alberi piantati lungo la costa<br \/><strong>30+<\/strong> tonnellate di rifiuti raccolti dalle spiagge<br \/><strong>40.000+<\/strong> bottiglie raccolte e riciclate<\/p>\n\t\t\t\t\t\t\t\t<\/div>\n\t\t\t\t<\/div>\n\t\t\t\t\t<\/div>\n\t\t\t\t<\/div>\n\t\t<div class=\"elementor-element elementor-element-e23f8ee e-flex e-con-boxed e-con e-child\" data-id=\"e23f8ee\" data-element_type=\"container\" data-e-type=\"container\">\n\t\t\t\t\t<div class=\"e-con-inner\">\n\t\t\t\t<div class=\"elementor-element elementor-element-0dae8d2 elementor-widget elementor-widget-heading\" data-id=\"0dae8d2\" data-element_type=\"widget\" data-e-type=\"widget\" data-widget_type=\"heading.default\">\n\t\t\t\t<div class=\"elementor-widget-container\">\n\t\t\t\t\t<h2 class=\"elementor-heading-title elementor-size-default\">Nella comunit\u00e0<\/h2>\t\t\t\t<\/div>\n\t\t\t\t<\/div>\n\t\t\t\t<div class=\"elementor-element elementor-element-7fbf5f2 elementor-widget elementor-widget-text-editor\" data-id=\"7fbf5f2\" data-element_type=\"widget\" data-e-type=\"widget\" data-widget_type=\"text-editor.default\">\n\t\t\t\t<div class=\"elementor-widget-container\">\n\t\t\t\t\t\t\t\t\t<p><strong>80+<\/strong> Orti domestici costruiti durante la pandemia COVID-19<br \/><strong>30.000+<\/strong> Articoli di abbigliamento distribuiti durante un&#8217;eruzione vulcanica del 2021<br \/><strong>40.000+<\/strong> Libbre di mangime consegnate agli agricoltori locali durante l&#8217;eruzione vulcanica del 2021<\/p>\n\t\t\t\t\t\t\t\t<\/div>\n\t\t\t\t<\/div>\n\t\t\t\t\t<\/div>\n\t\t\t\t<\/div>\n\t\t<div class=\"elementor-element elementor-element-f7e8908 e-flex e-con-boxed e-con e-child\" data-id=\"f7e8908\" data-element_type=\"container\" data-e-type=\"container\">\n\t\t\t\t\t<div class=\"e-con-inner\">\n\t\t\t\t<div class=\"elementor-element elementor-element-dd5cfbc elementor-widget elementor-widget-heading\" data-id=\"dd5cfbc\" data-element_type=\"widget\" data-e-type=\"widget\" data-widget_type=\"heading.default\">\n\t\t\t\t<div class=\"elementor-widget-container\">\n\t\t\t\t\t<h2 class=\"elementor-heading-title elementor-size-default\">All'Accademia\n<\/h2>\t\t\t\t<\/div>\n\t\t\t\t<\/div>\n\t\t\t\t<div class=\"elementor-element elementor-element-06271a5 elementor-widget elementor-widget-text-editor\" data-id=\"06271a5\" data-element_type=\"widget\" data-e-type=\"widget\" data-widget_type=\"text-editor.default\">\n\t\t\t\t<div class=\"elementor-widget-container\">\n\t\t\t\t\t\t\t\t\t<p><strong>Un<\/strong> Centro Climatico costruito per insegnare l&#8217;importanza della sostenibilit\u00e0<br \/><strong>120<\/strong> Pannelli Solari installati per raccogliere energia rinnovabile<br \/><strong>Quattro<\/strong> serbatoi d&#8217;acqua da 1000 galloni assemblati per raccogliere l&#8217;acqua piovana per la struttura.<\/p>\n\t\t\t\t\t\t\t\t<\/div>\n\t\t\t\t<\/div>\n\t\t\t\t\t<\/div>\n\t\t\t\t<\/div>\n\t\t\t\t<\/div>\n\t\t<div class=\"elementor-element elementor-element-75224c5 e-con-full e-flex e-con e-child\" data-id=\"75224c5\" data-element_type=\"container\" data-e-type=\"container\">\n\t\t\t\t<\/div>\n\t\t\t\t\t<\/div>\n\t\t\t\t<\/div>\n\t\t<div class=\"elementor-element elementor-element-b2d35da e-flex e-con-boxed e-con e-parent\" data-id=\"b2d35da\" data-element_type=\"container\" data-e-type=\"container\" data-settings=\"{&quot;background_background&quot;:&quot;classic&quot;}\">\n\t\t\t\t\t<div class=\"e-con-inner\">\n\t\t<div class=\"elementor-element elementor-element-0357292 e-con-full e-flex e-con e-child\" data-id=\"0357292\" data-element_type=\"container\" data-e-type=\"container\">\n\t\t\t\t<div class=\"elementor-element elementor-element-fd80dc9 elementor-widget elementor-widget-image\" data-id=\"fd80dc9\" data-element_type=\"widget\" data-e-type=\"widget\" data-widget_type=\"image.default\">\n\t\t\t\t<div class=\"elementor-widget-container\">\n\t\t\t\t\t\t\t\t\t\t\t\t\t\t\t<img decoding=\"async\" width=\"786\" height=\"559\" src=\"https:\/\/richmondvale.org\/wp-content\/uploads\/2023\/12\/impact-collage.jpg\" class=\"attachment-large size-large wp-image-1015\" alt=\"Impact Collage\" srcset=\"https:\/\/richmondvale.org\/wp-content\/uploads\/2023\/12\/impact-collage.jpg 786w, https:\/\/richmondvale.org\/wp-content\/uploads\/2023\/12\/impact-collage-300x213.jpg 300w, https:\/\/richmondvale.org\/wp-content\/uploads\/2023\/12\/impact-collage-768x546.jpg 768w\" sizes=\"(max-width: 786px) 100vw, 786px\" \/>\t\t\t\t\t\t\t\t\t\t\t\t\t\t\t<\/div>\n\t\t\t\t<\/div>\n\t\t\t\t<\/div>\n\t\t<div class=\"elementor-element elementor-element-c725707 e-con-full e-flex e-con e-child\" data-id=\"c725707\" data-element_type=\"container\" data-e-type=\"container\">\n\t\t\t\t<div class=\"elementor-element elementor-element-c394f7f elementor-widget-divider--view-line elementor-widget elementor-widget-divider\" data-id=\"c394f7f\" data-element_type=\"widget\" data-e-type=\"widget\" data-widget_type=\"divider.default\">\n\t\t\t\t<div class=\"elementor-widget-container\">\n\t\t\t\t\t\t\t<div class=\"elementor-divider\">\n\t\t\t<span class=\"elementor-divider-separator\">\n\t\t\t\t\t\t<\/span>\n\t\t<\/div>\n\t\t\t\t\t\t<\/div>\n\t\t\t\t<\/div>\n\t\t\t\t<div class=\"elementor-element elementor-element-c96e1d9 elementor-widget elementor-widget-heading\" data-id=\"c96e1d9\" data-element_type=\"widget\" data-e-type=\"widget\" data-widget_type=\"heading.default\">\n\t\t\t\t<div class=\"elementor-widget-container\">\n\t\t\t\t\t<h2 class=\"elementor-heading-title elementor-size-default\">FARE LA DIFFERENZA<\/h2>\t\t\t\t<\/div>\n\t\t\t\t<\/div>\n\t\t\t\t<div class=\"elementor-element elementor-element-9a4cbb2 elementor-widget elementor-widget-heading\" data-id=\"9a4cbb2\" data-element_type=\"widget\" data-e-type=\"widget\" data-widget_type=\"heading.default\">\n\t\t\t\t<div class=\"elementor-widget-container\">\n\t\t\t\t\t<h2 class=\"elementor-heading-title elementor-size-default\">Il tuo impatto<\/h2>\t\t\t\t<\/div>\n\t\t\t\t<\/div>\n\t\t\t\t<div class=\"elementor-element elementor-element-fd90975 elementor-widget elementor-widget-text-editor\" data-id=\"fd90975\" data-element_type=\"widget\" data-e-type=\"widget\" data-widget_type=\"text-editor.default\">\n\t\t\t\t<div class=\"elementor-widget-container\">\n\t\t\t\t\t\t\t\t\t<p>Come studente della Richmond Vale Academy, avrai l&#8217;opportunit\u00e0 unica di conoscere gli effetti negativi del cambiamento climatico globale e di fare esperienza diretta nell&#8217;aiutare coloro che ne sono maggiormente colpiti. I nostri studenti finiscono ogni giorno sapendo che il lavoro svolto ha un impatto duraturo sulla vita delle persone di Saint Vincent e Grenadine. <\/p>\n<p>Lascia il tuo segno nel mondo e scopri come puoi contribuire a fare la differenza.<\/p>\n\t\t\t\t\t\t\t\t<\/div>\n\t\t\t\t<\/div>\n\t\t\t\t<div class=\"elementor-element elementor-element-4329aa4 elementor-align-left elementor-widget elementor-widget-button\" data-id=\"4329aa4\" data-element_type=\"widget\" data-e-type=\"widget\" data-widget_type=\"button.default\">\n\t\t\t\t<div class=\"elementor-widget-container\">\n\t\t\t\t\t\t\t\t\t<div class=\"elementor-button-wrapper\">\n\t\t\t\t\t<a class=\"elementor-button elementor-button-link elementor-size-lg\" href=\"https:\/\/richmondvale.org\/volunteer-abroad\/\">\n\t\t\t\t\t\t<span class=\"elementor-button-content-wrapper\">\n\t\t\t\t\t\t\t\t\t<span class=\"elementor-button-text\">Volontario oggi<\/span>\n\t\t\t\t\t<\/span>\n\t\t\t\t\t<\/a>\n\t\t\t\t<\/div>\n\t\t\t\t\t\t\t\t<\/div>\n\t\t\t\t<\/div>\n\t\t\t\t<\/div>\n\t\t\t\t\t<\/div>\n\t\t\t\t<\/div>\n\t\t\t\t<\/div>\n\t\t","protected":false},"excerpt":{"rendered":"<p>Costruire insieme un futuro sostenibile su Scopri l&#8217;impatto globale dell&#8217;Accademia Richmond Vale &nbsp; Saint Vincent e Grenadine \u00e8 uno dei paesi pi\u00f9 colpiti dal cambiamento climatico globale. Situata nei Caraibi, questa piccola nazione insulare subisce gli effetti devastanti di un vulcano attivo, di uragani e di altri disastri naturali. Per questo motivo, molte persone vivono&#8230; <a href=\"https:\/\/richmondvale.org\/it\/impatto\/\" class=\"read-more-link\">READ MORE <i class=\"fa fa-caret-right\" aria-hidden=\"true\"><\/i><\/a><\/p>\n","protected":false},"author":3,"featured_media":0,"parent":0,"menu_order":0,"comment_status":"closed","ping_status":"closed","template":"","meta":{"_acf_changed":false,"_monsterinsights_skip_tracking":false,"_monsterinsights_sitenote_active":false,"_monsterinsights_sitenote_note":"","_monsterinsights_sitenote_category":0,"ngg_post_thumbnail":0,"footnotes":""},"class_list":["post-124922","page","type-page","status-publish","hentry"],"acf":[],"yoast_head":"<!-- This site is optimized with the Yoast SEO Premium plugin v27.5 (Yoast SEO v27.5) - https:\/\/yoast.com\/product\/yoast-seo-premium-wordpress\/ -->\n<title>Il nostro impatto sulla comunit\u00e0<\/title>\n<meta name=\"description\" content=\"Scopri come il lavoro che la Richmond Vale Academy svolge ogni giorno nella piccola nazione caraibica di St Vincent e Grenadine abbia un grande impatto sull&#039;ambiente.\" \/>\n<meta name=\"robots\" content=\"index, follow, max-snippet:-1, max-image-preview:large, max-video-preview:-1\" \/>\n<link rel=\"canonical\" href=\"https:\/\/richmondvale.org\/it\/impatto\/\" \/>\n<meta property=\"og:locale\" content=\"it_IT\" \/>\n<meta property=\"og:type\" content=\"article\" \/>\n<meta property=\"og:title\" content=\"Il nostro impatto sulla comunit\u00e0\" \/>\n<meta property=\"og:description\" content=\"Scopri come il lavoro che la Richmond Vale Academy svolge ogni giorno nella piccola nazione caraibica di St Vincent e Grenadine abbia un grande impatto sull&#039;ambiente.\" \/>\n<meta property=\"og:url\" content=\"https:\/\/richmondvale.org\/it\/impatto\/\" \/>\n<meta property=\"og:site_name\" content=\"Richmond Vale Academy\" \/>\n<meta property=\"article:publisher\" content=\"https:\/\/www.facebook.com\/RichmondValeAcademy\/\" \/>\n<meta property=\"article:modified_time\" content=\"2025-02-14T23:09:09+00:00\" \/>\n<meta property=\"og:image\" content=\"https:\/\/richmondvale.org\/wp-content\/uploads\/2023\/12\/impact-group.jpg\" \/>\n\t<meta property=\"og:image:width\" content=\"721\" \/>\n\t<meta property=\"og:image:height\" content=\"453\" \/>\n\t<meta property=\"og:image:type\" content=\"image\/jpeg\" \/>\n<meta name=\"twitter:card\" content=\"summary_large_image\" \/>\n<meta name=\"twitter:title\" content=\"Il nostro impatto sulla comunit\u00e0\" \/>\n<meta name=\"twitter:description\" content=\"Scopri come il lavoro che la Richmond Vale Academy svolge ogni giorno nella piccola nazione caraibica di St Vincent e Grenadine abbia un grande impatto sull&#039;ambiente.\" \/>\n<meta name=\"twitter:label1\" content=\"Tempo di lettura stimato\" \/>\n\t<meta name=\"twitter:data1\" content=\"1 minuto\" \/>\n<script type=\"application\/ld+json\" class=\"yoast-schema-graph\">{\"@context\":\"https:\\\/\\\/schema.org\",\"@graph\":[{\"@type\":\"WebPage\",\"@id\":\"https:\\\/\\\/richmondvale.org\\\/it\\\/impatto\\\/\",\"url\":\"https:\\\/\\\/richmondvale.org\\\/it\\\/impatto\\\/\",\"name\":\"Il nostro impatto sulla comunit\u00e0\",\"isPartOf\":{\"@id\":\"https:\\\/\\\/richmondvale.org\\\/it\\\/#website\"},\"primaryImageOfPage\":{\"@id\":\"https:\\\/\\\/richmondvale.org\\\/it\\\/impatto\\\/#primaryimage\"},\"image\":{\"@id\":\"https:\\\/\\\/richmondvale.org\\\/it\\\/impatto\\\/#primaryimage\"},\"thumbnailUrl\":\"https:\\\/\\\/richmondvale.org\\\/wp-content\\\/uploads\\\/2023\\\/12\\\/impact-group.jpg\",\"datePublished\":\"2023-11-07T16:30:29+00:00\",\"dateModified\":\"2025-02-14T23:09:09+00:00\",\"description\":\"Scopri come il lavoro che la Richmond Vale Academy svolge ogni giorno nella piccola nazione caraibica di St Vincent e Grenadine abbia un grande impatto sull'ambiente.\",\"breadcrumb\":{\"@id\":\"https:\\\/\\\/richmondvale.org\\\/it\\\/impatto\\\/#breadcrumb\"},\"inLanguage\":\"it-IT\",\"potentialAction\":[{\"@type\":\"ReadAction\",\"target\":[\"https:\\\/\\\/richmondvale.org\\\/it\\\/impatto\\\/\"]}]},{\"@type\":\"ImageObject\",\"inLanguage\":\"it-IT\",\"@id\":\"https:\\\/\\\/richmondvale.org\\\/it\\\/impatto\\\/#primaryimage\",\"url\":\"https:\\\/\\\/richmondvale.org\\\/wp-content\\\/uploads\\\/2023\\\/12\\\/impact-group.jpg\",\"contentUrl\":\"https:\\\/\\\/richmondvale.org\\\/wp-content\\\/uploads\\\/2023\\\/12\\\/impact-group.jpg\"},{\"@type\":\"BreadcrumbList\",\"@id\":\"https:\\\/\\\/richmondvale.org\\\/it\\\/impatto\\\/#breadcrumb\",\"itemListElement\":[{\"@type\":\"ListItem\",\"position\":1,\"name\":\"Home\",\"item\":\"https:\\\/\\\/richmondvale.org\\\/it\\\/\"},{\"@type\":\"ListItem\",\"position\":2,\"name\":\"Impatto\"}]},{\"@type\":\"WebSite\",\"@id\":\"https:\\\/\\\/richmondvale.org\\\/it\\\/#website\",\"url\":\"https:\\\/\\\/richmondvale.org\\\/it\\\/\",\"name\":\"Richmond Vale Academy\",\"description\":\"\",\"publisher\":{\"@id\":\"https:\\\/\\\/richmondvale.org\\\/it\\\/#organization\"},\"potentialAction\":[{\"@type\":\"SearchAction\",\"target\":{\"@type\":\"EntryPoint\",\"urlTemplate\":\"https:\\\/\\\/richmondvale.org\\\/it\\\/?s={search_term_string}\"},\"query-input\":{\"@type\":\"PropertyValueSpecification\",\"valueRequired\":true,\"valueName\":\"search_term_string\"}}],\"inLanguage\":\"it-IT\"},{\"@type\":\"Organization\",\"@id\":\"https:\\\/\\\/richmondvale.org\\\/it\\\/#organization\",\"name\":\"Richmond Vale Academy\",\"url\":\"https:\\\/\\\/richmondvale.org\\\/it\\\/\",\"logo\":{\"@type\":\"ImageObject\",\"inLanguage\":\"it-IT\",\"@id\":\"https:\\\/\\\/richmondvale.org\\\/it\\\/#\\\/schema\\\/logo\\\/image\\\/\",\"url\":\"https:\\\/\\\/richmondvale.org\\\/wp-content\\\/uploads\\\/2023\\\/11\\\/rva-logo.png\",\"contentUrl\":\"https:\\\/\\\/richmondvale.org\\\/wp-content\\\/uploads\\\/2023\\\/11\\\/rva-logo.png\",\"width\":319,\"height\":92,\"caption\":\"Richmond Vale Academy\"},\"image\":{\"@id\":\"https:\\\/\\\/richmondvale.org\\\/it\\\/#\\\/schema\\\/logo\\\/image\\\/\"},\"sameAs\":[\"https:\\\/\\\/www.facebook.com\\\/RichmondValeAcademy\\\/\",\"https:\\\/\\\/www.instagram.com\\\/richmondvaleacademy\\\/?hl=en\",\"https:\\\/\\\/www.youtube.com\\\/channel\\\/UC11Q4oA2N0YMVskaLNJGXSQ\",\"https:\\\/\\\/www.linkedin.com\\\/company\\\/richmond-vale-academy\\\/\"]}]}<\/script>\n<!-- \/ Yoast SEO Premium plugin. -->","yoast_head_json":{"title":"Il nostro impatto sulla comunit\u00e0","description":"Scopri come il lavoro che la Richmond Vale Academy svolge ogni giorno nella piccola nazione caraibica di St Vincent e Grenadine abbia un grande impatto sull'ambiente.","robots":{"index":"index","follow":"follow","max-snippet":"max-snippet:-1","max-image-preview":"max-image-preview:large","max-video-preview":"max-video-preview:-1"},"canonical":"https:\/\/richmondvale.org\/it\/impatto\/","og_locale":"it_IT","og_type":"article","og_title":"Il nostro impatto sulla comunit\u00e0","og_description":"Scopri come il lavoro che la Richmond Vale Academy svolge ogni giorno nella piccola nazione caraibica di St Vincent e Grenadine abbia un grande impatto sull'ambiente.","og_url":"https:\/\/richmondvale.org\/it\/impatto\/","og_site_name":"Richmond Vale Academy","article_publisher":"https:\/\/www.facebook.com\/RichmondValeAcademy\/","article_modified_time":"2025-02-14T23:09:09+00:00","og_image":[{"width":721,"height":453,"url":"https:\/\/richmondvale.org\/wp-content\/uploads\/2023\/12\/impact-group.jpg","type":"image\/jpeg"}],"twitter_card":"summary_large_image","twitter_title":"Il nostro impatto sulla comunit\u00e0","twitter_description":"Scopri come il lavoro che la Richmond Vale Academy svolge ogni giorno nella piccola nazione caraibica di St Vincent e Grenadine abbia un grande impatto sull'ambiente.","twitter_misc":{"Tempo di lettura stimato":"1 minuto"},"schema":{"@context":"https:\/\/schema.org","@graph":[{"@type":"WebPage","@id":"https:\/\/richmondvale.org\/it\/impatto\/","url":"https:\/\/richmondvale.org\/it\/impatto\/","name":"Il nostro impatto sulla comunit\u00e0","isPartOf":{"@id":"https:\/\/richmondvale.org\/it\/#website"},"primaryImageOfPage":{"@id":"https:\/\/richmondvale.org\/it\/impatto\/#primaryimage"},"image":{"@id":"https:\/\/richmondvale.org\/it\/impatto\/#primaryimage"},"thumbnailUrl":"https:\/\/richmondvale.org\/wp-content\/uploads\/2023\/12\/impact-group.jpg","datePublished":"2023-11-07T16:30:29+00:00","dateModified":"2025-02-14T23:09:09+00:00","description":"Scopri come il lavoro che la Richmond Vale Academy svolge ogni giorno nella piccola nazione caraibica di St Vincent e Grenadine abbia un grande impatto sull'ambiente.","breadcrumb":{"@id":"https:\/\/richmondvale.org\/it\/impatto\/#breadcrumb"},"inLanguage":"it-IT","potentialAction":[{"@type":"ReadAction","target":["https:\/\/richmondvale.org\/it\/impatto\/"]}]},{"@type":"ImageObject","inLanguage":"it-IT","@id":"https:\/\/richmondvale.org\/it\/impatto\/#primaryimage","url":"https:\/\/richmondvale.org\/wp-content\/uploads\/2023\/12\/impact-group.jpg","contentUrl":"https:\/\/richmondvale.org\/wp-content\/uploads\/2023\/12\/impact-group.jpg"},{"@type":"BreadcrumbList","@id":"https:\/\/richmondvale.org\/it\/impatto\/#breadcrumb","itemListElement":[{"@type":"ListItem","position":1,"name":"Home","item":"https:\/\/richmondvale.org\/it\/"},{"@type":"ListItem","position":2,"name":"Impatto"}]},{"@type":"WebSite","@id":"https:\/\/richmondvale.org\/it\/#website","url":"https:\/\/richmondvale.org\/it\/","name":"Richmond Vale Academy","description":"","publisher":{"@id":"https:\/\/richmondvale.org\/it\/#organization"},"potentialAction":[{"@type":"SearchAction","target":{"@type":"EntryPoint","urlTemplate":"https:\/\/richmondvale.org\/it\/?s={search_term_string}"},"query-input":{"@type":"PropertyValueSpecification","valueRequired":true,"valueName":"search_term_string"}}],"inLanguage":"it-IT"},{"@type":"Organization","@id":"https:\/\/richmondvale.org\/it\/#organization","name":"Richmond Vale Academy","url":"https:\/\/richmondvale.org\/it\/","logo":{"@type":"ImageObject","inLanguage":"it-IT","@id":"https:\/\/richmondvale.org\/it\/#\/schema\/logo\/image\/","url":"https:\/\/richmondvale.org\/wp-content\/uploads\/2023\/11\/rva-logo.png","contentUrl":"https:\/\/richmondvale.org\/wp-content\/uploads\/2023\/11\/rva-logo.png","width":319,"height":92,"caption":"Richmond Vale Academy"},"image":{"@id":"https:\/\/richmondvale.org\/it\/#\/schema\/logo\/image\/"},"sameAs":["https:\/\/www.facebook.com\/RichmondValeAcademy\/","https:\/\/www.instagram.com\/richmondvaleacademy\/?hl=en","https:\/\/www.youtube.com\/channel\/UC11Q4oA2N0YMVskaLNJGXSQ","https:\/\/www.linkedin.com\/company\/richmond-vale-academy\/"]}]}},"_links":{"self":[{"href":"https:\/\/richmondvale.org\/it\/wp-json\/wp\/v2\/pages\/124922","targetHints":{"allow":["GET"]}}],"collection":[{"href":"https:\/\/richmondvale.org\/it\/wp-json\/wp\/v2\/pages"}],"about":[{"href":"https:\/\/richmondvale.org\/it\/wp-json\/wp\/v2\/types\/page"}],"author":[{"embeddable":true,"href":"https:\/\/richmondvale.org\/it\/wp-json\/wp\/v2\/users\/3"}],"replies":[{"embeddable":true,"href":"https:\/\/richmondvale.org\/it\/wp-json\/wp\/v2\/comments?post=124922"}],"version-history":[{"count":1,"href":"https:\/\/richmondvale.org\/it\/wp-json\/wp\/v2\/pages\/124922\/revisions"}],"predecessor-version":[{"id":124923,"href":"https:\/\/richmondvale.org\/it\/wp-json\/wp\/v2\/pages\/124922\/revisions\/124923"}],"wp:attachment":[{"href":"https:\/\/richmondvale.org\/it\/wp-json\/wp\/v2\/media?parent=124922"}],"curies":[{"name":"wp","href":"https:\/\/api.w.org\/{rel}","templated":true}]}}