{"id":124901,"date":"2022-04-05T15:48:46","date_gmt":"2022-04-05T19:48:46","guid":{"rendered":"https:\/\/richmondvale.org\/termini-di-servizio\/"},"modified":"2025-02-14T18:09:05","modified_gmt":"2025-02-14T23:09:05","slug":"termini-di-servizio","status":"publish","type":"page","link":"https:\/\/richmondvale.org\/it\/termini-di-servizio\/","title":{"rendered":"Termini di servizio"},"content":{"rendered":"\t\t<div data-elementor-type=\"wp-page\" data-elementor-id=\"124901\" class=\"elementor elementor-124901 elementor-57\" data-elementor-post-type=\"page\">\n\t\t\t\t<div class=\"elementor-element elementor-element-7111923 e-flex e-con-boxed e-con e-parent\" data-id=\"7111923\" data-element_type=\"container\" data-e-type=\"container\">\n\t\t\t\t\t<div class=\"e-con-inner\">\n\t\t<div class=\"elementor-element elementor-element-2486d25 e-con-full e-flex e-con e-child\" data-id=\"2486d25\" data-element_type=\"container\" data-e-type=\"container\">\n\t\t\t\t<\/div>\n\t\t<div class=\"elementor-element elementor-element-769b784 e-con-full e-flex e-con e-child\" data-id=\"769b784\" data-element_type=\"container\" data-e-type=\"container\">\n\t\t\t\t<div class=\"elementor-element elementor-element-86dc0fa elementor-widget elementor-widget-heading\" data-id=\"86dc0fa\" data-element_type=\"widget\" data-e-type=\"widget\" data-widget_type=\"heading.default\">\n\t\t\t\t<div class=\"elementor-widget-container\">\n\t\t\t\t\t<h2 class=\"elementor-heading-title elementor-size-default\">Termini di servizio<\/h2>\t\t\t\t<\/div>\n\t\t\t\t<\/div>\n\t\t\t\t<div class=\"elementor-element elementor-element-6bb36b3 elementor-widget elementor-widget-text-editor\" data-id=\"6bb36b3\" data-element_type=\"widget\" data-e-type=\"widget\" data-widget_type=\"text-editor.default\">\n\t\t\t\t<div class=\"elementor-widget-container\">\n\t\t\t\t\t\t\t\t\t<h4>Disclaimer generale<\/h4>\n<p>La Richmond Vale Academy si impegna al massimo per presentare informazioni accurate e affidabili sul nostro sito web. Tuttavia, collaboriamo con diversi partner e non possiamo certificare le informazioni presentate o garantirne l&#8217;accuratezza. <\/p>\n<p>La Richmond Vale Academy non garantisce o assicura che il Sito sia ininterrotto, senza ritardi, senza errori, senza omissioni o privo di virus. Pertanto, le informazioni sono fornite &#8220;cos\u00ec come sono&#8221; senza garanzie di alcun tipo, espresse o implicite, tra cui l&#8217;accuratezza, la tempestivit\u00e0 e la completezza. In nessun caso la Richmond Vale Academy, o i rispettivi partner, committenti, agenti o dipendenti, potranno essere ritenuti responsabili per danni diretti, indiretti, incidentali, speciali, esemplari, punitivi, consequenziali o di altro tipo (inclusa, a titolo esemplificativo ma non esaustivo, la responsabilit\u00e0 per la perdita di uso, dati o profitti), a prescindere dalla forma di qualsiasi azione, inclusi, a titolo esemplificativo ma non esaustivo, contratto, negligenza o altre azioni illecite, derivanti da o in relazione al Sito, a qualsiasi contenuto presente sul Sito o a cui si accede tramite l&#8217;uso del Sito, o a qualsiasi copia, visualizzazione o altro uso.  <\/p>\n<p>Il riferimento a qualsiasi individuo, organizzazione, prodotto o servizio all&#8217;interno di questo sito web non implica l&#8217;approvazione della Richmond Vale Academy, a meno che non sia espressamente indicato.<\/p>\n<p>La Richmond Vale Academy non si assume alcuna responsabilit\u00e0 per le conseguenze derivanti dall&#8217;uso delle informazioni contenute nelle pagine del sito o ottenute da siti esterni collegati.<\/p>\n<h4>Stato legale<\/h4>\n<p>La Richmond Vale Academy, (RVA) \u00e8 stata fondata come societ\u00e0 senza scopo di lucro a St Vincent e Grenadine nel 2002. Il numero di registrazione \u00e8 147 del 2002. Il numero di identificazione del datore di lavoro \u00e8 661273.  <\/p>\n<h4><strong>ACCORDO CON L&#8217;UTENTE<\/strong><\/h4>\n<h4>Condizioni d&#8217;uso<\/h4>\n<p>Utilizzando questo sito della Richmond Vale Academy o altri siti web, accetti di essere vincolato ai termini e alle condizioni stabiliti nel presente Accordo per gli utenti. Richmond Vale Academy si riserva il diritto di modificare questi termini e condizioni in qualsiasi momento senza preavviso e l&#8217;utente \u00e8 tenuto a consultare la versione pi\u00f9 recente del presente Accordo per gli utenti ogni volta che visita questo sito web. <\/p>\n<h4>Esclusione di garanzia<\/h4>\n<p>La Richmond Vale Academy fornisce agli utenti l&#8217;accesso a una vasta gamma di risorse attraverso questo sito web. La Richmond Vale Academy non fornisce alcun tipo di garanzia riguardo a questo sito web, incluse, ma non solo, garanzie di accuratezza, completezza, commerciabilit\u00e0, idoneit\u00e0 per uno scopo particolare o che questo sito web sia privo di virus. <\/p>\n<h4>Copyright<\/h4>\n<p>Poich\u00e9 i contenuti del Sito sono protetti da copyright e propriet\u00e0, qualsiasi uso non autorizzato dei materiali presenti sul Sito pu\u00f2 violare le leggi sul copyright.<\/p>\n<p>I materiali presenti sul Sito non possono essere modificati, riprodotti, mostrati pubblicamente, eseguiti, distribuiti o utilizzati per scopi pubblici o commerciali senza l&#8217;esplicito permesso scritto del fornitore dei contenuti o dei materiali (compresi i link di terze parti). Richmond Vale Academy non si assume alcun rischio, responsabilit\u00e0 nel caso in cui un utente non ottenga tale esplicita autorizzazione scritta come consigliato da Richmond Vale Academy. <\/p>\n<h4>Approvazioni<\/h4>\n<p>Richmond Vale Academy pu\u00f2 fornire link sul proprio sito web ad altri siti web che non sono sotto il controllo di Richmond Vale Academy. L&#8217;utente riconosce che le informazioni e le opinioni contenute in questo sito web o in altri siti web collegati da questo sito web non sono necessariamente quelle di Richmond Vale Academy o avallate da Richmond Vale Academy. <\/p>\n<h4>Link a siti di terze parti<\/h4>\n<p>i link di terze parti sono forniti per comodit\u00e0 ai nostri utenti. Richmond Vale Academy non controlla e non \u00e8 responsabile di nessuno di questi siti o del loro contenuto. Richmond Vale Academy ha l&#8217;obbligo di proteggere la propria reputazione e si riserva il diritto di richiedere la rimozione di qualsiasi link al nostro Sito.  <\/p>\n<h4>Limitazione di responsabilit\u00e0<\/h4>\n<p>L&#8217;utente riconosce e accetta di tenere indenne la Richmond Vale Academy e i suoi funzionari, direttori, dipendenti e volontari da qualsiasi reclamo derivante da o correlato all&#8217;uso o all&#8217;impossibilit\u00e0 di usare le informazioni fornite su questo sito web o su altri siti web collegati a questo sito web.<\/p>\n\t\t\t\t\t\t\t\t<\/div>\n\t\t\t\t<\/div>\n\t\t\t\t<\/div>\n\t\t<div class=\"elementor-element elementor-element-1dc41be e-con-full e-flex e-con e-child\" data-id=\"1dc41be\" data-element_type=\"container\" data-e-type=\"container\">\n\t\t\t\t<\/div>\n\t\t\t\t\t<\/div>\n\t\t\t\t<\/div>\n\t\t\t\t<\/div>\n\t\t","protected":false},"excerpt":{"rendered":"<p>Termini di servizio Disclaimer generale La Richmond Vale Academy si impegna al massimo per presentare informazioni accurate e affidabili sul nostro sito web. Tuttavia, collaboriamo con diversi partner e non possiamo certificare le informazioni presentate o garantirne l&#8217;accuratezza. La Richmond Vale Academy non garantisce o assicura che il Sito sia ininterrotto, senza ritardi, senza errori,&#8230; <a href=\"https:\/\/richmondvale.org\/it\/termini-di-servizio\/\" class=\"read-more-link\">READ MORE <i class=\"fa fa-caret-right\" aria-hidden=\"true\"><\/i><\/a><\/p>\n","protected":false},"author":3,"featured_media":0,"parent":0,"menu_order":0,"comment_status":"closed","ping_status":"closed","template":"","meta":{"_acf_changed":false,"_monsterinsights_skip_tracking":false,"_monsterinsights_sitenote_active":false,"_monsterinsights_sitenote_note":"","_monsterinsights_sitenote_category":0,"ngg_post_thumbnail":0,"footnotes":""},"class_list":["post-124901","page","type-page","status-publish","hentry"],"acf":[],"yoast_head":"<!-- This site is optimized with the Yoast SEO Premium plugin v27.5 (Yoast SEO v27.5) - https:\/\/yoast.com\/product\/yoast-seo-premium-wordpress\/ -->\n<title>Termini di servizio - Richmond Vale Academy<\/title>\n<meta name=\"robots\" content=\"index, follow, max-snippet:-1, max-image-preview:large, max-video-preview:-1\" \/>\n<link rel=\"canonical\" href=\"https:\/\/richmondvale.org\/it\/termini-di-servizio\/\" \/>\n<meta property=\"og:locale\" content=\"it_IT\" \/>\n<meta property=\"og:type\" content=\"article\" \/>\n<meta property=\"og:title\" content=\"Termini di servizio\" \/>\n<meta property=\"og:description\" content=\"Termini di servizio Disclaimer generale La Richmond Vale Academy si impegna al massimo per presentare informazioni accurate e affidabili sul nostro sito web. Tuttavia, collaboriamo con diversi partner e non possiamo certificare le informazioni presentate o garantirne l&#8217;accuratezza. La Richmond Vale Academy non garantisce o assicura che il Sito sia ininterrotto, senza ritardi, senza errori,... READ MORE\" \/>\n<meta property=\"og:url\" content=\"https:\/\/richmondvale.org\/it\/termini-di-servizio\/\" \/>\n<meta property=\"og:site_name\" content=\"Richmond Vale Academy\" \/>\n<meta property=\"article:publisher\" content=\"https:\/\/www.facebook.com\/RichmondValeAcademy\/\" \/>\n<meta property=\"article:modified_time\" content=\"2025-02-14T23:09:05+00:00\" \/>\n<meta property=\"og:image\" content=\"https:\/\/richmondvale.org\/wp-content\/uploads\/2023\/12\/RVA_SocialShareImage.jpg\" \/>\n\t<meta property=\"og:image:width\" content=\"1200\" \/>\n\t<meta property=\"og:image:height\" content=\"628\" \/>\n\t<meta property=\"og:image:type\" content=\"image\/jpeg\" \/>\n<meta name=\"twitter:card\" content=\"summary_large_image\" \/>\n<meta name=\"twitter:label1\" content=\"Tempo di lettura stimato\" \/>\n\t<meta name=\"twitter:data1\" content=\"3 minuti\" \/>\n<script type=\"application\/ld+json\" class=\"yoast-schema-graph\">{\"@context\":\"https:\\\/\\\/schema.org\",\"@graph\":[{\"@type\":\"WebPage\",\"@id\":\"https:\\\/\\\/richmondvale.org\\\/it\\\/termini-di-servizio\\\/\",\"url\":\"https:\\\/\\\/richmondvale.org\\\/it\\\/termini-di-servizio\\\/\",\"name\":\"Termini di servizio - Richmond Vale Academy\",\"isPartOf\":{\"@id\":\"https:\\\/\\\/richmondvale.org\\\/it\\\/#website\"},\"datePublished\":\"2022-04-05T19:48:46+00:00\",\"dateModified\":\"2025-02-14T23:09:05+00:00\",\"breadcrumb\":{\"@id\":\"https:\\\/\\\/richmondvale.org\\\/it\\\/termini-di-servizio\\\/#breadcrumb\"},\"inLanguage\":\"it-IT\",\"potentialAction\":[{\"@type\":\"ReadAction\",\"target\":[\"https:\\\/\\\/richmondvale.org\\\/it\\\/termini-di-servizio\\\/\"]}]},{\"@type\":\"BreadcrumbList\",\"@id\":\"https:\\\/\\\/richmondvale.org\\\/it\\\/termini-di-servizio\\\/#breadcrumb\",\"itemListElement\":[{\"@type\":\"ListItem\",\"position\":1,\"name\":\"Home\",\"item\":\"https:\\\/\\\/richmondvale.org\\\/it\\\/\"},{\"@type\":\"ListItem\",\"position\":2,\"name\":\"Termini di servizio\"}]},{\"@type\":\"WebSite\",\"@id\":\"https:\\\/\\\/richmondvale.org\\\/it\\\/#website\",\"url\":\"https:\\\/\\\/richmondvale.org\\\/it\\\/\",\"name\":\"Richmond Vale Academy\",\"description\":\"\",\"publisher\":{\"@id\":\"https:\\\/\\\/richmondvale.org\\\/it\\\/#organization\"},\"potentialAction\":[{\"@type\":\"SearchAction\",\"target\":{\"@type\":\"EntryPoint\",\"urlTemplate\":\"https:\\\/\\\/richmondvale.org\\\/it\\\/?s={search_term_string}\"},\"query-input\":{\"@type\":\"PropertyValueSpecification\",\"valueRequired\":true,\"valueName\":\"search_term_string\"}}],\"inLanguage\":\"it-IT\"},{\"@type\":\"Organization\",\"@id\":\"https:\\\/\\\/richmondvale.org\\\/it\\\/#organization\",\"name\":\"Richmond Vale Academy\",\"url\":\"https:\\\/\\\/richmondvale.org\\\/it\\\/\",\"logo\":{\"@type\":\"ImageObject\",\"inLanguage\":\"it-IT\",\"@id\":\"https:\\\/\\\/richmondvale.org\\\/it\\\/#\\\/schema\\\/logo\\\/image\\\/\",\"url\":\"https:\\\/\\\/richmondvale.org\\\/wp-content\\\/uploads\\\/2023\\\/11\\\/rva-logo.png\",\"contentUrl\":\"https:\\\/\\\/richmondvale.org\\\/wp-content\\\/uploads\\\/2023\\\/11\\\/rva-logo.png\",\"width\":319,\"height\":92,\"caption\":\"Richmond Vale Academy\"},\"image\":{\"@id\":\"https:\\\/\\\/richmondvale.org\\\/it\\\/#\\\/schema\\\/logo\\\/image\\\/\"},\"sameAs\":[\"https:\\\/\\\/www.facebook.com\\\/RichmondValeAcademy\\\/\",\"https:\\\/\\\/www.instagram.com\\\/richmondvaleacademy\\\/?hl=en\",\"https:\\\/\\\/www.youtube.com\\\/channel\\\/UC11Q4oA2N0YMVskaLNJGXSQ\",\"https:\\\/\\\/www.linkedin.com\\\/company\\\/richmond-vale-academy\\\/\"]}]}<\/script>\n<!-- \/ Yoast SEO Premium plugin. -->","yoast_head_json":{"title":"Termini di servizio - Richmond Vale Academy","robots":{"index":"index","follow":"follow","max-snippet":"max-snippet:-1","max-image-preview":"max-image-preview:large","max-video-preview":"max-video-preview:-1"},"canonical":"https:\/\/richmondvale.org\/it\/termini-di-servizio\/","og_locale":"it_IT","og_type":"article","og_title":"Termini di servizio","og_description":"Termini di servizio Disclaimer generale La Richmond Vale Academy si impegna al massimo per presentare informazioni accurate e affidabili sul nostro sito web. Tuttavia, collaboriamo con diversi partner e non possiamo certificare le informazioni presentate o garantirne l&#8217;accuratezza. La Richmond Vale Academy non garantisce o assicura che il Sito sia ininterrotto, senza ritardi, senza errori,... READ MORE","og_url":"https:\/\/richmondvale.org\/it\/termini-di-servizio\/","og_site_name":"Richmond Vale Academy","article_publisher":"https:\/\/www.facebook.com\/RichmondValeAcademy\/","article_modified_time":"2025-02-14T23:09:05+00:00","og_image":[{"width":1200,"height":628,"url":"https:\/\/richmondvale.org\/wp-content\/uploads\/2023\/12\/RVA_SocialShareImage.jpg","type":"image\/jpeg"}],"twitter_card":"summary_large_image","twitter_misc":{"Tempo di lettura stimato":"3 minuti"},"schema":{"@context":"https:\/\/schema.org","@graph":[{"@type":"WebPage","@id":"https:\/\/richmondvale.org\/it\/termini-di-servizio\/","url":"https:\/\/richmondvale.org\/it\/termini-di-servizio\/","name":"Termini di servizio - Richmond Vale Academy","isPartOf":{"@id":"https:\/\/richmondvale.org\/it\/#website"},"datePublished":"2022-04-05T19:48:46+00:00","dateModified":"2025-02-14T23:09:05+00:00","breadcrumb":{"@id":"https:\/\/richmondvale.org\/it\/termini-di-servizio\/#breadcrumb"},"inLanguage":"it-IT","potentialAction":[{"@type":"ReadAction","target":["https:\/\/richmondvale.org\/it\/termini-di-servizio\/"]}]},{"@type":"BreadcrumbList","@id":"https:\/\/richmondvale.org\/it\/termini-di-servizio\/#breadcrumb","itemListElement":[{"@type":"ListItem","position":1,"name":"Home","item":"https:\/\/richmondvale.org\/it\/"},{"@type":"ListItem","position":2,"name":"Termini di servizio"}]},{"@type":"WebSite","@id":"https:\/\/richmondvale.org\/it\/#website","url":"https:\/\/richmondvale.org\/it\/","name":"Richmond Vale Academy","description":"","publisher":{"@id":"https:\/\/richmondvale.org\/it\/#organization"},"potentialAction":[{"@type":"SearchAction","target":{"@type":"EntryPoint","urlTemplate":"https:\/\/richmondvale.org\/it\/?s={search_term_string}"},"query-input":{"@type":"PropertyValueSpecification","valueRequired":true,"valueName":"search_term_string"}}],"inLanguage":"it-IT"},{"@type":"Organization","@id":"https:\/\/richmondvale.org\/it\/#organization","name":"Richmond Vale Academy","url":"https:\/\/richmondvale.org\/it\/","logo":{"@type":"ImageObject","inLanguage":"it-IT","@id":"https:\/\/richmondvale.org\/it\/#\/schema\/logo\/image\/","url":"https:\/\/richmondvale.org\/wp-content\/uploads\/2023\/11\/rva-logo.png","contentUrl":"https:\/\/richmondvale.org\/wp-content\/uploads\/2023\/11\/rva-logo.png","width":319,"height":92,"caption":"Richmond Vale Academy"},"image":{"@id":"https:\/\/richmondvale.org\/it\/#\/schema\/logo\/image\/"},"sameAs":["https:\/\/www.facebook.com\/RichmondValeAcademy\/","https:\/\/www.instagram.com\/richmondvaleacademy\/?hl=en","https:\/\/www.youtube.com\/channel\/UC11Q4oA2N0YMVskaLNJGXSQ","https:\/\/www.linkedin.com\/company\/richmond-vale-academy\/"]}]}},"_links":{"self":[{"href":"https:\/\/richmondvale.org\/it\/wp-json\/wp\/v2\/pages\/124901","targetHints":{"allow":["GET"]}}],"collection":[{"href":"https:\/\/richmondvale.org\/it\/wp-json\/wp\/v2\/pages"}],"about":[{"href":"https:\/\/richmondvale.org\/it\/wp-json\/wp\/v2\/types\/page"}],"author":[{"embeddable":true,"href":"https:\/\/richmondvale.org\/it\/wp-json\/wp\/v2\/users\/3"}],"replies":[{"embeddable":true,"href":"https:\/\/richmondvale.org\/it\/wp-json\/wp\/v2\/comments?post=124901"}],"version-history":[{"count":1,"href":"https:\/\/richmondvale.org\/it\/wp-json\/wp\/v2\/pages\/124901\/revisions"}],"predecessor-version":[{"id":124902,"href":"https:\/\/richmondvale.org\/it\/wp-json\/wp\/v2\/pages\/124901\/revisions\/124902"}],"wp:attachment":[{"href":"https:\/\/richmondvale.org\/it\/wp-json\/wp\/v2\/media?parent=124901"}],"curies":[{"name":"wp","href":"https:\/\/api.w.org\/{rel}","templated":true}]}}