{"id":124909,"date":"2022-04-05T15:49:00","date_gmt":"2022-04-05T19:49:00","guid":{"rendered":"https:\/\/richmondvale.org\/vie-privee\/"},"modified":"2025-02-14T18:09:05","modified_gmt":"2025-02-14T23:09:05","slug":"vie-privee","status":"publish","type":"page","link":"https:\/\/richmondvale.org\/fr\/vie-privee\/","title":{"rendered":"Vie priv\u00e9e"},"content":{"rendered":"\t\t<div data-elementor-type=\"wp-page\" data-elementor-id=\"124909\" class=\"elementor elementor-124909 elementor-59\" data-elementor-post-type=\"page\">\n\t\t\t\t<div class=\"elementor-element elementor-element-aa2c1ca e-flex e-con-boxed e-con e-parent\" data-id=\"aa2c1ca\" data-element_type=\"container\" data-e-type=\"container\">\n\t\t\t\t\t<div class=\"e-con-inner\">\n\t\t<div class=\"elementor-element elementor-element-2a3f432 e-con-full e-flex e-con e-child\" data-id=\"2a3f432\" data-element_type=\"container\" data-e-type=\"container\">\n\t\t\t\t<\/div>\n\t\t<div class=\"elementor-element elementor-element-a2f3f84 e-con-full e-flex e-con e-child\" data-id=\"a2f3f84\" data-element_type=\"container\" data-e-type=\"container\">\n\t\t\t\t<div class=\"elementor-element elementor-element-5e4f0a2 elementor-widget elementor-widget-heading\" data-id=\"5e4f0a2\" data-element_type=\"widget\" data-e-type=\"widget\" data-widget_type=\"heading.default\">\n\t\t\t\t<div class=\"elementor-widget-container\">\n\t\t\t\t\t<h2 class=\"elementor-heading-title elementor-size-default\">Politique de confidentialit\u00e9 de l'Acad\u00e9mie Richmond Vale<\/h2>\t\t\t\t<\/div>\n\t\t\t\t<\/div>\n\t\t\t\t<div class=\"elementor-element elementor-element-dae9e82 elementor-widget elementor-widget-text-editor\" data-id=\"dae9e82\" data-element_type=\"widget\" data-e-type=\"widget\" data-widget_type=\"text-editor.default\">\n\t\t\t\t<div class=\"elementor-widget-container\">\n\t\t\t\t\t\t\t\t\t<p>L&rsquo;Acad\u00e9mie Richmond Vale reconna\u00eet l&rsquo;importance de la protection de la vie priv\u00e9e des visiteurs et des sympathisants. Cette politique a \u00e9t\u00e9 cr\u00e9\u00e9e pour d\u00e9montrer notre respect de vos pr\u00e9f\u00e9rences en mati\u00e8re de confidentialit\u00e9 et pour divulguer nos pratiques en mati\u00e8re de collecte et de partage d&rsquo;informations. <\/p>\n<p>L&rsquo;Acad\u00e9mie Richmond Vale ne recueille pas de renseignements personnels \u00e0 votre sujet \u00e0 moins que vous ne fournissiez volontairement des renseignements personnels \u00e0 l&rsquo;Acad\u00e9mie Richmond Vale. Pour recevoir certains services de notre site Web, il se peut que l&rsquo;on vous demande de fournir des renseignements personnels tels que votre nom, votre adresse, votre num\u00e9ro de t\u00e9l\u00e9phone ou votre adresse \u00e9lectronique. Actuellement, nous demandons des renseignements personnels lorsque vous demandez en ligne de plus amples informations sur l&rsquo;un des programmes de l&rsquo;Acad\u00e9mie Richmond Vale et si vous vous inscrivez pour recevoir des mises \u00e0 jour de Planet Aid, votre adresse \u00e9lectronique vous sera demand\u00e9e.  <\/p>\n<h4>Faire un don<\/h4>\n<p>L&rsquo;Acad\u00e9mie Richmond Vale utilise un service professionnel externe pour traiter les dons en ligne. Les transactions sur le site sont s\u00e9curis\u00e9es. L&rsquo;Acad\u00e9mie Richmond Vale ne conserve pas les renseignements relatifs \u00e0 votre carte de cr\u00e9dit dans ses dossiers, mais seulement les coordonn\u00e9es que vous avez soumises afin que nous puissions vous fournir de l&rsquo;information sur nos programmes et d&rsquo;autres possibilit\u00e9s de dons.  <\/p>\n<h4>Partage<\/h4>\n<p>Les renseignements que vous fournissez en ligne ou hors ligne seront utilis\u00e9s \u00e0 l&rsquo;interne par le personnel d\u00e9sign\u00e9 de l&rsquo;Acad\u00e9mie Richmond Vale pour compl\u00e9ter les services que vous avez demand\u00e9s. L&rsquo;Acad\u00e9mie Richmond Vale ne loue ni ne partage aucune de ses informations avec d&rsquo;autres organisations. <\/p>\n<h4>S\u00e9curit\u00e9<\/h4>\n<p>Nous utilisons une s\u00e9rie de technologies et de proc\u00e9dures de s\u00e9curit\u00e9 modernes pour prot\u00e9ger vos informations personnelles contre tout acc\u00e8s, utilisation ou divulgation non autoris\u00e9s. Nous stockons toutes les informations personnelles que vous fournissez sur des syst\u00e8mes informatiques dont l&rsquo;acc\u00e8s est limit\u00e9. Ces syst\u00e8mes sont situ\u00e9s dans des installations contr\u00f4l\u00e9es.  <\/p>\n<h4>Navigation sur le web<\/h4>\n<p>L&rsquo;Acad\u00e9mie Richmond Vale surveille la navigation sur son site web et recueille certaines donn\u00e9es telles que les adresses IP et les noms de domaine. Nous pouvons \u00e9galement utiliser des cookies pour mieux comprendre comment notre site est utilis\u00e9 et pour am\u00e9liorer l&rsquo;exp\u00e9rience de l&rsquo;utilisateur. Vous pouvez d\u00e9sactiver les cookies dans votre navigateur, mais cela peut vous emp\u00eacher d&rsquo;utiliser certaines fonctions de notre site web.  <\/p>\n<p>L&rsquo;Acad\u00e9mie Richmond Vale peut apporter des modifications \u00e0 cette politique de temps \u00e0 autre et sans pr\u00e9avis.<\/p>\n<h4>Clause de non-responsabilit\u00e9<\/h4>\n<p>La pr\u00e9sente d\u00e9claration de confidentialit\u00e9 ne s&rsquo;applique pas aux activit\u00e9s des sponsors, annonceurs et autres partenaires tiers qui peuvent collecter vos informations d&rsquo;utilisateur lors de l&rsquo;acc\u00e8s ou de l&rsquo;utilisation des services de ces tiers dans le cadre de votre utilisation de notre site (par exemple, les m\u00e9dias sociaux et les services de partage). Les pratiques de ces tiers en mati\u00e8re de confidentialit\u00e9 et d&rsquo;information ne sont pas couvertes par la pr\u00e9sente d\u00e9claration de confidentialit\u00e9. Pour en savoir plus sur les politiques de ces tiers, nous vous encourageons \u00e0 lire et \u00e0 examiner les d\u00e9clarations de confidentialit\u00e9 de chaque service tiers que vous pouvez choisir d&rsquo;utiliser en relation avec le site. La pr\u00e9sente d\u00e9claration de confidentialit\u00e9 ne s&rsquo;applique qu&rsquo;aux informations que nous collectons.   <\/p>\n<h4>Contactez nous<\/h4>\n<p>Si vous souhaitez modifier vos coordonn\u00e9es, si vous souhaitez retirer votre nom de notre liste d&rsquo;adresses \u00e9lectroniques ou postales, ou si vous avez des questions concernant cette politique.<\/p>\n<p><strong>Bureau de recrutement de l&rsquo;Acad\u00e9mie Richmond Vale<br \/><\/strong>Paroisse de St. David<br \/>Richmond<br \/>Chateaubelair<br \/>Saint-Vincent-et-les-Grenadines<br \/>+1 784-492-1672<br \/>info@richmondvale.org<\/p>\n\t\t\t\t\t\t\t\t<\/div>\n\t\t\t\t<\/div>\n\t\t\t\t<\/div>\n\t\t<div class=\"elementor-element elementor-element-6e35c7c e-con-full e-flex e-con e-child\" data-id=\"6e35c7c\" data-element_type=\"container\" data-e-type=\"container\">\n\t\t\t\t<\/div>\n\t\t\t\t\t<\/div>\n\t\t\t\t<\/div>\n\t\t\t\t<\/div>\n\t\t","protected":false},"excerpt":{"rendered":"<p>Politique de confidentialit\u00e9 de l&rsquo;Acad\u00e9mie Richmond Vale L&rsquo;Acad\u00e9mie Richmond Vale reconna\u00eet l&rsquo;importance de la protection de la vie priv\u00e9e des visiteurs et des sympathisants. Cette politique a \u00e9t\u00e9 cr\u00e9\u00e9e pour d\u00e9montrer notre respect de vos pr\u00e9f\u00e9rences en mati\u00e8re de confidentialit\u00e9 et pour divulguer nos pratiques en mati\u00e8re de collecte et de partage d&rsquo;informations. L&rsquo;Acad\u00e9mie Richmond&#8230; <a href=\"https:\/\/richmondvale.org\/fr\/vie-privee\/\" class=\"read-more-link\">READ MORE <i class=\"fa fa-caret-right\" aria-hidden=\"true\"><\/i><\/a><\/p>\n","protected":false},"author":3,"featured_media":0,"parent":0,"menu_order":0,"comment_status":"closed","ping_status":"closed","template":"","meta":{"_acf_changed":false,"_monsterinsights_skip_tracking":false,"_monsterinsights_sitenote_active":false,"_monsterinsights_sitenote_note":"","_monsterinsights_sitenote_category":0,"ngg_post_thumbnail":0,"footnotes":""},"class_list":["post-124909","page","type-page","status-publish","hentry"],"acf":[],"yoast_head":"<!-- This site is optimized with the Yoast SEO Premium plugin v27.5 (Yoast SEO v27.5) - https:\/\/yoast.com\/product\/yoast-seo-premium-wordpress\/ -->\n<title>Vie priv\u00e9e - Richmond Vale Academy<\/title>\n<meta name=\"robots\" content=\"index, follow, max-snippet:-1, max-image-preview:large, max-video-preview:-1\" \/>\n<link rel=\"canonical\" href=\"https:\/\/richmondvale.org\/fr\/vie-privee\/\" \/>\n<meta property=\"og:locale\" content=\"fr_FR\" \/>\n<meta property=\"og:type\" content=\"article\" \/>\n<meta property=\"og:title\" content=\"Vie priv\u00e9e\" \/>\n<meta property=\"og:description\" content=\"Politique de confidentialit\u00e9 de l&rsquo;Acad\u00e9mie Richmond Vale L&rsquo;Acad\u00e9mie Richmond Vale reconna\u00eet l&rsquo;importance de la protection de la vie priv\u00e9e des visiteurs et des sympathisants. Cette politique a \u00e9t\u00e9 cr\u00e9\u00e9e pour d\u00e9montrer notre respect de vos pr\u00e9f\u00e9rences en mati\u00e8re de confidentialit\u00e9 et pour divulguer nos pratiques en mati\u00e8re de collecte et de partage d&rsquo;informations. L&rsquo;Acad\u00e9mie Richmond... READ MORE\" \/>\n<meta property=\"og:url\" content=\"https:\/\/richmondvale.org\/fr\/vie-privee\/\" \/>\n<meta property=\"og:site_name\" content=\"Richmond Vale Academy\" \/>\n<meta property=\"article:publisher\" content=\"https:\/\/www.facebook.com\/RichmondValeAcademy\/\" \/>\n<meta property=\"article:modified_time\" content=\"2025-02-14T23:09:05+00:00\" \/>\n<meta property=\"og:image\" content=\"https:\/\/richmondvale.org\/wp-content\/uploads\/2023\/12\/RVA_SocialShareImage.jpg\" \/>\n\t<meta property=\"og:image:width\" content=\"1200\" \/>\n\t<meta property=\"og:image:height\" content=\"628\" \/>\n\t<meta property=\"og:image:type\" content=\"image\/jpeg\" \/>\n<meta name=\"twitter:card\" content=\"summary_large_image\" \/>\n<meta name=\"twitter:label1\" content=\"Dur\u00e9e de lecture estim\u00e9e\" \/>\n\t<meta name=\"twitter:data1\" content=\"3 minutes\" \/>\n<script type=\"application\/ld+json\" class=\"yoast-schema-graph\">{\"@context\":\"https:\\\/\\\/schema.org\",\"@graph\":[{\"@type\":\"WebPage\",\"@id\":\"https:\\\/\\\/richmondvale.org\\\/fr\\\/vie-privee\\\/\",\"url\":\"https:\\\/\\\/richmondvale.org\\\/fr\\\/vie-privee\\\/\",\"name\":\"Vie priv\u00e9e - Richmond Vale Academy\",\"isPartOf\":{\"@id\":\"https:\\\/\\\/richmondvale.org\\\/fr\\\/#website\"},\"datePublished\":\"2022-04-05T19:49:00+00:00\",\"dateModified\":\"2025-02-14T23:09:05+00:00\",\"breadcrumb\":{\"@id\":\"https:\\\/\\\/richmondvale.org\\\/fr\\\/vie-privee\\\/#breadcrumb\"},\"inLanguage\":\"fr-FR\",\"potentialAction\":[{\"@type\":\"ReadAction\",\"target\":[\"https:\\\/\\\/richmondvale.org\\\/fr\\\/vie-privee\\\/\"]}]},{\"@type\":\"BreadcrumbList\",\"@id\":\"https:\\\/\\\/richmondvale.org\\\/fr\\\/vie-privee\\\/#breadcrumb\",\"itemListElement\":[{\"@type\":\"ListItem\",\"position\":1,\"name\":\"Home\",\"item\":\"https:\\\/\\\/richmondvale.org\\\/fr\\\/\"},{\"@type\":\"ListItem\",\"position\":2,\"name\":\"Vie priv\u00e9e\"}]},{\"@type\":\"WebSite\",\"@id\":\"https:\\\/\\\/richmondvale.org\\\/fr\\\/#website\",\"url\":\"https:\\\/\\\/richmondvale.org\\\/fr\\\/\",\"name\":\"Richmond Vale Academy\",\"description\":\"\",\"publisher\":{\"@id\":\"https:\\\/\\\/richmondvale.org\\\/fr\\\/#organization\"},\"potentialAction\":[{\"@type\":\"SearchAction\",\"target\":{\"@type\":\"EntryPoint\",\"urlTemplate\":\"https:\\\/\\\/richmondvale.org\\\/fr\\\/?s={search_term_string}\"},\"query-input\":{\"@type\":\"PropertyValueSpecification\",\"valueRequired\":true,\"valueName\":\"search_term_string\"}}],\"inLanguage\":\"fr-FR\"},{\"@type\":\"Organization\",\"@id\":\"https:\\\/\\\/richmondvale.org\\\/fr\\\/#organization\",\"name\":\"Richmond Vale Academy\",\"url\":\"https:\\\/\\\/richmondvale.org\\\/fr\\\/\",\"logo\":{\"@type\":\"ImageObject\",\"inLanguage\":\"fr-FR\",\"@id\":\"https:\\\/\\\/richmondvale.org\\\/fr\\\/#\\\/schema\\\/logo\\\/image\\\/\",\"url\":\"https:\\\/\\\/richmondvale.org\\\/wp-content\\\/uploads\\\/2023\\\/11\\\/rva-logo.png\",\"contentUrl\":\"https:\\\/\\\/richmondvale.org\\\/wp-content\\\/uploads\\\/2023\\\/11\\\/rva-logo.png\",\"width\":319,\"height\":92,\"caption\":\"Richmond Vale Academy\"},\"image\":{\"@id\":\"https:\\\/\\\/richmondvale.org\\\/fr\\\/#\\\/schema\\\/logo\\\/image\\\/\"},\"sameAs\":[\"https:\\\/\\\/www.facebook.com\\\/RichmondValeAcademy\\\/\",\"https:\\\/\\\/www.instagram.com\\\/richmondvaleacademy\\\/?hl=en\",\"https:\\\/\\\/www.youtube.com\\\/channel\\\/UC11Q4oA2N0YMVskaLNJGXSQ\",\"https:\\\/\\\/www.linkedin.com\\\/company\\\/richmond-vale-academy\\\/\"]}]}<\/script>\n<!-- \/ Yoast SEO Premium plugin. -->","yoast_head_json":{"title":"Vie priv\u00e9e - Richmond Vale Academy","robots":{"index":"index","follow":"follow","max-snippet":"max-snippet:-1","max-image-preview":"max-image-preview:large","max-video-preview":"max-video-preview:-1"},"canonical":"https:\/\/richmondvale.org\/fr\/vie-privee\/","og_locale":"fr_FR","og_type":"article","og_title":"Vie priv\u00e9e","og_description":"Politique de confidentialit\u00e9 de l&rsquo;Acad\u00e9mie Richmond Vale L&rsquo;Acad\u00e9mie Richmond Vale reconna\u00eet l&rsquo;importance de la protection de la vie priv\u00e9e des visiteurs et des sympathisants. Cette politique a \u00e9t\u00e9 cr\u00e9\u00e9e pour d\u00e9montrer notre respect de vos pr\u00e9f\u00e9rences en mati\u00e8re de confidentialit\u00e9 et pour divulguer nos pratiques en mati\u00e8re de collecte et de partage d&rsquo;informations. L&rsquo;Acad\u00e9mie Richmond... READ MORE","og_url":"https:\/\/richmondvale.org\/fr\/vie-privee\/","og_site_name":"Richmond Vale Academy","article_publisher":"https:\/\/www.facebook.com\/RichmondValeAcademy\/","article_modified_time":"2025-02-14T23:09:05+00:00","og_image":[{"width":1200,"height":628,"url":"https:\/\/richmondvale.org\/wp-content\/uploads\/2023\/12\/RVA_SocialShareImage.jpg","type":"image\/jpeg"}],"twitter_card":"summary_large_image","twitter_misc":{"Dur\u00e9e de lecture estim\u00e9e":"3 minutes"},"schema":{"@context":"https:\/\/schema.org","@graph":[{"@type":"WebPage","@id":"https:\/\/richmondvale.org\/fr\/vie-privee\/","url":"https:\/\/richmondvale.org\/fr\/vie-privee\/","name":"Vie priv\u00e9e - Richmond Vale Academy","isPartOf":{"@id":"https:\/\/richmondvale.org\/fr\/#website"},"datePublished":"2022-04-05T19:49:00+00:00","dateModified":"2025-02-14T23:09:05+00:00","breadcrumb":{"@id":"https:\/\/richmondvale.org\/fr\/vie-privee\/#breadcrumb"},"inLanguage":"fr-FR","potentialAction":[{"@type":"ReadAction","target":["https:\/\/richmondvale.org\/fr\/vie-privee\/"]}]},{"@type":"BreadcrumbList","@id":"https:\/\/richmondvale.org\/fr\/vie-privee\/#breadcrumb","itemListElement":[{"@type":"ListItem","position":1,"name":"Home","item":"https:\/\/richmondvale.org\/fr\/"},{"@type":"ListItem","position":2,"name":"Vie priv\u00e9e"}]},{"@type":"WebSite","@id":"https:\/\/richmondvale.org\/fr\/#website","url":"https:\/\/richmondvale.org\/fr\/","name":"Richmond Vale Academy","description":"","publisher":{"@id":"https:\/\/richmondvale.org\/fr\/#organization"},"potentialAction":[{"@type":"SearchAction","target":{"@type":"EntryPoint","urlTemplate":"https:\/\/richmondvale.org\/fr\/?s={search_term_string}"},"query-input":{"@type":"PropertyValueSpecification","valueRequired":true,"valueName":"search_term_string"}}],"inLanguage":"fr-FR"},{"@type":"Organization","@id":"https:\/\/richmondvale.org\/fr\/#organization","name":"Richmond Vale Academy","url":"https:\/\/richmondvale.org\/fr\/","logo":{"@type":"ImageObject","inLanguage":"fr-FR","@id":"https:\/\/richmondvale.org\/fr\/#\/schema\/logo\/image\/","url":"https:\/\/richmondvale.org\/wp-content\/uploads\/2023\/11\/rva-logo.png","contentUrl":"https:\/\/richmondvale.org\/wp-content\/uploads\/2023\/11\/rva-logo.png","width":319,"height":92,"caption":"Richmond Vale Academy"},"image":{"@id":"https:\/\/richmondvale.org\/fr\/#\/schema\/logo\/image\/"},"sameAs":["https:\/\/www.facebook.com\/RichmondValeAcademy\/","https:\/\/www.instagram.com\/richmondvaleacademy\/?hl=en","https:\/\/www.youtube.com\/channel\/UC11Q4oA2N0YMVskaLNJGXSQ","https:\/\/www.linkedin.com\/company\/richmond-vale-academy\/"]}]}},"_links":{"self":[{"href":"https:\/\/richmondvale.org\/fr\/wp-json\/wp\/v2\/pages\/124909","targetHints":{"allow":["GET"]}}],"collection":[{"href":"https:\/\/richmondvale.org\/fr\/wp-json\/wp\/v2\/pages"}],"about":[{"href":"https:\/\/richmondvale.org\/fr\/wp-json\/wp\/v2\/types\/page"}],"author":[{"embeddable":true,"href":"https:\/\/richmondvale.org\/fr\/wp-json\/wp\/v2\/users\/3"}],"replies":[{"embeddable":true,"href":"https:\/\/richmondvale.org\/fr\/wp-json\/wp\/v2\/comments?post=124909"}],"version-history":[{"count":1,"href":"https:\/\/richmondvale.org\/fr\/wp-json\/wp\/v2\/pages\/124909\/revisions"}],"predecessor-version":[{"id":124910,"href":"https:\/\/richmondvale.org\/fr\/wp-json\/wp\/v2\/pages\/124909\/revisions\/124910"}],"wp:attachment":[{"href":"https:\/\/richmondvale.org\/fr\/wp-json\/wp\/v2\/media?parent=124909"}],"curies":[{"name":"wp","href":"https:\/\/api.w.org\/{rel}","templated":true}]}}