{"id":124904,"date":"2022-04-05T15:48:46","date_gmt":"2022-04-05T19:48:46","guid":{"rendered":"https:\/\/richmondvale.org\/conditions-dutilisation\/"},"modified":"2025-02-14T18:09:05","modified_gmt":"2025-02-14T23:09:05","slug":"conditions-dutilisation","status":"publish","type":"page","link":"https:\/\/richmondvale.org\/fr\/conditions-dutilisation\/","title":{"rendered":"Conditions d&rsquo;utilisation"},"content":{"rendered":"\t\t<div data-elementor-type=\"wp-page\" data-elementor-id=\"124904\" class=\"elementor elementor-124904 elementor-57\" data-elementor-post-type=\"page\">\n\t\t\t\t<div class=\"elementor-element elementor-element-7111923 e-flex e-con-boxed e-con e-parent\" data-id=\"7111923\" data-element_type=\"container\" data-e-type=\"container\">\n\t\t\t\t\t<div class=\"e-con-inner\">\n\t\t<div class=\"elementor-element elementor-element-2486d25 e-con-full e-flex e-con e-child\" data-id=\"2486d25\" data-element_type=\"container\" data-e-type=\"container\">\n\t\t\t\t<\/div>\n\t\t<div class=\"elementor-element elementor-element-769b784 e-con-full e-flex e-con e-child\" data-id=\"769b784\" data-element_type=\"container\" data-e-type=\"container\">\n\t\t\t\t<div class=\"elementor-element elementor-element-86dc0fa elementor-widget elementor-widget-heading\" data-id=\"86dc0fa\" data-element_type=\"widget\" data-e-type=\"widget\" data-widget_type=\"heading.default\">\n\t\t\t\t<div class=\"elementor-widget-container\">\n\t\t\t\t\t<h2 class=\"elementor-heading-title elementor-size-default\">Conditions d'utilisation<\/h2>\t\t\t\t<\/div>\n\t\t\t\t<\/div>\n\t\t\t\t<div class=\"elementor-element elementor-element-6bb36b3 elementor-widget elementor-widget-text-editor\" data-id=\"6bb36b3\" data-element_type=\"widget\" data-e-type=\"widget\" data-widget_type=\"text-editor.default\">\n\t\t\t\t<div class=\"elementor-widget-container\">\n\t\t\t\t\t\t\t\t\t<h4>Clause de non-responsabilit\u00e9 g\u00e9n\u00e9rale<\/h4>\n<p>L&rsquo;Acad\u00e9mie Richmond Vale s&rsquo;efforce de pr\u00e9senter des informations exactes et fiables sur son site web. Cependant, nous travaillons avec un certain nombre de partenaires et nous ne pouvons pas certifier les informations pr\u00e9sent\u00e9es ou garantir leur exactitude. <\/p>\n<p>L&rsquo;Acad\u00e9mie Richmond Vale ne garantit pas que le site sera ininterrompu, sans retard, sans erreur, sans omission ou sans virus. Par cons\u00e9quent, l&rsquo;information est fournie \u00a0\u00bb telle quelle \u00ab\u00a0, sans garantie d&rsquo;aucune sorte, expresse ou implicite, y compris l&rsquo;exactitude, l&rsquo;actualit\u00e9 et l&rsquo;exhaustivit\u00e9. En aucun cas l&rsquo;Acad\u00e9mie Richmond Vale, ni aucun de leurs partenaires, directeurs, agents ou employ\u00e9s respectifs, ne peuvent \u00eatre tenus responsables des dommages directs, indirects, accessoires, sp\u00e9ciaux, exemplaires, punitifs, cons\u00e9cutifs ou autres (y compris, mais sans s&rsquo;y limiter, la responsabilit\u00e9 pour la perte d&rsquo;utilisation, de donn\u00e9es ou de profits), quelle que soit la forme de l&rsquo;action, y compris, mais sans s&rsquo;y limiter, le contrat, la n\u00e9gligence ou d&rsquo;autres actions d\u00e9lictueuses, d\u00e9coulant de ou en rapport avec le site, tout contenu sur le site ou accessible par l&rsquo;utilisation du site, ou toute copie, tout affichage ou toute autre utilisation.  <\/p>\n<p>Toute r\u00e9f\u00e9rence \u00e0 une personne, une organisation, un produit ou un service dans ce site Web ne signifie pas que l&rsquo;Acad\u00e9mie Richmond Vale l&rsquo;approuve, \u00e0 moins que cela ne soit express\u00e9ment indiqu\u00e9.<\/p>\n<p>L&rsquo;Acad\u00e9mie Richmond Vale n&rsquo;assume aucune responsabilit\u00e9 pour les cons\u00e9quences r\u00e9sultant de l&rsquo;utilisation des informations contenues dans les pages du site ou obtenues sur des sites externes li\u00e9s.<\/p>\n<h4>Statut juridique<\/h4>\n<p>La Richmond Vale Academy (RVA) a \u00e9t\u00e9 cr\u00e9\u00e9e en tant qu&rsquo;entreprise \u00e0 but non lucratif \u00e0 Saint-Vincent-et-les-Grenadines en 2002. Le num\u00e9ro d&rsquo;enregistrement est le 147 de 2002. Le num\u00e9ro d&rsquo;identification de l&#8217;employeur est le 661273.  <\/p>\n<h4><strong>ACCORD DE L&rsquo;UTILISATEUR<\/strong><\/h4>\n<h4>Conditions d&rsquo;utilisation<\/h4>\n<p>En utilisant ce site de l&rsquo;Acad\u00e9mie Richmond Vale ou ses autres sites Web, vous acceptez d&rsquo;\u00eatre li\u00e9 par les conditions \u00e9nonc\u00e9es dans le pr\u00e9sent accord d&rsquo;utilisation. L&rsquo;Acad\u00e9mie Richmond Vale se r\u00e9serve le droit de modifier ces conditions en tout temps sans pr\u00e9avis et vous devez consulter la version la plus r\u00e9cente du pr\u00e9sent contrat d&rsquo;utilisation chaque fois que vous visitez ce site Web. <\/p>\n<h4>Exclusion de garantie<\/h4>\n<p>L&rsquo;Acad\u00e9mie Richmond Vale permet aux utilisateurs d&rsquo;acc\u00e9der \u00e0 un grand nombre de ressources par l&rsquo;interm\u00e9diaire de ce site Web. L&rsquo;Acad\u00e9mie Richmond Vale n&rsquo;offre aucune garantie de quelque nature que ce soit \u00e0 l&rsquo;\u00e9gard de ce site Web, y compris, mais sans s&rsquo;y limiter, toute garantie d&rsquo;exactitude, d&rsquo;exhaustivit\u00e9, de capacit\u00e9 marchande, d&rsquo;adaptation \u00e0 un usage particulier ou d&rsquo;absence de virus sur ce site Web, et ces garanties sont express\u00e9ment rejet\u00e9es. <\/p>\n<h4>Droit d&rsquo;auteur<\/h4>\n<p>Le contenu du site \u00e9tant prot\u00e9g\u00e9 par des droits d&rsquo;auteur et de propri\u00e9t\u00e9, toute utilisation non autoris\u00e9e d&rsquo;un \u00e9l\u00e9ment du site peut constituer une violation des lois sur les droits d&rsquo;auteur.<\/p>\n<p>Le contenu du site ne peut \u00eatre modifi\u00e9, reproduit, affich\u00e9 publiquement, ex\u00e9cut\u00e9, distribu\u00e9 ou utilis\u00e9 \u00e0 des fins publiques ou commerciales sans l&rsquo;autorisation \u00e9crite explicite du fournisseur de contenu ou de mat\u00e9riel appropri\u00e9 (y compris les liens de tiers). L&rsquo;Acad\u00e9mie Richmond Vale n&rsquo;assume aucun risque, responsabilit\u00e9 ou obligation dans le cas o\u00f9 un utilisateur n&rsquo;obtiendrait pas une telle autorisation \u00e9crite explicite, selon les conseils de l&rsquo;Acad\u00e9mie Richmond Vale. <\/p>\n<h4>Approbations<\/h4>\n<p>L&rsquo;Acad\u00e9mie Richmond Vale peut fournir des liens sur son site Web vers d&rsquo;autres sites Web qui ne sont pas sous le contr\u00f4le de l&rsquo;Acad\u00e9mie Richmond Vale. L&rsquo;utilisateur reconna\u00eet que les informations et les opinions contenues dans ce site Web ou dans d&rsquo;autres sites Web li\u00e9s \u00e0 ce site Web ne sont pas n\u00e9cessairement celles de l&rsquo;Acad\u00e9mie Richmond Vale ou approuv\u00e9es par l&rsquo;Acad\u00e9mie Richmond Vale. <\/p>\n<h4>Liens vers des sites tiers<\/h4>\n<p>es liens vers des sites tiers sont fournis \u00e0 titre de commodit\u00e9 pour nos utilisateurs. L&rsquo;Acad\u00e9mie Richmond Vale ne contr\u00f4le pas ces sites ni leur contenu et n&rsquo;en est pas responsable. L&rsquo;Acad\u00e9mie Richmond Vale est tenue de prot\u00e9ger sa r\u00e9putation et se r\u00e9serve le droit de demander la suppression de tout lien vers son site.  <\/p>\n<h4>Limitation de la responsabilit\u00e9<\/h4>\n<p>L&rsquo;utilisateur reconna\u00eet et accepte de d\u00e9gager l&rsquo;Acad\u00e9mie Richmond Vale et ses dirigeants, administrateurs, employ\u00e9s et b\u00e9n\u00e9voles de toute responsabilit\u00e9 en cas de r\u00e9clamation d\u00e9coulant de l&rsquo;utilisation ou de l&rsquo;incapacit\u00e9 d&rsquo;utiliser les informations fournies sur ce site web ou sur d&rsquo;autres sites web li\u00e9s \u00e0 ce site web.<\/p>\n\t\t\t\t\t\t\t\t<\/div>\n\t\t\t\t<\/div>\n\t\t\t\t<\/div>\n\t\t<div class=\"elementor-element elementor-element-1dc41be e-con-full e-flex e-con e-child\" data-id=\"1dc41be\" data-element_type=\"container\" data-e-type=\"container\">\n\t\t\t\t<\/div>\n\t\t\t\t\t<\/div>\n\t\t\t\t<\/div>\n\t\t\t\t<\/div>\n\t\t","protected":false},"excerpt":{"rendered":"<p>Conditions d&rsquo;utilisation Clause de non-responsabilit\u00e9 g\u00e9n\u00e9rale L&rsquo;Acad\u00e9mie Richmond Vale s&rsquo;efforce de pr\u00e9senter des informations exactes et fiables sur son site web. Cependant, nous travaillons avec un certain nombre de partenaires et nous ne pouvons pas certifier les informations pr\u00e9sent\u00e9es ou garantir leur exactitude. L&rsquo;Acad\u00e9mie Richmond Vale ne garantit pas que le site sera ininterrompu, sans&#8230; <a href=\"https:\/\/richmondvale.org\/fr\/conditions-dutilisation\/\" class=\"read-more-link\">READ MORE <i class=\"fa fa-caret-right\" aria-hidden=\"true\"><\/i><\/a><\/p>\n","protected":false},"author":3,"featured_media":0,"parent":0,"menu_order":0,"comment_status":"closed","ping_status":"closed","template":"","meta":{"_acf_changed":false,"_monsterinsights_skip_tracking":false,"_monsterinsights_sitenote_active":false,"_monsterinsights_sitenote_note":"","_monsterinsights_sitenote_category":0,"ngg_post_thumbnail":0,"footnotes":""},"class_list":["post-124904","page","type-page","status-publish","hentry"],"acf":[],"yoast_head":"<!-- This site is optimized with the Yoast SEO Premium plugin v27.5 (Yoast SEO v27.5) - https:\/\/yoast.com\/product\/yoast-seo-premium-wordpress\/ -->\n<title>Conditions d&#039;utilisation - Richmond Vale Academy<\/title>\n<meta name=\"robots\" content=\"index, follow, max-snippet:-1, max-image-preview:large, max-video-preview:-1\" \/>\n<link rel=\"canonical\" href=\"https:\/\/richmondvale.org\/fr\/conditions-dutilisation\/\" \/>\n<meta property=\"og:locale\" content=\"fr_FR\" \/>\n<meta property=\"og:type\" content=\"article\" \/>\n<meta property=\"og:title\" content=\"Conditions d&#039;utilisation\" \/>\n<meta property=\"og:description\" content=\"Conditions d&rsquo;utilisation Clause de non-responsabilit\u00e9 g\u00e9n\u00e9rale L&rsquo;Acad\u00e9mie Richmond Vale s&rsquo;efforce de pr\u00e9senter des informations exactes et fiables sur son site web. Cependant, nous travaillons avec un certain nombre de partenaires et nous ne pouvons pas certifier les informations pr\u00e9sent\u00e9es ou garantir leur exactitude. L&rsquo;Acad\u00e9mie Richmond Vale ne garantit pas que le site sera ininterrompu, sans... READ MORE\" \/>\n<meta property=\"og:url\" content=\"https:\/\/richmondvale.org\/fr\/conditions-dutilisation\/\" \/>\n<meta property=\"og:site_name\" content=\"Richmond Vale Academy\" \/>\n<meta property=\"article:publisher\" content=\"https:\/\/www.facebook.com\/RichmondValeAcademy\/\" \/>\n<meta property=\"article:modified_time\" content=\"2025-02-14T23:09:05+00:00\" \/>\n<meta property=\"og:image\" content=\"https:\/\/richmondvale.org\/wp-content\/uploads\/2023\/12\/RVA_SocialShareImage.jpg\" \/>\n\t<meta property=\"og:image:width\" content=\"1200\" \/>\n\t<meta property=\"og:image:height\" content=\"628\" \/>\n\t<meta property=\"og:image:type\" content=\"image\/jpeg\" \/>\n<meta name=\"twitter:card\" content=\"summary_large_image\" \/>\n<meta name=\"twitter:label1\" content=\"Dur\u00e9e de lecture estim\u00e9e\" \/>\n\t<meta name=\"twitter:data1\" content=\"4 minutes\" \/>\n<script type=\"application\/ld+json\" class=\"yoast-schema-graph\">{\"@context\":\"https:\\\/\\\/schema.org\",\"@graph\":[{\"@type\":\"WebPage\",\"@id\":\"https:\\\/\\\/richmondvale.org\\\/fr\\\/conditions-dutilisation\\\/\",\"url\":\"https:\\\/\\\/richmondvale.org\\\/fr\\\/conditions-dutilisation\\\/\",\"name\":\"Conditions d'utilisation - Richmond Vale Academy\",\"isPartOf\":{\"@id\":\"https:\\\/\\\/richmondvale.org\\\/fr\\\/#website\"},\"datePublished\":\"2022-04-05T19:48:46+00:00\",\"dateModified\":\"2025-02-14T23:09:05+00:00\",\"breadcrumb\":{\"@id\":\"https:\\\/\\\/richmondvale.org\\\/fr\\\/conditions-dutilisation\\\/#breadcrumb\"},\"inLanguage\":\"fr-FR\",\"potentialAction\":[{\"@type\":\"ReadAction\",\"target\":[\"https:\\\/\\\/richmondvale.org\\\/fr\\\/conditions-dutilisation\\\/\"]}]},{\"@type\":\"BreadcrumbList\",\"@id\":\"https:\\\/\\\/richmondvale.org\\\/fr\\\/conditions-dutilisation\\\/#breadcrumb\",\"itemListElement\":[{\"@type\":\"ListItem\",\"position\":1,\"name\":\"Home\",\"item\":\"https:\\\/\\\/richmondvale.org\\\/fr\\\/\"},{\"@type\":\"ListItem\",\"position\":2,\"name\":\"Conditions d&#8217;utilisation\"}]},{\"@type\":\"WebSite\",\"@id\":\"https:\\\/\\\/richmondvale.org\\\/fr\\\/#website\",\"url\":\"https:\\\/\\\/richmondvale.org\\\/fr\\\/\",\"name\":\"Richmond Vale Academy\",\"description\":\"\",\"publisher\":{\"@id\":\"https:\\\/\\\/richmondvale.org\\\/fr\\\/#organization\"},\"potentialAction\":[{\"@type\":\"SearchAction\",\"target\":{\"@type\":\"EntryPoint\",\"urlTemplate\":\"https:\\\/\\\/richmondvale.org\\\/fr\\\/?s={search_term_string}\"},\"query-input\":{\"@type\":\"PropertyValueSpecification\",\"valueRequired\":true,\"valueName\":\"search_term_string\"}}],\"inLanguage\":\"fr-FR\"},{\"@type\":\"Organization\",\"@id\":\"https:\\\/\\\/richmondvale.org\\\/fr\\\/#organization\",\"name\":\"Richmond Vale Academy\",\"url\":\"https:\\\/\\\/richmondvale.org\\\/fr\\\/\",\"logo\":{\"@type\":\"ImageObject\",\"inLanguage\":\"fr-FR\",\"@id\":\"https:\\\/\\\/richmondvale.org\\\/fr\\\/#\\\/schema\\\/logo\\\/image\\\/\",\"url\":\"https:\\\/\\\/richmondvale.org\\\/wp-content\\\/uploads\\\/2023\\\/11\\\/rva-logo.png\",\"contentUrl\":\"https:\\\/\\\/richmondvale.org\\\/wp-content\\\/uploads\\\/2023\\\/11\\\/rva-logo.png\",\"width\":319,\"height\":92,\"caption\":\"Richmond Vale Academy\"},\"image\":{\"@id\":\"https:\\\/\\\/richmondvale.org\\\/fr\\\/#\\\/schema\\\/logo\\\/image\\\/\"},\"sameAs\":[\"https:\\\/\\\/www.facebook.com\\\/RichmondValeAcademy\\\/\",\"https:\\\/\\\/www.instagram.com\\\/richmondvaleacademy\\\/?hl=en\",\"https:\\\/\\\/www.youtube.com\\\/channel\\\/UC11Q4oA2N0YMVskaLNJGXSQ\",\"https:\\\/\\\/www.linkedin.com\\\/company\\\/richmond-vale-academy\\\/\"]}]}<\/script>\n<!-- \/ Yoast SEO Premium plugin. -->","yoast_head_json":{"title":"Conditions d'utilisation - Richmond Vale Academy","robots":{"index":"index","follow":"follow","max-snippet":"max-snippet:-1","max-image-preview":"max-image-preview:large","max-video-preview":"max-video-preview:-1"},"canonical":"https:\/\/richmondvale.org\/fr\/conditions-dutilisation\/","og_locale":"fr_FR","og_type":"article","og_title":"Conditions d'utilisation","og_description":"Conditions d&rsquo;utilisation Clause de non-responsabilit\u00e9 g\u00e9n\u00e9rale L&rsquo;Acad\u00e9mie Richmond Vale s&rsquo;efforce de pr\u00e9senter des informations exactes et fiables sur son site web. Cependant, nous travaillons avec un certain nombre de partenaires et nous ne pouvons pas certifier les informations pr\u00e9sent\u00e9es ou garantir leur exactitude. L&rsquo;Acad\u00e9mie Richmond Vale ne garantit pas que le site sera ininterrompu, sans... READ MORE","og_url":"https:\/\/richmondvale.org\/fr\/conditions-dutilisation\/","og_site_name":"Richmond Vale Academy","article_publisher":"https:\/\/www.facebook.com\/RichmondValeAcademy\/","article_modified_time":"2025-02-14T23:09:05+00:00","og_image":[{"width":1200,"height":628,"url":"https:\/\/richmondvale.org\/wp-content\/uploads\/2023\/12\/RVA_SocialShareImage.jpg","type":"image\/jpeg"}],"twitter_card":"summary_large_image","twitter_misc":{"Dur\u00e9e de lecture estim\u00e9e":"4 minutes"},"schema":{"@context":"https:\/\/schema.org","@graph":[{"@type":"WebPage","@id":"https:\/\/richmondvale.org\/fr\/conditions-dutilisation\/","url":"https:\/\/richmondvale.org\/fr\/conditions-dutilisation\/","name":"Conditions d'utilisation - Richmond Vale Academy","isPartOf":{"@id":"https:\/\/richmondvale.org\/fr\/#website"},"datePublished":"2022-04-05T19:48:46+00:00","dateModified":"2025-02-14T23:09:05+00:00","breadcrumb":{"@id":"https:\/\/richmondvale.org\/fr\/conditions-dutilisation\/#breadcrumb"},"inLanguage":"fr-FR","potentialAction":[{"@type":"ReadAction","target":["https:\/\/richmondvale.org\/fr\/conditions-dutilisation\/"]}]},{"@type":"BreadcrumbList","@id":"https:\/\/richmondvale.org\/fr\/conditions-dutilisation\/#breadcrumb","itemListElement":[{"@type":"ListItem","position":1,"name":"Home","item":"https:\/\/richmondvale.org\/fr\/"},{"@type":"ListItem","position":2,"name":"Conditions d&#8217;utilisation"}]},{"@type":"WebSite","@id":"https:\/\/richmondvale.org\/fr\/#website","url":"https:\/\/richmondvale.org\/fr\/","name":"Richmond Vale Academy","description":"","publisher":{"@id":"https:\/\/richmondvale.org\/fr\/#organization"},"potentialAction":[{"@type":"SearchAction","target":{"@type":"EntryPoint","urlTemplate":"https:\/\/richmondvale.org\/fr\/?s={search_term_string}"},"query-input":{"@type":"PropertyValueSpecification","valueRequired":true,"valueName":"search_term_string"}}],"inLanguage":"fr-FR"},{"@type":"Organization","@id":"https:\/\/richmondvale.org\/fr\/#organization","name":"Richmond Vale Academy","url":"https:\/\/richmondvale.org\/fr\/","logo":{"@type":"ImageObject","inLanguage":"fr-FR","@id":"https:\/\/richmondvale.org\/fr\/#\/schema\/logo\/image\/","url":"https:\/\/richmondvale.org\/wp-content\/uploads\/2023\/11\/rva-logo.png","contentUrl":"https:\/\/richmondvale.org\/wp-content\/uploads\/2023\/11\/rva-logo.png","width":319,"height":92,"caption":"Richmond Vale Academy"},"image":{"@id":"https:\/\/richmondvale.org\/fr\/#\/schema\/logo\/image\/"},"sameAs":["https:\/\/www.facebook.com\/RichmondValeAcademy\/","https:\/\/www.instagram.com\/richmondvaleacademy\/?hl=en","https:\/\/www.youtube.com\/channel\/UC11Q4oA2N0YMVskaLNJGXSQ","https:\/\/www.linkedin.com\/company\/richmond-vale-academy\/"]}]}},"_links":{"self":[{"href":"https:\/\/richmondvale.org\/fr\/wp-json\/wp\/v2\/pages\/124904","targetHints":{"allow":["GET"]}}],"collection":[{"href":"https:\/\/richmondvale.org\/fr\/wp-json\/wp\/v2\/pages"}],"about":[{"href":"https:\/\/richmondvale.org\/fr\/wp-json\/wp\/v2\/types\/page"}],"author":[{"embeddable":true,"href":"https:\/\/richmondvale.org\/fr\/wp-json\/wp\/v2\/users\/3"}],"replies":[{"embeddable":true,"href":"https:\/\/richmondvale.org\/fr\/wp-json\/wp\/v2\/comments?post=124904"}],"version-history":[{"count":1,"href":"https:\/\/richmondvale.org\/fr\/wp-json\/wp\/v2\/pages\/124904\/revisions"}],"predecessor-version":[{"id":124906,"href":"https:\/\/richmondvale.org\/fr\/wp-json\/wp\/v2\/pages\/124904\/revisions\/124906"}],"wp:attachment":[{"href":"https:\/\/richmondvale.org\/fr\/wp-json\/wp\/v2\/media?parent=124904"}],"curies":[{"name":"wp","href":"https:\/\/api.w.org\/{rel}","templated":true}]}}