{"id":123451,"date":"2024-02-06T05:07:13","date_gmt":"2024-02-06T10:07:13","guid":{"rendered":"https:\/\/richmondvale.org\/voluntariado-en-el-extranjero\/"},"modified":"2025-02-14T18:11:34","modified_gmt":"2025-02-14T23:11:34","slug":"voluntariado-en-el-extranjero","status":"publish","type":"page","link":"https:\/\/richmondvale.org\/es\/voluntariado-en-el-extranjero\/","title":{"rendered":"Voluntariado en el extranjero"},"content":{"rendered":"\t\t<div data-elementor-type=\"wp-page\" data-elementor-id=\"123451\" class=\"elementor elementor-123451 elementor-123250\" data-elementor-post-type=\"page\">\n\t\t\t\t<div class=\"elementor-element elementor-element-9dc4993 e-con-full e-flex e-con e-parent\" data-id=\"9dc4993\" data-element_type=\"container\" data-e-type=\"container\" data-settings=\"{&quot;background_background&quot;:&quot;classic&quot;}\">\n\t\t<div class=\"elementor-element elementor-element-4a6ed61 e-flex e-con-boxed e-con e-child\" data-id=\"4a6ed61\" data-element_type=\"container\" data-e-type=\"container\">\n\t\t\t\t\t<div class=\"e-con-inner\">\n\t\t\t\t<div class=\"elementor-element elementor-element-286a6ff elementor-widget-divider--view-line elementor-widget elementor-widget-divider\" data-id=\"286a6ff\" data-element_type=\"widget\" data-e-type=\"widget\" data-widget_type=\"divider.default\">\n\t\t\t\t<div class=\"elementor-widget-container\">\n\t\t\t\t\t\t\t<div class=\"elementor-divider\">\n\t\t\t<span class=\"elementor-divider-separator\">\n\t\t\t\t\t\t<\/span>\n\t\t<\/div>\n\t\t\t\t\t\t<\/div>\n\t\t\t\t<\/div>\n\t\t\t\t<div class=\"elementor-element elementor-element-b7b08da elementor-widget elementor-widget-heading\" data-id=\"b7b08da\" data-element_type=\"widget\" data-e-type=\"widget\" data-widget_type=\"heading.default\">\n\t\t\t\t<div class=\"elementor-widget-container\">\n\t\t\t\t\t<h1 class=\"elementor-heading-title elementor-size-default\">Voluntariado en el extranjero<\/h1>\t\t\t\t<\/div>\n\t\t\t\t<\/div>\n\t\t\t\t<div class=\"elementor-element elementor-element-2d6a576 elementor-widget elementor-widget-heading\" data-id=\"2d6a576\" data-element_type=\"widget\" data-e-type=\"widget\" data-widget_type=\"heading.default\">\n\t\t\t\t<div class=\"elementor-widget-container\">\n\t\t\t\t\t<p class=\"elementor-heading-title elementor-size-default\">Cambia el mundo mientras ves el mundo\n<\/p>\t\t\t\t<\/div>\n\t\t\t\t<\/div>\n\t\t\t\t<div class=\"elementor-element elementor-element-e4c108f elementor-align-center elementor-widget elementor-widget-button\" data-id=\"e4c108f\" data-element_type=\"widget\" data-e-type=\"widget\" data-widget_type=\"button.default\">\n\t\t\t\t<div class=\"elementor-widget-container\">\n\t\t\t\t\t\t\t\t\t<div class=\"elementor-button-wrapper\">\n\t\t\t\t\t<a class=\"elementor-button elementor-button-link elementor-size-lg\" href=\"#vol-grid\">\n\t\t\t\t\t\t<span class=\"elementor-button-content-wrapper\">\n\t\t\t\t\t\t\t\t\t<span class=\"elementor-button-text\">M\u00e1s informaci\u00f3n<\/span>\n\t\t\t\t\t<\/span>\n\t\t\t\t\t<\/a>\n\t\t\t\t<\/div>\n\t\t\t\t\t\t\t\t<\/div>\n\t\t\t\t<\/div>\n\t\t\t\t\t<\/div>\n\t\t\t\t<\/div>\n\t\t<div class=\"elementor-element elementor-element-917da2b e-con-full e-flex e-con e-child\" data-id=\"917da2b\" data-element_type=\"container\" data-e-type=\"container\" data-settings=\"{&quot;background_background&quot;:&quot;classic&quot;,&quot;position&quot;:&quot;absolute&quot;}\">\n\t\t\t\t<div class=\"elementor-element elementor-element-bcfbcf9 elementor-widget elementor-widget-html\" data-id=\"bcfbcf9\" data-element_type=\"widget\" data-e-type=\"widget\" data-widget_type=\"html.default\">\n\t\t\t\t<div class=\"elementor-widget-container\">\n\t\t\t\t\t<div class=\"arrow wide-medium-gray\">&nbsp;<\/div>\t\t\t\t<\/div>\n\t\t\t\t<\/div>\n\t\t\t\t<\/div>\n\t\t\t\t<\/div>\n\t\t<div class=\"elementor-element elementor-element-3b001f0 e-flex e-con-boxed e-con e-child\" data-id=\"3b001f0\" data-element_type=\"container\" data-e-type=\"container\" id=\"vol-grid\" data-settings=\"{&quot;background_background&quot;:&quot;classic&quot;}\">\n\t\t\t\t\t<div class=\"e-con-inner\">\n\t\t<div class=\"elementor-element elementor-element-165ed3d e-con-full e-flex e-con e-child\" data-id=\"165ed3d\" data-element_type=\"container\" data-e-type=\"container\" data-settings=\"{&quot;background_background&quot;:&quot;classic&quot;}\">\n\t\t\t\t<div class=\"elementor-element elementor-element-dcf3afe elementor-widget elementor-widget-heading\" data-id=\"dcf3afe\" data-element_type=\"widget\" data-e-type=\"widget\" data-widget_type=\"heading.default\">\n\t\t\t\t<div class=\"elementor-widget-container\">\n\t\t\t\t\t<h2 class=\"elementor-heading-title elementor-size-default\"><a href=\"https:\/\/richmondvale.org\/es\/voluntario-para-la-conservacion-marina-3-meses\/\">Voluntario para la conservaci\u00f3n marina: 3 meses<\/a><\/h2>\t\t\t\t<\/div>\n\t\t\t\t<\/div>\n\t\t\t\t<div class=\"elementor-element elementor-element-99fac8a elementor-widget elementor-widget-text-editor\" data-id=\"99fac8a\" data-element_type=\"widget\" data-e-type=\"widget\" data-widget_type=\"text-editor.default\">\n\t\t\t\t<div class=\"elementor-widget-container\">\n\t\t\t\t\t\t\t\t\t<p>\u00bfQu\u00e9 ocurre en el oc\u00e9ano durante el cambio clim\u00e1tico? \u00bfC\u00f3mo se ven afectados los arrecifes de coral del mundo y c\u00f3mo nos afecta eso a nosotros? \u00bfQu\u00e9 podemos hacer para ayudar a proteger y reconstruir los sistemas ecol\u00f3gicos costeros?<\/p>\n\t\t\t\t\t\t\t\t<\/div>\n\t\t\t\t<\/div>\n\t\t\t\t<div class=\"elementor-element elementor-element-6ad1210 elementor-view-stacked elementor-absolute elementor-shape-circle elementor-widget elementor-widget-icon\" data-id=\"6ad1210\" data-element_type=\"widget\" data-e-type=\"widget\" data-settings=\"{&quot;_position&quot;:&quot;absolute&quot;}\" data-widget_type=\"icon.default\">\n\t\t\t\t<div class=\"elementor-widget-container\">\n\t\t\t\t\t\t\t<div class=\"elementor-icon-wrapper\">\n\t\t\t<a class=\"elementor-icon\" href=\"https:\/\/richmondvale.org\/es\/voluntario-para-la-conservacion-marina-3-meses\/\">\n\t\t\t<i aria-hidden=\"true\" class=\"fas fa-angle-right\"><\/i>\t\t\t<\/a>\n\t\t<\/div>\n\t\t\t\t\t\t<\/div>\n\t\t\t\t<\/div>\n\t\t\t\t<\/div>\n\t\t<div class=\"elementor-element elementor-element-95aaddc e-con-full e-flex e-con e-child\" data-id=\"95aaddc\" data-element_type=\"container\" data-e-type=\"container\" data-settings=\"{&quot;background_background&quot;:&quot;classic&quot;}\">\n\t\t\t\t<div class=\"elementor-element elementor-element-66ebf88 elementor-widget elementor-widget-heading\" data-id=\"66ebf88\" data-element_type=\"widget\" data-e-type=\"widget\" data-widget_type=\"heading.default\">\n\t\t\t\t<div class=\"elementor-widget-container\">\n\t\t\t\t\t<h2 class=\"elementor-heading-title elementor-size-default\"><a href=\"https:\/\/richmondvale.org\/es\/voluntariado-en-el-extranjero-6-meses\/\">Voluntario por el Clima: 6 Meses<\/a><\/h2>\t\t\t\t<\/div>\n\t\t\t\t<\/div>\n\t\t\t\t<div class=\"elementor-element elementor-element-ae37fcb elementor-widget elementor-widget-text-editor\" data-id=\"ae37fcb\" data-element_type=\"widget\" data-e-type=\"widget\" data-widget_type=\"text-editor.default\">\n\t\t\t\t<div class=\"elementor-widget-container\">\n\t\t\t\t\t\t\t\t\t<p>En la Academia Richmond Vale creemos que todos tenemos el poder de cambiar el mundo. Durante nuestro programa de activismo clim\u00e1tico de 6 meses, voluntarios de todo el mundo se unen para contrarrestar el cambio clim\u00e1tico y crear una vida sostenible en el Caribe.<\/p>\n\t\t\t\t\t\t\t\t<\/div>\n\t\t\t\t<\/div>\n\t\t\t\t<div class=\"elementor-element elementor-element-29dfa1a elementor-view-stacked elementor-absolute elementor-shape-circle elementor-widget elementor-widget-icon\" data-id=\"29dfa1a\" data-element_type=\"widget\" data-e-type=\"widget\" data-settings=\"{&quot;_position&quot;:&quot;absolute&quot;}\" data-widget_type=\"icon.default\">\n\t\t\t\t<div class=\"elementor-widget-container\">\n\t\t\t\t\t\t\t<div class=\"elementor-icon-wrapper\">\n\t\t\t<a class=\"elementor-icon\" href=\"https:\/\/richmondvale.org\/es\/voluntariado-en-el-extranjero-6-meses\/\">\n\t\t\t<i aria-hidden=\"true\" class=\"fas fa-angle-right\"><\/i>\t\t\t<\/a>\n\t\t<\/div>\n\t\t\t\t\t\t<\/div>\n\t\t\t\t<\/div>\n\t\t\t\t<\/div>\n\t\t<div class=\"elementor-element elementor-element-63f0295 e-con-full e-flex e-con e-child\" data-id=\"63f0295\" data-element_type=\"container\" data-e-type=\"container\" data-settings=\"{&quot;background_background&quot;:&quot;classic&quot;}\">\n\t\t\t\t<div class=\"elementor-element elementor-element-f9ccedf elementor-widget elementor-widget-heading\" data-id=\"f9ccedf\" data-element_type=\"widget\" data-e-type=\"widget\" data-widget_type=\"heading.default\">\n\t\t\t\t<div class=\"elementor-widget-container\">\n\t\t\t\t\t<h2 class=\"elementor-heading-title elementor-size-default\"><a href=\"https:\/\/richmondvale.org\/es\/voluntariado-en-el-extranjero-10-meses\/\">Voluntario para la Comunidad: 10 Meses<\/a><\/h2>\t\t\t\t<\/div>\n\t\t\t\t<\/div>\n\t\t\t\t<div class=\"elementor-element elementor-element-acd9806 elementor-widget elementor-widget-text-editor\" data-id=\"acd9806\" data-element_type=\"widget\" data-e-type=\"widget\" data-widget_type=\"text-editor.default\">\n\t\t\t\t<div class=\"elementor-widget-container\">\n\t\t\t\t\t\t\t\t\t<p>En la Academia Richmond Vale creemos que todos tenemos el poder de cambiar el mundo. Durante nuestro programa de voluntariado en el extranjero de 10 meses, te convertir\u00e1s en una fuerza proactiva en la ense\u00f1anza y la ejecuci\u00f3n de proyectos en algunos de los pa\u00edses m\u00e1s pobres del mundo.  <\/p>\n\t\t\t\t\t\t\t\t<\/div>\n\t\t\t\t<\/div>\n\t\t\t\t<div class=\"elementor-element elementor-element-3540cac elementor-view-stacked elementor-absolute elementor-shape-circle elementor-widget elementor-widget-icon\" data-id=\"3540cac\" data-element_type=\"widget\" data-e-type=\"widget\" data-settings=\"{&quot;_position&quot;:&quot;absolute&quot;}\" data-widget_type=\"icon.default\">\n\t\t\t\t<div class=\"elementor-widget-container\">\n\t\t\t\t\t\t\t<div class=\"elementor-icon-wrapper\">\n\t\t\t<a class=\"elementor-icon\" href=\"https:\/\/richmondvale.org\/es\/voluntariado-en-el-extranjero-10-meses\/\">\n\t\t\t<i aria-hidden=\"true\" class=\"fas fa-angle-right\"><\/i>\t\t\t<\/a>\n\t\t<\/div>\n\t\t\t\t\t\t<\/div>\n\t\t\t\t<\/div>\n\t\t\t\t<\/div>\n\t\t<div class=\"elementor-element elementor-element-9870c00 e-con-full elementor-hidden-desktop elementor-hidden-laptop elementor-hidden-tablet elementor-hidden-mobile e-flex e-con e-child\" data-id=\"9870c00\" data-element_type=\"container\" data-e-type=\"container\" data-settings=\"{&quot;background_background&quot;:&quot;classic&quot;}\">\n\t\t\t\t<div class=\"elementor-element elementor-element-f1b590b elementor-widget elementor-widget-heading\" data-id=\"f1b590b\" data-element_type=\"widget\" data-e-type=\"widget\" data-widget_type=\"heading.default\">\n\t\t\t\t<div class=\"elementor-widget-container\">\n\t\t\t\t\t<h2 class=\"elementor-heading-title elementor-size-default\"><a href=\"https:\/\/richmondvale.org\/es\/estudiar-y-hacer-voluntariado-en-el-extranjero-18-meses\/\">Estudiar y hacer voluntariado en el extranjero: 18 meses<\/a><\/h2>\t\t\t\t<\/div>\n\t\t\t\t<\/div>\n\t\t\t\t<div class=\"elementor-element elementor-element-852e45d elementor-widget elementor-widget-text-editor\" data-id=\"852e45d\" data-element_type=\"widget\" data-e-type=\"widget\" data-widget_type=\"text-editor.default\">\n\t\t\t\t<div class=\"elementor-widget-container\">\n\t\t\t\t\t\t\t\t\t<p>Este Programa de 18 meses tiene como objetivo colaborar con los pa\u00edses en desarrollo para crear un mundo sostenible, al tiempo que ofrece a personas como usted la oportunidad de unirse a nuestros esfuerzos colectivos y trabajar como voluntario en un proyecto de desarrollo en el extranjero.  <\/p>\n\t\t\t\t\t\t\t\t<\/div>\n\t\t\t\t<\/div>\n\t\t\t\t<div class=\"elementor-element elementor-element-9fc7c9d elementor-view-stacked elementor-absolute elementor-shape-circle elementor-widget elementor-widget-icon\" data-id=\"9fc7c9d\" data-element_type=\"widget\" data-e-type=\"widget\" data-settings=\"{&quot;_position&quot;:&quot;absolute&quot;}\" data-widget_type=\"icon.default\">\n\t\t\t\t<div class=\"elementor-widget-container\">\n\t\t\t\t\t\t\t<div class=\"elementor-icon-wrapper\">\n\t\t\t<a class=\"elementor-icon\" href=\"https:\/\/richmondvale.org\/es\/estudiar-y-hacer-voluntariado-en-el-extranjero-18-meses\/\">\n\t\t\t<i aria-hidden=\"true\" class=\"fas fa-angle-right\"><\/i>\t\t\t<\/a>\n\t\t<\/div>\n\t\t\t\t\t\t<\/div>\n\t\t\t\t<\/div>\n\t\t\t\t<\/div>\n\t\t\t\t\t<\/div>\n\t\t\t\t<\/div>\n\t\t\t\t<\/div>\n\t\t","protected":false},"excerpt":{"rendered":"<p>Voluntariado en el extranjero Cambia el mundo mientras ves el mundo M\u00e1s informaci\u00f3n &nbsp; Voluntario para la conservaci\u00f3n marina: 3 meses \u00bfQu\u00e9 ocurre en el oc\u00e9ano durante el cambio clim\u00e1tico? \u00bfC\u00f3mo se ven afectados los arrecifes de coral del mundo y c\u00f3mo nos afecta eso a nosotros? \u00bfQu\u00e9 podemos hacer para ayudar a proteger y&#8230; <a href=\"https:\/\/richmondvale.org\/es\/voluntariado-en-el-extranjero\/\" class=\"read-more-link\">READ MORE <i class=\"fa fa-caret-right\" aria-hidden=\"true\"><\/i><\/a><\/p>\n","protected":false},"author":3,"featured_media":0,"parent":0,"menu_order":0,"comment_status":"closed","ping_status":"closed","template":"","meta":{"_acf_changed":false,"_monsterinsights_skip_tracking":false,"_monsterinsights_sitenote_active":false,"_monsterinsights_sitenote_note":"","_monsterinsights_sitenote_category":0,"ngg_post_thumbnail":0,"footnotes":""},"class_list":["post-123451","page","type-page","status-publish","hentry"],"acf":[],"yoast_head":"<!-- This site is optimized with the Yoast SEO Premium plugin v27.5 (Yoast SEO v27.5) - https:\/\/yoast.com\/product\/yoast-seo-premium-wordpress\/ -->\n<title>Voluntariado en el extranjero - Richmond Vale Academy<\/title>\n<meta name=\"robots\" content=\"index, follow, max-snippet:-1, max-image-preview:large, max-video-preview:-1\" \/>\n<link rel=\"canonical\" href=\"https:\/\/richmondvale.org\/es\/voluntariado-en-el-extranjero\/\" \/>\n<meta property=\"og:locale\" content=\"es_ES\" \/>\n<meta property=\"og:type\" content=\"article\" \/>\n<meta property=\"og:title\" content=\"Voluntariado en el extranjero\" \/>\n<meta property=\"og:description\" content=\"Voluntariado en el extranjero Cambia el mundo mientras ves el mundo M\u00e1s informaci\u00f3n &nbsp; Voluntario para la conservaci\u00f3n marina: 3 meses \u00bfQu\u00e9 ocurre en el oc\u00e9ano durante el cambio clim\u00e1tico? \u00bfC\u00f3mo se ven afectados los arrecifes de coral del mundo y c\u00f3mo nos afecta eso a nosotros? \u00bfQu\u00e9 podemos hacer para ayudar a proteger y... READ MORE\" \/>\n<meta property=\"og:url\" content=\"https:\/\/richmondvale.org\/es\/voluntariado-en-el-extranjero\/\" \/>\n<meta property=\"og:site_name\" content=\"Richmond Vale Academy\" \/>\n<meta property=\"article:publisher\" content=\"https:\/\/www.facebook.com\/RichmondValeAcademy\/\" \/>\n<meta property=\"article:modified_time\" content=\"2025-02-14T23:11:34+00:00\" \/>\n<meta property=\"og:image\" content=\"https:\/\/richmondvale.org\/wp-content\/uploads\/2023\/12\/RVA_SocialShareImage.jpg\" \/>\n\t<meta property=\"og:image:width\" content=\"1200\" \/>\n\t<meta property=\"og:image:height\" content=\"628\" \/>\n\t<meta property=\"og:image:type\" content=\"image\/jpeg\" \/>\n<meta name=\"twitter:card\" content=\"summary_large_image\" \/>\n<meta name=\"twitter:label1\" content=\"Tiempo de lectura\" \/>\n\t<meta name=\"twitter:data1\" content=\"1 minuto\" \/>\n<script type=\"application\/ld+json\" class=\"yoast-schema-graph\">{\"@context\":\"https:\\\/\\\/schema.org\",\"@graph\":[{\"@type\":\"WebPage\",\"@id\":\"https:\\\/\\\/richmondvale.org\\\/es\\\/voluntariado-en-el-extranjero\\\/\",\"url\":\"https:\\\/\\\/richmondvale.org\\\/es\\\/voluntariado-en-el-extranjero\\\/\",\"name\":\"Voluntariado en el extranjero - Richmond Vale Academy\",\"isPartOf\":{\"@id\":\"https:\\\/\\\/richmondvale.org\\\/es\\\/#website\"},\"datePublished\":\"2024-02-06T10:07:13+00:00\",\"dateModified\":\"2025-02-14T23:11:34+00:00\",\"breadcrumb\":{\"@id\":\"https:\\\/\\\/richmondvale.org\\\/es\\\/voluntariado-en-el-extranjero\\\/#breadcrumb\"},\"inLanguage\":\"es\",\"potentialAction\":[{\"@type\":\"ReadAction\",\"target\":[\"https:\\\/\\\/richmondvale.org\\\/es\\\/voluntariado-en-el-extranjero\\\/\"]}]},{\"@type\":\"BreadcrumbList\",\"@id\":\"https:\\\/\\\/richmondvale.org\\\/es\\\/voluntariado-en-el-extranjero\\\/#breadcrumb\",\"itemListElement\":[{\"@type\":\"ListItem\",\"position\":1,\"name\":\"Home\",\"item\":\"https:\\\/\\\/richmondvale.org\\\/es\\\/\"},{\"@type\":\"ListItem\",\"position\":2,\"name\":\"Voluntariado en el extranjero\"}]},{\"@type\":\"WebSite\",\"@id\":\"https:\\\/\\\/richmondvale.org\\\/es\\\/#website\",\"url\":\"https:\\\/\\\/richmondvale.org\\\/es\\\/\",\"name\":\"Richmond Vale Academy\",\"description\":\"\",\"publisher\":{\"@id\":\"https:\\\/\\\/richmondvale.org\\\/es\\\/#organization\"},\"potentialAction\":[{\"@type\":\"SearchAction\",\"target\":{\"@type\":\"EntryPoint\",\"urlTemplate\":\"https:\\\/\\\/richmondvale.org\\\/es\\\/?s={search_term_string}\"},\"query-input\":{\"@type\":\"PropertyValueSpecification\",\"valueRequired\":true,\"valueName\":\"search_term_string\"}}],\"inLanguage\":\"es\"},{\"@type\":\"Organization\",\"@id\":\"https:\\\/\\\/richmondvale.org\\\/es\\\/#organization\",\"name\":\"Richmond Vale Academy\",\"url\":\"https:\\\/\\\/richmondvale.org\\\/es\\\/\",\"logo\":{\"@type\":\"ImageObject\",\"inLanguage\":\"es\",\"@id\":\"https:\\\/\\\/richmondvale.org\\\/es\\\/#\\\/schema\\\/logo\\\/image\\\/\",\"url\":\"https:\\\/\\\/richmondvale.org\\\/wp-content\\\/uploads\\\/2023\\\/11\\\/rva-logo.png\",\"contentUrl\":\"https:\\\/\\\/richmondvale.org\\\/wp-content\\\/uploads\\\/2023\\\/11\\\/rva-logo.png\",\"width\":319,\"height\":92,\"caption\":\"Richmond Vale Academy\"},\"image\":{\"@id\":\"https:\\\/\\\/richmondvale.org\\\/es\\\/#\\\/schema\\\/logo\\\/image\\\/\"},\"sameAs\":[\"https:\\\/\\\/www.facebook.com\\\/RichmondValeAcademy\\\/\",\"https:\\\/\\\/www.instagram.com\\\/richmondvaleacademy\\\/?hl=en\",\"https:\\\/\\\/www.youtube.com\\\/channel\\\/UC11Q4oA2N0YMVskaLNJGXSQ\",\"https:\\\/\\\/www.linkedin.com\\\/company\\\/richmond-vale-academy\\\/\"]}]}<\/script>\n<!-- \/ Yoast SEO Premium plugin. -->","yoast_head_json":{"title":"Voluntariado en el extranjero - Richmond Vale Academy","robots":{"index":"index","follow":"follow","max-snippet":"max-snippet:-1","max-image-preview":"max-image-preview:large","max-video-preview":"max-video-preview:-1"},"canonical":"https:\/\/richmondvale.org\/es\/voluntariado-en-el-extranjero\/","og_locale":"es_ES","og_type":"article","og_title":"Voluntariado en el extranjero","og_description":"Voluntariado en el extranjero Cambia el mundo mientras ves el mundo M\u00e1s informaci\u00f3n &nbsp; Voluntario para la conservaci\u00f3n marina: 3 meses \u00bfQu\u00e9 ocurre en el oc\u00e9ano durante el cambio clim\u00e1tico? \u00bfC\u00f3mo se ven afectados los arrecifes de coral del mundo y c\u00f3mo nos afecta eso a nosotros? \u00bfQu\u00e9 podemos hacer para ayudar a proteger y... READ MORE","og_url":"https:\/\/richmondvale.org\/es\/voluntariado-en-el-extranjero\/","og_site_name":"Richmond Vale Academy","article_publisher":"https:\/\/www.facebook.com\/RichmondValeAcademy\/","article_modified_time":"2025-02-14T23:11:34+00:00","og_image":[{"width":1200,"height":628,"url":"https:\/\/richmondvale.org\/wp-content\/uploads\/2023\/12\/RVA_SocialShareImage.jpg","type":"image\/jpeg"}],"twitter_card":"summary_large_image","twitter_misc":{"Tiempo de lectura":"1 minuto"},"schema":{"@context":"https:\/\/schema.org","@graph":[{"@type":"WebPage","@id":"https:\/\/richmondvale.org\/es\/voluntariado-en-el-extranjero\/","url":"https:\/\/richmondvale.org\/es\/voluntariado-en-el-extranjero\/","name":"Voluntariado en el extranjero - Richmond Vale Academy","isPartOf":{"@id":"https:\/\/richmondvale.org\/es\/#website"},"datePublished":"2024-02-06T10:07:13+00:00","dateModified":"2025-02-14T23:11:34+00:00","breadcrumb":{"@id":"https:\/\/richmondvale.org\/es\/voluntariado-en-el-extranjero\/#breadcrumb"},"inLanguage":"es","potentialAction":[{"@type":"ReadAction","target":["https:\/\/richmondvale.org\/es\/voluntariado-en-el-extranjero\/"]}]},{"@type":"BreadcrumbList","@id":"https:\/\/richmondvale.org\/es\/voluntariado-en-el-extranjero\/#breadcrumb","itemListElement":[{"@type":"ListItem","position":1,"name":"Home","item":"https:\/\/richmondvale.org\/es\/"},{"@type":"ListItem","position":2,"name":"Voluntariado en el extranjero"}]},{"@type":"WebSite","@id":"https:\/\/richmondvale.org\/es\/#website","url":"https:\/\/richmondvale.org\/es\/","name":"Richmond Vale Academy","description":"","publisher":{"@id":"https:\/\/richmondvale.org\/es\/#organization"},"potentialAction":[{"@type":"SearchAction","target":{"@type":"EntryPoint","urlTemplate":"https:\/\/richmondvale.org\/es\/?s={search_term_string}"},"query-input":{"@type":"PropertyValueSpecification","valueRequired":true,"valueName":"search_term_string"}}],"inLanguage":"es"},{"@type":"Organization","@id":"https:\/\/richmondvale.org\/es\/#organization","name":"Richmond Vale Academy","url":"https:\/\/richmondvale.org\/es\/","logo":{"@type":"ImageObject","inLanguage":"es","@id":"https:\/\/richmondvale.org\/es\/#\/schema\/logo\/image\/","url":"https:\/\/richmondvale.org\/wp-content\/uploads\/2023\/11\/rva-logo.png","contentUrl":"https:\/\/richmondvale.org\/wp-content\/uploads\/2023\/11\/rva-logo.png","width":319,"height":92,"caption":"Richmond Vale Academy"},"image":{"@id":"https:\/\/richmondvale.org\/es\/#\/schema\/logo\/image\/"},"sameAs":["https:\/\/www.facebook.com\/RichmondValeAcademy\/","https:\/\/www.instagram.com\/richmondvaleacademy\/?hl=en","https:\/\/www.youtube.com\/channel\/UC11Q4oA2N0YMVskaLNJGXSQ","https:\/\/www.linkedin.com\/company\/richmond-vale-academy\/"]}]}},"_links":{"self":[{"href":"https:\/\/richmondvale.org\/es\/wp-json\/wp\/v2\/pages\/123451","targetHints":{"allow":["GET"]}}],"collection":[{"href":"https:\/\/richmondvale.org\/es\/wp-json\/wp\/v2\/pages"}],"about":[{"href":"https:\/\/richmondvale.org\/es\/wp-json\/wp\/v2\/types\/page"}],"author":[{"embeddable":true,"href":"https:\/\/richmondvale.org\/es\/wp-json\/wp\/v2\/users\/3"}],"replies":[{"embeddable":true,"href":"https:\/\/richmondvale.org\/es\/wp-json\/wp\/v2\/comments?post=123451"}],"version-history":[{"count":5,"href":"https:\/\/richmondvale.org\/es\/wp-json\/wp\/v2\/pages\/123451\/revisions"}],"predecessor-version":[{"id":125464,"href":"https:\/\/richmondvale.org\/es\/wp-json\/wp\/v2\/pages\/123451\/revisions\/125464"}],"wp:attachment":[{"href":"https:\/\/richmondvale.org\/es\/wp-json\/wp\/v2\/media?parent=123451"}],"curies":[{"name":"wp","href":"https:\/\/api.w.org\/{rel}","templated":true}]}}