{"id":123744,"date":"2022-04-05T15:48:46","date_gmt":"2022-04-05T19:48:46","guid":{"rendered":"https:\/\/richmondvale.org\/bedingungen-der-dienstleistung\/"},"modified":"2024-02-09T10:49:37","modified_gmt":"2024-02-09T15:49:37","slug":"bedingungen-der-dienstleistung","status":"publish","type":"page","link":"https:\/\/richmondvale.org\/de\/bedingungen-der-dienstleistung\/","title":{"rendered":"Bedingungen der Dienstleistung"},"content":{"rendered":"\t\t<div data-elementor-type=\"wp-page\" data-elementor-id=\"123744\" class=\"elementor elementor-123744 elementor-57\" data-elementor-post-type=\"page\">\n\t\t\t\t<div class=\"elementor-element elementor-element-7111923 e-flex e-con-boxed e-con e-parent\" data-id=\"7111923\" data-element_type=\"container\" data-e-type=\"container\">\n\t\t\t\t\t<div class=\"e-con-inner\">\n\t\t<div class=\"elementor-element elementor-element-2486d25 e-con-full e-flex e-con e-child\" data-id=\"2486d25\" data-element_type=\"container\" data-e-type=\"container\">\n\t\t\t\t<\/div>\n\t\t<div class=\"elementor-element elementor-element-769b784 e-con-full e-flex e-con e-child\" data-id=\"769b784\" data-element_type=\"container\" data-e-type=\"container\">\n\t\t\t\t<div class=\"elementor-element elementor-element-86dc0fa elementor-widget elementor-widget-heading\" data-id=\"86dc0fa\" data-element_type=\"widget\" data-e-type=\"widget\" data-widget_type=\"heading.default\">\n\t\t\t\t<div class=\"elementor-widget-container\">\n\t\t\t\t\t<h2 class=\"elementor-heading-title elementor-size-default\">Bedingungen der Dienstleistung<\/h2>\t\t\t\t<\/div>\n\t\t\t\t<\/div>\n\t\t\t\t<div class=\"elementor-element elementor-element-6bb36b3 elementor-widget elementor-widget-text-editor\" data-id=\"6bb36b3\" data-element_type=\"widget\" data-e-type=\"widget\" data-widget_type=\"text-editor.default\">\n\t\t\t\t<div class=\"elementor-widget-container\">\n\t\t\t\t\t\t\t\t\t<h4>Allgemeiner Haftungsausschluss<\/h4>\n<p>Die Richmond Vale Academy bem\u00fcht sich, auf ihrer Website genaue und zuverl\u00e4ssige Informationen zu pr\u00e4sentieren. Wir arbeiten jedoch mit einer Reihe von Partnern zusammen und k\u00f6nnen die dargestellten Informationen nicht zertifizieren oder ihre Richtigkeit garantieren.<\/p>\n<p>Die Richmond Vale Academy garantiert nicht, dass die Website ohne Unterbrechung, ohne Verz\u00f6gerung, fehlerfrei, ohne Auslassungen oder frei von Viren ist. Die Informationen werden daher ohne jegliche ausdr\u00fcckliche oder stillschweigende Gew\u00e4hrleistung, einschlie\u00dflich der Genauigkeit, Aktualit\u00e4t und Vollst\u00e4ndigkeit, zur Verf\u00fcgung gestellt. In keinem Fall sind die Richmond Vale Academy oder ihre jeweiligen Partner, Auftraggeber, Vertreter oder Angestellten haftbar f\u00fcr direkte, indirekte, zuf\u00e4llige, besondere, exemplarische, strafende, Folge- oder andere Sch\u00e4den (einschlie\u00dflich, aber nicht beschr\u00e4nkt auf die Haftung f\u00fcr Nutzungs-, Daten- oder Gewinnverluste), unabh\u00e4ngig von der Form der Handlung, einschlie\u00dflich, aber nicht beschr\u00e4nkt auf Vertrag, Fahrl\u00e4ssigkeit oder andere unerlaubte Handlungen, die sich aus oder in Verbindung mit der Website, Inhalten auf der Website oder dem Zugriff auf die Website oder einer Vervielf\u00e4ltigung, Darstellung oder anderen Nutzung ergeben.<\/p>\n<p>Verweise auf Personen, Organisationen, Produkte oder Dienstleistungen auf dieser Website bedeuten nicht, dass die Richmond Vale Academy unterst\u00fctzt wird, es sei denn, dies wird ausdr\u00fccklich erw\u00e4hnt.<\/p>\n<p>Die Richmond Vale Academy \u00fcbernimmt keine Verantwortung f\u00fcr die Folgen, die sich aus der Nutzung von Informationen ergeben, die auf den Seiten dieser Website enthalten sind oder von verlinkten externen Websites stammen.<\/p>\n<h4>Rechtlicher Status<\/h4>\n<p>Die Richmond Vale Academy (RVA) wurde 2002 als gemeinn\u00fctziges Unternehmen in St. Vincent und den Grenadinen gegr\u00fcndet. Die Registrierungsnummer lautet 147 aus dem Jahr 2002. Die Identifikationsnummer des Arbeitgebers lautet 661273.<\/p>\n<h4><strong>BENUTZERVEREINBARUNG<\/strong><\/h4>\n<h4>Nutzungsbedingungen<\/h4>\n<p>Durch die Nutzung dieser Website der Richmond Vale Academy oder ihrer anderen Websites erkl\u00e4ren Sie sich mit den in dieser Nutzungsvereinbarung dargelegten Bedingungen und Konditionen einverstanden. Die Richmond Vale Academy beh\u00e4lt sich das Recht vor, diese Nutzungsbedingungen jederzeit und ohne Vorank\u00fcndigung zu \u00e4ndern, und Sie m\u00fcssen bei jedem Besuch dieser Website die neueste Version dieser Nutzungsvereinbarung einsehen.<\/p>\n<h4>Gew\u00e4hrleistungsausschluss<\/h4>\n<p>Die Richmond Vale Academy bietet ihren Nutzern \u00fcber diese Website Zugang zu einer Vielzahl von Ressourcen. Die Richmond Vale Academy \u00fcbernimmt keinerlei Garantie f\u00fcr diese Website, einschlie\u00dflich, aber nicht beschr\u00e4nkt auf Garantien f\u00fcr Richtigkeit, Vollst\u00e4ndigkeit, Handelsf\u00e4higkeit, Eignung f\u00fcr einen bestimmten Zweck oder daf\u00fcr, dass diese Website frei von Viren ist, und solche Garantien werden ausdr\u00fccklich ausgeschlossen.<\/p>\n<h4>Urheberrecht<\/h4>\n<p>Da der Inhalt der Website urheberrechtlich gesch\u00fctzt ist, kann jede unbefugte Verwendung von Materialien auf der Website gegen Urheberrechtsgesetze versto\u00dfen.<\/p>\n<p>Das Material auf der Website darf ohne ausdr\u00fcckliche schriftliche Genehmigung des entsprechenden Inhalts- oder Materialanbieters (einschlie\u00dflich Links zu Dritten) nicht ver\u00e4ndert, vervielf\u00e4ltigt, \u00f6ffentlich ausgestellt, vorgef\u00fchrt, verbreitet oder f\u00fcr \u00f6ffentliche oder kommerzielle Zwecke verwendet werden. Die Richmond Vale Academy tr\u00e4gt kein Risiko, keine Verantwortung und keine Haftung f\u00fcr den Fall, dass ein Nutzer eine solche ausdr\u00fcckliche schriftliche Genehmigung, wie von der Richmond Vale Academy empfohlen, nicht einholt.<\/p>\n<h4>Vermerke<\/h4>\n<p>Die Richmond Vale Academy kann auf ihrer Website Links zu anderen Websites anbieten, die nicht unter der Kontrolle der Richmond Vale Academy stehen. Der Nutzer erkennt an, dass die Informationen und Meinungen auf dieser Website oder auf anderen Websites, die mit dieser Website verlinkt sind, nicht notwendigerweise die der Richmond Vale Academy sind oder von der Richmond Vale Academy gebilligt werden.<\/p>\n<h4>Links zu Websites von Dritten<\/h4>\n<p>ie Links zu Drittanbietern werden unseren Nutzern als Annehmlichkeit zur Verf\u00fcgung gestellt. Die Richmond Vale Academy hat keine Kontrolle \u00fcber diese Websites und ist nicht f\u00fcr sie oder ihren Inhalt verantwortlich. Die Richmond Vale Academy ist verpflichtet, ihren Ruf zu sch\u00fctzen und beh\u00e4lt sich das Recht vor, die Entfernung eines Links zu unserer Website zu verlangen.<\/p>\n<h4>Beschr\u00e4nkung der Haftung<\/h4>\n<p>Der Nutzer erkennt an und erkl\u00e4rt sich damit einverstanden, dass er die Richmond Vale Academy und ihre leitenden Angestellten, Direktoren, Mitarbeiter und Freiwilligen von allen Anspr\u00fcchen freistellt, die sich aus der Nutzung oder der Unm\u00f6glichkeit der Nutzung der auf dieser Website oder auf anderen Websites, die mit dieser Website verlinkt sind, bereitgestellten Informationen ergeben oder damit zusammenh\u00e4ngen.<\/p>\n\t\t\t\t\t\t\t\t<\/div>\n\t\t\t\t<\/div>\n\t\t\t\t<\/div>\n\t\t<div class=\"elementor-element elementor-element-1dc41be e-con-full e-flex e-con e-child\" data-id=\"1dc41be\" data-element_type=\"container\" data-e-type=\"container\">\n\t\t\t\t<\/div>\n\t\t\t\t\t<\/div>\n\t\t\t\t<\/div>\n\t\t\t\t<\/div>\n\t\t","protected":false},"excerpt":{"rendered":"<p>Bedingungen der Dienstleistung Allgemeiner Haftungsausschluss Die Richmond Vale Academy bem\u00fcht sich, auf ihrer Website genaue und zuverl\u00e4ssige Informationen zu pr\u00e4sentieren. Wir arbeiten jedoch mit einer Reihe von Partnern zusammen und k\u00f6nnen die dargestellten Informationen nicht zertifizieren oder ihre Richtigkeit garantieren. Die Richmond Vale Academy garantiert nicht, dass die Website ohne Unterbrechung, ohne Verz\u00f6gerung, fehlerfrei, ohne&#8230; <a href=\"https:\/\/richmondvale.org\/de\/bedingungen-der-dienstleistung\/\" class=\"read-more-link\">READ MORE <i class=\"fa fa-caret-right\" aria-hidden=\"true\"><\/i><\/a><\/p>\n","protected":false},"author":3,"featured_media":0,"parent":0,"menu_order":0,"comment_status":"closed","ping_status":"closed","template":"","meta":{"_acf_changed":false,"_monsterinsights_skip_tracking":false,"_monsterinsights_sitenote_active":false,"_monsterinsights_sitenote_note":"","_monsterinsights_sitenote_category":0,"ngg_post_thumbnail":0,"footnotes":""},"class_list":["post-123744","page","type-page","status-publish","hentry"],"acf":[],"yoast_head":"<!-- This site is optimized with the Yoast SEO Premium plugin v27.5 (Yoast SEO v27.5) - https:\/\/yoast.com\/product\/yoast-seo-premium-wordpress\/ -->\n<title>Bedingungen der Dienstleistung - Richmond Vale Academy<\/title>\n<meta name=\"robots\" content=\"index, follow, max-snippet:-1, max-image-preview:large, max-video-preview:-1\" \/>\n<link rel=\"canonical\" href=\"https:\/\/richmondvale.org\/de\/bedingungen-der-dienstleistung\/\" \/>\n<meta property=\"og:locale\" content=\"de_DE\" \/>\n<meta property=\"og:type\" content=\"article\" \/>\n<meta property=\"og:title\" content=\"Bedingungen der Dienstleistung\" \/>\n<meta property=\"og:description\" content=\"Bedingungen der Dienstleistung Allgemeiner Haftungsausschluss Die Richmond Vale Academy bem\u00fcht sich, auf ihrer Website genaue und zuverl\u00e4ssige Informationen zu pr\u00e4sentieren. Wir arbeiten jedoch mit einer Reihe von Partnern zusammen und k\u00f6nnen die dargestellten Informationen nicht zertifizieren oder ihre Richtigkeit garantieren. Die Richmond Vale Academy garantiert nicht, dass die Website ohne Unterbrechung, ohne Verz\u00f6gerung, fehlerfrei, ohne... READ MORE\" \/>\n<meta property=\"og:url\" content=\"https:\/\/richmondvale.org\/de\/bedingungen-der-dienstleistung\/\" \/>\n<meta property=\"og:site_name\" content=\"Richmond Vale Academy\" \/>\n<meta property=\"article:publisher\" content=\"https:\/\/www.facebook.com\/RichmondValeAcademy\/\" \/>\n<meta property=\"article:modified_time\" content=\"2024-02-09T15:49:37+00:00\" \/>\n<meta property=\"og:image\" content=\"https:\/\/richmondvale.org\/wp-content\/uploads\/2023\/12\/RVA_SocialShareImage.jpg\" \/>\n\t<meta property=\"og:image:width\" content=\"1200\" \/>\n\t<meta property=\"og:image:height\" content=\"628\" \/>\n\t<meta property=\"og:image:type\" content=\"image\/jpeg\" \/>\n<meta name=\"twitter:card\" content=\"summary_large_image\" \/>\n<meta name=\"twitter:label1\" content=\"Gesch\u00e4tzte Lesezeit\" \/>\n\t<meta name=\"twitter:data1\" content=\"3\u00a0Minuten\" \/>\n<script type=\"application\/ld+json\" class=\"yoast-schema-graph\">{\"@context\":\"https:\\\/\\\/schema.org\",\"@graph\":[{\"@type\":\"WebPage\",\"@id\":\"https:\\\/\\\/richmondvale.org\\\/de\\\/bedingungen-der-dienstleistung\\\/\",\"url\":\"https:\\\/\\\/richmondvale.org\\\/de\\\/bedingungen-der-dienstleistung\\\/\",\"name\":\"Bedingungen der Dienstleistung - Richmond Vale Academy\",\"isPartOf\":{\"@id\":\"https:\\\/\\\/richmondvale.org\\\/de\\\/#website\"},\"datePublished\":\"2022-04-05T19:48:46+00:00\",\"dateModified\":\"2024-02-09T15:49:37+00:00\",\"breadcrumb\":{\"@id\":\"https:\\\/\\\/richmondvale.org\\\/de\\\/bedingungen-der-dienstleistung\\\/#breadcrumb\"},\"inLanguage\":\"de\",\"potentialAction\":[{\"@type\":\"ReadAction\",\"target\":[\"https:\\\/\\\/richmondvale.org\\\/de\\\/bedingungen-der-dienstleistung\\\/\"]}]},{\"@type\":\"BreadcrumbList\",\"@id\":\"https:\\\/\\\/richmondvale.org\\\/de\\\/bedingungen-der-dienstleistung\\\/#breadcrumb\",\"itemListElement\":[{\"@type\":\"ListItem\",\"position\":1,\"name\":\"Home\",\"item\":\"https:\\\/\\\/richmondvale.org\\\/de\\\/\"},{\"@type\":\"ListItem\",\"position\":2,\"name\":\"Bedingungen der Dienstleistung\"}]},{\"@type\":\"WebSite\",\"@id\":\"https:\\\/\\\/richmondvale.org\\\/de\\\/#website\",\"url\":\"https:\\\/\\\/richmondvale.org\\\/de\\\/\",\"name\":\"Richmond Vale Academy\",\"description\":\"\",\"publisher\":{\"@id\":\"https:\\\/\\\/richmondvale.org\\\/de\\\/#organization\"},\"potentialAction\":[{\"@type\":\"SearchAction\",\"target\":{\"@type\":\"EntryPoint\",\"urlTemplate\":\"https:\\\/\\\/richmondvale.org\\\/de\\\/?s={search_term_string}\"},\"query-input\":{\"@type\":\"PropertyValueSpecification\",\"valueRequired\":true,\"valueName\":\"search_term_string\"}}],\"inLanguage\":\"de\"},{\"@type\":\"Organization\",\"@id\":\"https:\\\/\\\/richmondvale.org\\\/de\\\/#organization\",\"name\":\"Richmond Vale Academy\",\"url\":\"https:\\\/\\\/richmondvale.org\\\/de\\\/\",\"logo\":{\"@type\":\"ImageObject\",\"inLanguage\":\"de\",\"@id\":\"https:\\\/\\\/richmondvale.org\\\/de\\\/#\\\/schema\\\/logo\\\/image\\\/\",\"url\":\"https:\\\/\\\/richmondvale.org\\\/wp-content\\\/uploads\\\/2023\\\/11\\\/rva-logo.png\",\"contentUrl\":\"https:\\\/\\\/richmondvale.org\\\/wp-content\\\/uploads\\\/2023\\\/11\\\/rva-logo.png\",\"width\":319,\"height\":92,\"caption\":\"Richmond Vale Academy\"},\"image\":{\"@id\":\"https:\\\/\\\/richmondvale.org\\\/de\\\/#\\\/schema\\\/logo\\\/image\\\/\"},\"sameAs\":[\"https:\\\/\\\/www.facebook.com\\\/RichmondValeAcademy\\\/\",\"https:\\\/\\\/www.instagram.com\\\/richmondvaleacademy\\\/?hl=en\",\"https:\\\/\\\/www.youtube.com\\\/channel\\\/UC11Q4oA2N0YMVskaLNJGXSQ\",\"https:\\\/\\\/www.linkedin.com\\\/company\\\/richmond-vale-academy\\\/\"]}]}<\/script>\n<!-- \/ Yoast SEO Premium plugin. -->","yoast_head_json":{"title":"Bedingungen der Dienstleistung - Richmond Vale Academy","robots":{"index":"index","follow":"follow","max-snippet":"max-snippet:-1","max-image-preview":"max-image-preview:large","max-video-preview":"max-video-preview:-1"},"canonical":"https:\/\/richmondvale.org\/de\/bedingungen-der-dienstleistung\/","og_locale":"de_DE","og_type":"article","og_title":"Bedingungen der Dienstleistung","og_description":"Bedingungen der Dienstleistung Allgemeiner Haftungsausschluss Die Richmond Vale Academy bem\u00fcht sich, auf ihrer Website genaue und zuverl\u00e4ssige Informationen zu pr\u00e4sentieren. Wir arbeiten jedoch mit einer Reihe von Partnern zusammen und k\u00f6nnen die dargestellten Informationen nicht zertifizieren oder ihre Richtigkeit garantieren. Die Richmond Vale Academy garantiert nicht, dass die Website ohne Unterbrechung, ohne Verz\u00f6gerung, fehlerfrei, ohne... READ MORE","og_url":"https:\/\/richmondvale.org\/de\/bedingungen-der-dienstleistung\/","og_site_name":"Richmond Vale Academy","article_publisher":"https:\/\/www.facebook.com\/RichmondValeAcademy\/","article_modified_time":"2024-02-09T15:49:37+00:00","og_image":[{"width":1200,"height":628,"url":"https:\/\/richmondvale.org\/wp-content\/uploads\/2023\/12\/RVA_SocialShareImage.jpg","type":"image\/jpeg"}],"twitter_card":"summary_large_image","twitter_misc":{"Gesch\u00e4tzte Lesezeit":"3\u00a0Minuten"},"schema":{"@context":"https:\/\/schema.org","@graph":[{"@type":"WebPage","@id":"https:\/\/richmondvale.org\/de\/bedingungen-der-dienstleistung\/","url":"https:\/\/richmondvale.org\/de\/bedingungen-der-dienstleistung\/","name":"Bedingungen der Dienstleistung - Richmond Vale Academy","isPartOf":{"@id":"https:\/\/richmondvale.org\/de\/#website"},"datePublished":"2022-04-05T19:48:46+00:00","dateModified":"2024-02-09T15:49:37+00:00","breadcrumb":{"@id":"https:\/\/richmondvale.org\/de\/bedingungen-der-dienstleistung\/#breadcrumb"},"inLanguage":"de","potentialAction":[{"@type":"ReadAction","target":["https:\/\/richmondvale.org\/de\/bedingungen-der-dienstleistung\/"]}]},{"@type":"BreadcrumbList","@id":"https:\/\/richmondvale.org\/de\/bedingungen-der-dienstleistung\/#breadcrumb","itemListElement":[{"@type":"ListItem","position":1,"name":"Home","item":"https:\/\/richmondvale.org\/de\/"},{"@type":"ListItem","position":2,"name":"Bedingungen der Dienstleistung"}]},{"@type":"WebSite","@id":"https:\/\/richmondvale.org\/de\/#website","url":"https:\/\/richmondvale.org\/de\/","name":"Richmond Vale Academy","description":"","publisher":{"@id":"https:\/\/richmondvale.org\/de\/#organization"},"potentialAction":[{"@type":"SearchAction","target":{"@type":"EntryPoint","urlTemplate":"https:\/\/richmondvale.org\/de\/?s={search_term_string}"},"query-input":{"@type":"PropertyValueSpecification","valueRequired":true,"valueName":"search_term_string"}}],"inLanguage":"de"},{"@type":"Organization","@id":"https:\/\/richmondvale.org\/de\/#organization","name":"Richmond Vale Academy","url":"https:\/\/richmondvale.org\/de\/","logo":{"@type":"ImageObject","inLanguage":"de","@id":"https:\/\/richmondvale.org\/de\/#\/schema\/logo\/image\/","url":"https:\/\/richmondvale.org\/wp-content\/uploads\/2023\/11\/rva-logo.png","contentUrl":"https:\/\/richmondvale.org\/wp-content\/uploads\/2023\/11\/rva-logo.png","width":319,"height":92,"caption":"Richmond Vale Academy"},"image":{"@id":"https:\/\/richmondvale.org\/de\/#\/schema\/logo\/image\/"},"sameAs":["https:\/\/www.facebook.com\/RichmondValeAcademy\/","https:\/\/www.instagram.com\/richmondvaleacademy\/?hl=en","https:\/\/www.youtube.com\/channel\/UC11Q4oA2N0YMVskaLNJGXSQ","https:\/\/www.linkedin.com\/company\/richmond-vale-academy\/"]}]}},"_links":{"self":[{"href":"https:\/\/richmondvale.org\/de\/wp-json\/wp\/v2\/pages\/123744","targetHints":{"allow":["GET"]}}],"collection":[{"href":"https:\/\/richmondvale.org\/de\/wp-json\/wp\/v2\/pages"}],"about":[{"href":"https:\/\/richmondvale.org\/de\/wp-json\/wp\/v2\/types\/page"}],"author":[{"embeddable":true,"href":"https:\/\/richmondvale.org\/de\/wp-json\/wp\/v2\/users\/3"}],"replies":[{"embeddable":true,"href":"https:\/\/richmondvale.org\/de\/wp-json\/wp\/v2\/comments?post=123744"}],"version-history":[{"count":1,"href":"https:\/\/richmondvale.org\/de\/wp-json\/wp\/v2\/pages\/123744\/revisions"}],"predecessor-version":[{"id":123750,"href":"https:\/\/richmondvale.org\/de\/wp-json\/wp\/v2\/pages\/123744\/revisions\/123750"}],"wp:attachment":[{"href":"https:\/\/richmondvale.org\/de\/wp-json\/wp\/v2\/media?parent=123744"}],"curies":[{"name":"wp","href":"https:\/\/api.w.org\/{rel}","templated":true}]}}