{"id":123719,"date":"2022-04-05T15:49:00","date_gmt":"2022-04-05T19:49:00","guid":{"rendered":"https:\/\/richmondvale.org\/datenschutz\/"},"modified":"2024-02-09T10:49:37","modified_gmt":"2024-02-09T15:49:37","slug":"datenschutz","status":"publish","type":"page","link":"https:\/\/richmondvale.org\/de\/datenschutz\/","title":{"rendered":"Datenschutz"},"content":{"rendered":"\t\t<div data-elementor-type=\"wp-page\" data-elementor-id=\"123719\" class=\"elementor elementor-123719 elementor-59\" data-elementor-post-type=\"page\">\n\t\t\t\t<div class=\"elementor-element elementor-element-aa2c1ca e-flex e-con-boxed e-con e-parent\" data-id=\"aa2c1ca\" data-element_type=\"container\" data-e-type=\"container\">\n\t\t\t\t\t<div class=\"e-con-inner\">\n\t\t<div class=\"elementor-element elementor-element-2a3f432 e-con-full e-flex e-con e-child\" data-id=\"2a3f432\" data-element_type=\"container\" data-e-type=\"container\">\n\t\t\t\t<\/div>\n\t\t<div class=\"elementor-element elementor-element-a2f3f84 e-con-full e-flex e-con e-child\" data-id=\"a2f3f84\" data-element_type=\"container\" data-e-type=\"container\">\n\t\t\t\t<div class=\"elementor-element elementor-element-5e4f0a2 elementor-widget elementor-widget-heading\" data-id=\"5e4f0a2\" data-element_type=\"widget\" data-e-type=\"widget\" data-widget_type=\"heading.default\">\n\t\t\t\t<div class=\"elementor-widget-container\">\n\t\t\t\t\t<h2 class=\"elementor-heading-title elementor-size-default\">Richmond Vale Academy Datenschutzrichtlinie<\/h2>\t\t\t\t<\/div>\n\t\t\t\t<\/div>\n\t\t\t\t<div class=\"elementor-element elementor-element-dae9e82 elementor-widget elementor-widget-text-editor\" data-id=\"dae9e82\" data-element_type=\"widget\" data-e-type=\"widget\" data-widget_type=\"text-editor.default\">\n\t\t\t\t<div class=\"elementor-widget-container\">\n\t\t\t\t\t\t\t\t\t<p>Die Richmond Vale Academy ist sich bewusst, wie wichtig der Schutz der Privatsph\u00e4re von Besuchern und Unterst\u00fctzern ist. Diese Richtlinie wurde erstellt, um zu zeigen, dass wir Ihre Datenschutzpr\u00e4ferenzen respektieren, und um unsere Praktiken der Datenerfassung und -weitergabe zu erl\u00e4utern.<\/p>\n<p>Die Richmond Vale Academy sammelt keine pers\u00f6nlichen Daten \u00fcber Sie, es sei denn, Sie stellen der Richmond Vale Academy freiwillig pers\u00f6nliche Daten zur Verf\u00fcgung. Um bestimmte Dienste auf unserer Website in Anspruch nehmen zu k\u00f6nnen, werden Sie m\u00f6glicherweise aufgefordert, pers\u00f6nliche Daten wie Ihren Namen, Ihre Adresse, Ihre Kontaktnummer oder Ihre E-Mail-Adresse anzugeben. Gegenw\u00e4rtig fragen wir nach pers\u00f6nlichen Daten, wenn Sie online weitere Informationen zu einem der Programme der Richmond Vale Academy anfordern, und wenn Sie sich anmelden, um Updates von Planet Aid zu erhalten, wird Ihre E-Mail-Adresse ben\u00f6tigt.<\/p>\n<h4>Spenden<\/h4>\n<p>Die Richmond Vale Academy nutzt einen professionellen externen Dienst f\u00fcr die Bearbeitung von Online-Spenden. Die Transaktionen auf der Website sind sicher. Die Richmond Vale Academy speichert keine Kreditkartendaten, sondern nur die von Ihnen angegebenen Kontaktinformationen, damit wir Ihnen Informationen \u00fcber unsere Programme und zus\u00e4tzliche Spendenm\u00f6glichkeiten zukommen lassen k\u00f6nnen.<\/p>\n<h4>Teilen<\/h4>\n<p>Die Informationen, die Sie online oder offline zur Verf\u00fcgung stellen, werden intern in der Richmond Vale Academy von ausgewiesenen Mitarbeitern verwendet, um die von Ihnen angeforderten Dienstleistungen zu erbringen. Die Richmond Vale Academy vermietet ihre Daten nicht und gibt sie auch nicht an andere Organisationen weiter.<\/p>\n<h4>Sicherheit<\/h4>\n<p>Wir verwenden eine Vielzahl aktueller Sicherheitstechnologien und -verfahren, um Ihre pers\u00f6nlichen Daten vor unbefugtem Zugriff, unbefugter Nutzung oder Offenlegung zu sch\u00fctzen. Wir speichern die von Ihnen bereitgestellten personenbezogenen Daten auf Computersystemen mit beschr\u00e4nktem Zugang. Diese Systeme befinden sich in kontrollierten Einrichtungen.<\/p>\n<h4>Web-Navigation<\/h4>\n<p>Die Richmond Vale Academy \u00fcberwacht die Navigation auf unserer Website und sammelt bestimmte Daten wie IP-Adressen und Dom\u00e4nennamen. Wir k\u00f6nnen auch Cookies verwenden, um besser zu verstehen, wie unsere Website genutzt wird, und um die Erfahrung des Benutzers zu verbessern. Sie k\u00f6nnen Cookies in Ihrem Browser deaktivieren, aber das kann die Nutzung einiger Funktionen auf unserer Website beeintr\u00e4chtigen.<\/p>\n<p>Die Richmond Vale Academy kann von Zeit zu Zeit und ohne vorherige Ank\u00fcndigung \u00c4nderungen an dieser Richtlinie vornehmen; bitte informieren Sie sich \u00fcber diese \u00c4nderungen.<\/p>\n<h4>Haftungsausschluss<\/h4>\n<p>Diese Datenschutzerkl\u00e4rung gilt nicht f\u00fcr die Aktivit\u00e4ten von Drittsponsoren, Werbetreibenden und anderen Partnern, die Ihre Benutzerdaten beim Zugriff auf oder bei der Nutzung von Diensten dieser Dritten in Verbindung mit Ihrer Nutzung unserer Website (z. B. soziale Medien und Sharing-Dienste) erfassen k\u00f6nnen. Die Datenschutz- und Informationspraktiken dieser Dritten werden von dieser Datenschutzerkl\u00e4rung nicht erfasst. Um mehr \u00fcber solche Richtlinien Dritter zu erfahren, empfehlen wir Ihnen, die Datenschutzerkl\u00e4rungen der einzelnen Dienste Dritter, die Sie in Verbindung mit der Website nutzen m\u00f6chten, zu lesen und zu \u00fcberpr\u00fcfen. Diese Datenschutzerkl\u00e4rung gilt nur f\u00fcr die von uns gesammelten Informationen.<\/p>\n<h4>Kontakt<\/h4>\n<p>Wenn Sie Ihre Kontaktinformationen \u00e4ndern m\u00f6chten, wenn Sie Ihren Namen von unserer E-Mail- oder Postversandliste streichen m\u00f6chten oder wenn Sie Fragen zu dieser Richtlinie haben.<\/p>\n<p><strong>Rekrutierungsb\u00fcro der Richmond Vale Academy<br \/><\/strong>Gemeinde St. David<br \/>Richmond<br \/>Chateaubelair<br \/>St. Vincent und die Grenadinen<br \/>+1 784-492-1672<br \/>info@richmondvale.org<\/p>\n\t\t\t\t\t\t\t\t<\/div>\n\t\t\t\t<\/div>\n\t\t\t\t<\/div>\n\t\t<div class=\"elementor-element elementor-element-6e35c7c e-con-full e-flex e-con e-child\" data-id=\"6e35c7c\" data-element_type=\"container\" data-e-type=\"container\">\n\t\t\t\t<\/div>\n\t\t\t\t\t<\/div>\n\t\t\t\t<\/div>\n\t\t\t\t<\/div>\n\t\t","protected":false},"excerpt":{"rendered":"<p>Richmond Vale Academy Datenschutzrichtlinie Die Richmond Vale Academy ist sich bewusst, wie wichtig der Schutz der Privatsph\u00e4re von Besuchern und Unterst\u00fctzern ist. Diese Richtlinie wurde erstellt, um zu zeigen, dass wir Ihre Datenschutzpr\u00e4ferenzen respektieren, und um unsere Praktiken der Datenerfassung und -weitergabe zu erl\u00e4utern. Die Richmond Vale Academy sammelt keine pers\u00f6nlichen Daten \u00fcber Sie, es&#8230; <a href=\"https:\/\/richmondvale.org\/de\/datenschutz\/\" class=\"read-more-link\">READ MORE <i class=\"fa fa-caret-right\" aria-hidden=\"true\"><\/i><\/a><\/p>\n","protected":false},"author":3,"featured_media":0,"parent":0,"menu_order":0,"comment_status":"closed","ping_status":"closed","template":"","meta":{"_acf_changed":false,"_monsterinsights_skip_tracking":false,"_monsterinsights_sitenote_active":false,"_monsterinsights_sitenote_note":"","_monsterinsights_sitenote_category":0,"ngg_post_thumbnail":0,"footnotes":""},"class_list":["post-123719","page","type-page","status-publish","hentry"],"acf":[],"yoast_head":"<!-- This site is optimized with the Yoast SEO Premium plugin v27.5 (Yoast SEO v27.5) - https:\/\/yoast.com\/product\/yoast-seo-premium-wordpress\/ -->\n<title>Datenschutz - Richmond Vale Academy<\/title>\n<meta name=\"robots\" content=\"index, follow, max-snippet:-1, max-image-preview:large, max-video-preview:-1\" \/>\n<link rel=\"canonical\" href=\"https:\/\/richmondvale.org\/de\/datenschutz\/\" \/>\n<meta property=\"og:locale\" content=\"de_DE\" \/>\n<meta property=\"og:type\" content=\"article\" \/>\n<meta property=\"og:title\" content=\"Datenschutz\" \/>\n<meta property=\"og:description\" content=\"Richmond Vale Academy Datenschutzrichtlinie Die Richmond Vale Academy ist sich bewusst, wie wichtig der Schutz der Privatsph\u00e4re von Besuchern und Unterst\u00fctzern ist. Diese Richtlinie wurde erstellt, um zu zeigen, dass wir Ihre Datenschutzpr\u00e4ferenzen respektieren, und um unsere Praktiken der Datenerfassung und -weitergabe zu erl\u00e4utern. Die Richmond Vale Academy sammelt keine pers\u00f6nlichen Daten \u00fcber Sie, es... READ MORE\" \/>\n<meta property=\"og:url\" content=\"https:\/\/richmondvale.org\/de\/datenschutz\/\" \/>\n<meta property=\"og:site_name\" content=\"Richmond Vale Academy\" \/>\n<meta property=\"article:publisher\" content=\"https:\/\/www.facebook.com\/RichmondValeAcademy\/\" \/>\n<meta property=\"article:modified_time\" content=\"2024-02-09T15:49:37+00:00\" \/>\n<meta property=\"og:image\" content=\"https:\/\/richmondvale.org\/wp-content\/uploads\/2023\/12\/RVA_SocialShareImage.jpg\" \/>\n\t<meta property=\"og:image:width\" content=\"1200\" \/>\n\t<meta property=\"og:image:height\" content=\"628\" \/>\n\t<meta property=\"og:image:type\" content=\"image\/jpeg\" \/>\n<meta name=\"twitter:card\" content=\"summary_large_image\" \/>\n<meta name=\"twitter:label1\" content=\"Gesch\u00e4tzte Lesezeit\" \/>\n\t<meta name=\"twitter:data1\" content=\"3\u00a0Minuten\" \/>\n<script type=\"application\/ld+json\" class=\"yoast-schema-graph\">{\"@context\":\"https:\\\/\\\/schema.org\",\"@graph\":[{\"@type\":\"WebPage\",\"@id\":\"https:\\\/\\\/richmondvale.org\\\/de\\\/datenschutz\\\/\",\"url\":\"https:\\\/\\\/richmondvale.org\\\/de\\\/datenschutz\\\/\",\"name\":\"Datenschutz - Richmond Vale Academy\",\"isPartOf\":{\"@id\":\"https:\\\/\\\/richmondvale.org\\\/de\\\/#website\"},\"datePublished\":\"2022-04-05T19:49:00+00:00\",\"dateModified\":\"2024-02-09T15:49:37+00:00\",\"breadcrumb\":{\"@id\":\"https:\\\/\\\/richmondvale.org\\\/de\\\/datenschutz\\\/#breadcrumb\"},\"inLanguage\":\"de\",\"potentialAction\":[{\"@type\":\"ReadAction\",\"target\":[\"https:\\\/\\\/richmondvale.org\\\/de\\\/datenschutz\\\/\"]}]},{\"@type\":\"BreadcrumbList\",\"@id\":\"https:\\\/\\\/richmondvale.org\\\/de\\\/datenschutz\\\/#breadcrumb\",\"itemListElement\":[{\"@type\":\"ListItem\",\"position\":1,\"name\":\"Home\",\"item\":\"https:\\\/\\\/richmondvale.org\\\/de\\\/\"},{\"@type\":\"ListItem\",\"position\":2,\"name\":\"Datenschutz\"}]},{\"@type\":\"WebSite\",\"@id\":\"https:\\\/\\\/richmondvale.org\\\/de\\\/#website\",\"url\":\"https:\\\/\\\/richmondvale.org\\\/de\\\/\",\"name\":\"Richmond Vale Academy\",\"description\":\"\",\"publisher\":{\"@id\":\"https:\\\/\\\/richmondvale.org\\\/de\\\/#organization\"},\"potentialAction\":[{\"@type\":\"SearchAction\",\"target\":{\"@type\":\"EntryPoint\",\"urlTemplate\":\"https:\\\/\\\/richmondvale.org\\\/de\\\/?s={search_term_string}\"},\"query-input\":{\"@type\":\"PropertyValueSpecification\",\"valueRequired\":true,\"valueName\":\"search_term_string\"}}],\"inLanguage\":\"de\"},{\"@type\":\"Organization\",\"@id\":\"https:\\\/\\\/richmondvale.org\\\/de\\\/#organization\",\"name\":\"Richmond Vale Academy\",\"url\":\"https:\\\/\\\/richmondvale.org\\\/de\\\/\",\"logo\":{\"@type\":\"ImageObject\",\"inLanguage\":\"de\",\"@id\":\"https:\\\/\\\/richmondvale.org\\\/de\\\/#\\\/schema\\\/logo\\\/image\\\/\",\"url\":\"https:\\\/\\\/richmondvale.org\\\/wp-content\\\/uploads\\\/2023\\\/11\\\/rva-logo.png\",\"contentUrl\":\"https:\\\/\\\/richmondvale.org\\\/wp-content\\\/uploads\\\/2023\\\/11\\\/rva-logo.png\",\"width\":319,\"height\":92,\"caption\":\"Richmond Vale Academy\"},\"image\":{\"@id\":\"https:\\\/\\\/richmondvale.org\\\/de\\\/#\\\/schema\\\/logo\\\/image\\\/\"},\"sameAs\":[\"https:\\\/\\\/www.facebook.com\\\/RichmondValeAcademy\\\/\",\"https:\\\/\\\/www.instagram.com\\\/richmondvaleacademy\\\/?hl=en\",\"https:\\\/\\\/www.youtube.com\\\/channel\\\/UC11Q4oA2N0YMVskaLNJGXSQ\",\"https:\\\/\\\/www.linkedin.com\\\/company\\\/richmond-vale-academy\\\/\"]}]}<\/script>\n<!-- \/ Yoast SEO Premium plugin. -->","yoast_head_json":{"title":"Datenschutz - Richmond Vale Academy","robots":{"index":"index","follow":"follow","max-snippet":"max-snippet:-1","max-image-preview":"max-image-preview:large","max-video-preview":"max-video-preview:-1"},"canonical":"https:\/\/richmondvale.org\/de\/datenschutz\/","og_locale":"de_DE","og_type":"article","og_title":"Datenschutz","og_description":"Richmond Vale Academy Datenschutzrichtlinie Die Richmond Vale Academy ist sich bewusst, wie wichtig der Schutz der Privatsph\u00e4re von Besuchern und Unterst\u00fctzern ist. Diese Richtlinie wurde erstellt, um zu zeigen, dass wir Ihre Datenschutzpr\u00e4ferenzen respektieren, und um unsere Praktiken der Datenerfassung und -weitergabe zu erl\u00e4utern. Die Richmond Vale Academy sammelt keine pers\u00f6nlichen Daten \u00fcber Sie, es... READ MORE","og_url":"https:\/\/richmondvale.org\/de\/datenschutz\/","og_site_name":"Richmond Vale Academy","article_publisher":"https:\/\/www.facebook.com\/RichmondValeAcademy\/","article_modified_time":"2024-02-09T15:49:37+00:00","og_image":[{"width":1200,"height":628,"url":"https:\/\/richmondvale.org\/wp-content\/uploads\/2023\/12\/RVA_SocialShareImage.jpg","type":"image\/jpeg"}],"twitter_card":"summary_large_image","twitter_misc":{"Gesch\u00e4tzte Lesezeit":"3\u00a0Minuten"},"schema":{"@context":"https:\/\/schema.org","@graph":[{"@type":"WebPage","@id":"https:\/\/richmondvale.org\/de\/datenschutz\/","url":"https:\/\/richmondvale.org\/de\/datenschutz\/","name":"Datenschutz - Richmond Vale Academy","isPartOf":{"@id":"https:\/\/richmondvale.org\/de\/#website"},"datePublished":"2022-04-05T19:49:00+00:00","dateModified":"2024-02-09T15:49:37+00:00","breadcrumb":{"@id":"https:\/\/richmondvale.org\/de\/datenschutz\/#breadcrumb"},"inLanguage":"de","potentialAction":[{"@type":"ReadAction","target":["https:\/\/richmondvale.org\/de\/datenschutz\/"]}]},{"@type":"BreadcrumbList","@id":"https:\/\/richmondvale.org\/de\/datenschutz\/#breadcrumb","itemListElement":[{"@type":"ListItem","position":1,"name":"Home","item":"https:\/\/richmondvale.org\/de\/"},{"@type":"ListItem","position":2,"name":"Datenschutz"}]},{"@type":"WebSite","@id":"https:\/\/richmondvale.org\/de\/#website","url":"https:\/\/richmondvale.org\/de\/","name":"Richmond Vale Academy","description":"","publisher":{"@id":"https:\/\/richmondvale.org\/de\/#organization"},"potentialAction":[{"@type":"SearchAction","target":{"@type":"EntryPoint","urlTemplate":"https:\/\/richmondvale.org\/de\/?s={search_term_string}"},"query-input":{"@type":"PropertyValueSpecification","valueRequired":true,"valueName":"search_term_string"}}],"inLanguage":"de"},{"@type":"Organization","@id":"https:\/\/richmondvale.org\/de\/#organization","name":"Richmond Vale Academy","url":"https:\/\/richmondvale.org\/de\/","logo":{"@type":"ImageObject","inLanguage":"de","@id":"https:\/\/richmondvale.org\/de\/#\/schema\/logo\/image\/","url":"https:\/\/richmondvale.org\/wp-content\/uploads\/2023\/11\/rva-logo.png","contentUrl":"https:\/\/richmondvale.org\/wp-content\/uploads\/2023\/11\/rva-logo.png","width":319,"height":92,"caption":"Richmond Vale Academy"},"image":{"@id":"https:\/\/richmondvale.org\/de\/#\/schema\/logo\/image\/"},"sameAs":["https:\/\/www.facebook.com\/RichmondValeAcademy\/","https:\/\/www.instagram.com\/richmondvaleacademy\/?hl=en","https:\/\/www.youtube.com\/channel\/UC11Q4oA2N0YMVskaLNJGXSQ","https:\/\/www.linkedin.com\/company\/richmond-vale-academy\/"]}]}},"_links":{"self":[{"href":"https:\/\/richmondvale.org\/de\/wp-json\/wp\/v2\/pages\/123719","targetHints":{"allow":["GET"]}}],"collection":[{"href":"https:\/\/richmondvale.org\/de\/wp-json\/wp\/v2\/pages"}],"about":[{"href":"https:\/\/richmondvale.org\/de\/wp-json\/wp\/v2\/types\/page"}],"author":[{"embeddable":true,"href":"https:\/\/richmondvale.org\/de\/wp-json\/wp\/v2\/users\/3"}],"replies":[{"embeddable":true,"href":"https:\/\/richmondvale.org\/de\/wp-json\/wp\/v2\/comments?post=123719"}],"version-history":[{"count":2,"href":"https:\/\/richmondvale.org\/de\/wp-json\/wp\/v2\/pages\/123719\/revisions"}],"predecessor-version":[{"id":123733,"href":"https:\/\/richmondvale.org\/de\/wp-json\/wp\/v2\/pages\/123719\/revisions\/123733"}],"wp:attachment":[{"href":"https:\/\/richmondvale.org\/de\/wp-json\/wp\/v2\/media?parent=123719"}],"curies":[{"name":"wp","href":"https:\/\/api.w.org\/{rel}","templated":true}]}}