{"id":123620,"date":"2023-12-09T14:27:42","date_gmt":"2023-12-09T19:27:42","guid":{"rendered":"https:\/\/richmondvale.org\/laendlicher-oekologischer-landbau\/"},"modified":"2025-02-14T18:10:08","modified_gmt":"2025-02-14T23:10:08","slug":"laendlicher-oekologischer-landbau","status":"publish","type":"page","link":"https:\/\/richmondvale.org\/de\/laendlicher-oekologischer-landbau\/","title":{"rendered":"L\u00e4ndlicher \u00f6kologischer Landbau"},"content":{"rendered":"\t\t<div data-elementor-type=\"wp-page\" data-elementor-id=\"123620\" class=\"elementor elementor-123620 elementor-120909\" data-elementor-post-type=\"page\">\n\t\t\t\t<div class=\"elementor-element elementor-element-1db90730 e-con-full e-flex e-con e-parent\" data-id=\"1db90730\" data-element_type=\"container\" data-e-type=\"container\" data-settings=\"{&quot;background_background&quot;:&quot;classic&quot;}\">\n\t\t<div class=\"elementor-element elementor-element-140c96a4 e-flex e-con-boxed e-con e-child\" data-id=\"140c96a4\" data-element_type=\"container\" data-e-type=\"container\">\n\t\t\t\t\t<div class=\"e-con-inner\">\n\t\t\t\t<div class=\"elementor-element elementor-element-6a6ff807 elementor-widget-divider--view-line elementor-widget elementor-widget-divider\" data-id=\"6a6ff807\" data-element_type=\"widget\" data-e-type=\"widget\" data-widget_type=\"divider.default\">\n\t\t\t\t<div class=\"elementor-widget-container\">\n\t\t\t\t\t\t\t<div class=\"elementor-divider\">\n\t\t\t<span class=\"elementor-divider-separator\">\n\t\t\t\t\t\t<\/span>\n\t\t<\/div>\n\t\t\t\t\t\t<\/div>\n\t\t\t\t<\/div>\n\t\t\t\t<div class=\"elementor-element elementor-element-27fc5ab9 elementor-widget elementor-widget-heading\" data-id=\"27fc5ab9\" data-element_type=\"widget\" data-e-type=\"widget\" data-widget_type=\"heading.default\">\n\t\t\t\t<div class=\"elementor-widget-container\">\n\t\t\t\t\t<h1 class=\"elementor-heading-title elementor-size-default\">L\u00e4ndlicher \u00f6kologischer Landbau<\/h1>\t\t\t\t<\/div>\n\t\t\t\t<\/div>\n\t\t\t\t\t<\/div>\n\t\t\t\t<\/div>\n\t\t<div class=\"elementor-element elementor-element-5d0b1614 e-con-full e-flex e-con e-child\" data-id=\"5d0b1614\" data-element_type=\"container\" data-e-type=\"container\" data-settings=\"{&quot;background_background&quot;:&quot;classic&quot;,&quot;position&quot;:&quot;absolute&quot;}\">\n\t\t\t\t<div class=\"elementor-element elementor-element-38886ec2 elementor-widget elementor-widget-html\" data-id=\"38886ec2\" data-element_type=\"widget\" data-e-type=\"widget\" data-widget_type=\"html.default\">\n\t\t\t\t<div class=\"elementor-widget-container\">\n\t\t\t\t\t<div class=\"arrow wide-white\">&nbsp;<\/div>\t\t\t\t<\/div>\n\t\t\t\t<\/div>\n\t\t\t\t<\/div>\n\t\t\t\t<\/div>\n\t\t<div class=\"elementor-element elementor-element-4feb4a84 e-flex e-con-boxed e-con e-parent\" data-id=\"4feb4a84\" data-element_type=\"container\" data-e-type=\"container\">\n\t\t\t\t\t<div class=\"e-con-inner\">\n\t\t<div class=\"elementor-element elementor-element-3f4794d9 e-con-full e-flex e-con e-child\" data-id=\"3f4794d9\" data-element_type=\"container\" data-e-type=\"container\">\n\t\t\t\t<div class=\"elementor-element elementor-element-699b21e6 elementor-widget elementor-widget-text-editor\" data-id=\"699b21e6\" data-element_type=\"widget\" data-e-type=\"widget\" data-widget_type=\"text-editor.default\">\n\t\t\t\t<div class=\"elementor-widget-container\">\n\t\t\t\t\t\t\t\t\t<p>Der \u00f6kologische Bauernhof von Chatoyer Garden befindet sich in Maloney, hoch oben in den \u00fcppig gr\u00fcnen Bergen von Vermont. Benannt nach H\u00e4uptling Joseph Chatoyer, dem Nationalhelden von St. Vincent und den Grenadinen, der f\u00fcr seinen Widerstand gegen die Kolonialm\u00e4chte zum Schutz seines geliebten Heimatlandes Hairouna geehrt wurde.<\/p>\n<p>Luke erz\u00e4hlt, dass wir in Chatoyer Gardens &#8222;dem Verm\u00e4chtnis von Joseph Chatoyer folgend&#8220; ein Beispiel f\u00fcr die Landwirte auf St. Vincent und den Grenadinen sein wollen, indem wir regenerative Methoden der Landwirtschaft demonstrieren, die haupts\u00e4chlich auf den Prinzipien des Permakultur-Designs basieren.<br \/>Diese Designprinzipien arbeiten mit der Natur und allen Lebensformen zusammen, anstatt gegen sie. Indem sie sich die nat\u00fcrlichen Prozesse der Waldsukzession zunutze machen, harmonieren sie mit den nat\u00fcrlichen Mustern des lokalen \u00d6kosystems, in dem die B\u00e4ume die Hauptrolle spielen.<\/p>\n\t\t\t\t\t\t\t\t<\/div>\n\t\t\t\t<\/div>\n\t\t\t\t<div class=\"elementor-element elementor-element-42041b19 elementor-widget elementor-widget-image\" data-id=\"42041b19\" data-element_type=\"widget\" data-e-type=\"widget\" data-widget_type=\"image.default\">\n\t\t\t\t<div class=\"elementor-widget-container\">\n\t\t\t\t\t\t\t\t\t\t\t\t\t\t\t<img fetchpriority=\"high\" decoding=\"async\" width=\"1024\" height=\"575\" src=\"https:\/\/richmondvale.org\/wp-content\/uploads\/2024\/04\/RVA-supports-rural-eco-farms.jpg\" class=\"attachment-full size-full wp-image-124319\" alt=\"RVA supports rural eco farms\" srcset=\"https:\/\/richmondvale.org\/wp-content\/uploads\/2024\/04\/RVA-supports-rural-eco-farms.jpg 1024w, https:\/\/richmondvale.org\/wp-content\/uploads\/2024\/04\/RVA-supports-rural-eco-farms-300x168.jpg 300w, https:\/\/richmondvale.org\/wp-content\/uploads\/2024\/04\/RVA-supports-rural-eco-farms-768x431.jpg 768w\" sizes=\"(max-width: 1024px) 100vw, 1024px\" \/>\t\t\t\t\t\t\t\t\t\t\t\t\t\t\t<\/div>\n\t\t\t\t<\/div>\n\t\t\t\t<div class=\"elementor-element elementor-element-68e32d8e elementor-widget elementor-widget-text-editor\" data-id=\"68e32d8e\" data-element_type=\"widget\" data-e-type=\"widget\" data-widget_type=\"text-editor.default\">\n\t\t\t\t<div class=\"elementor-widget-container\">\n\t\t\t\t\t\t\t\t\t<p>Anstelle des Einsatzes von Chemikalien (z. B. D\u00fcngemittel, Pestizide, Herbizide und Fungizide) oder nicht nachhaltig erzeugten organischen Inputs verwenden wir prozessbasierte Ans\u00e4tze in Form von N\u00e4hrstoffkreisl\u00e4ufen aus dem Beschneiden produktiver und mehrj\u00e4hriger Arten vor Ort, zusammen mit etwas grasgef\u00fcttertem Tierdung und Kompost.  <\/p>\n<p>Dieser Reichtum an organischem Material erm\u00f6glicht es uns, die Mikroorganismen im Boden zu ern\u00e4hren, die wiederum die vielf\u00e4ltigen N\u00e4hrstoffe liefern, die f\u00fcr gesunde und schmackhafte Kr\u00e4uter, Fr\u00fcchte und Gem\u00fcse erforderlich sind. Dieser Mulch n\u00e4hrt nicht nur, sondern sch\u00fctzt das wichtige Leben im Boden vor der rauen Sonne und heftigen Regenf\u00e4llen, w\u00e4hrend er es ihnen erm\u00f6glicht, ihre Arbeit effektiv fortzusetzen.<br \/>Unser \u00f6kologisches System der Kombination von intensivem Kr\u00e4uter- und Gem\u00fcseanbau, umrandet von einer vielf\u00e4ltigen Heckenreihe mit Arten, die viel Biomasse produzieren, erm\u00f6glicht eine anhaltend reiche Ernte ohne Chemikalien.<\/p>\n<p>Unser Pioniergeh\u00f6ft setzt auf erneuerbare Energiesysteme. Wir nutzen Solarenergie zur Stromversorgung und eine Biogasanlage, die eine betr\u00e4chtliche Menge an sauberem Kochgas aus nicht fossilen Brennstoffen liefert. Wir sind der Richmond Vale Academy sehr dankbar f\u00fcr ihre Unterst\u00fctzung und ihr Fachwissen bei der Einrichtung dieser wichtigen Systeme f\u00fcr erneuerbare Energien.<\/p>\n\t\t\t\t\t\t\t\t<\/div>\n\t\t\t\t<\/div>\n\t\t\t\t<div class=\"elementor-element elementor-element-171d001 elementor-widget elementor-widget-video\" data-id=\"171d001\" data-element_type=\"widget\" data-e-type=\"widget\" data-settings=\"{&quot;youtube_url&quot;:&quot;https:\\\/\\\/www.youtube.com\\\/watch?v=Gdl3XYFMebU&quot;,&quot;video_type&quot;:&quot;youtube&quot;,&quot;controls&quot;:&quot;yes&quot;}\" data-widget_type=\"video.default\">\n\t\t\t\t<div class=\"elementor-widget-container\">\n\t\t\t\t\t\t\t<div class=\"elementor-wrapper elementor-open-inline\">\n\t\t\t<div class=\"elementor-video\"><\/div>\t\t<\/div>\n\t\t\t\t\t\t<\/div>\n\t\t\t\t<\/div>\n\t\t\t\t<\/div>\n\t\t<div class=\"elementor-element elementor-element-7795322 e-con-full e-flex e-con e-child\" data-id=\"7795322\" data-element_type=\"container\" data-e-type=\"container\">\n\t\t<div class=\"elementor-element elementor-element-1e4f3bea e-flex e-con-boxed e-con e-child\" data-id=\"1e4f3bea\" data-element_type=\"container\" data-e-type=\"container\" data-settings=\"{&quot;background_background&quot;:&quot;classic&quot;}\">\n\t\t\t\t\t<div class=\"e-con-inner\">\n\t\t\t\t<div class=\"elementor-element elementor-element-746e0e79 elementor-widget elementor-widget-heading\" data-id=\"746e0e79\" data-element_type=\"widget\" data-e-type=\"widget\" data-widget_type=\"heading.default\">\n\t\t\t\t<div class=\"elementor-widget-container\">\n\t\t\t\t\t<h2 class=\"elementor-heading-title elementor-size-default\">Abgeschlossene Projekte<\/h2>\t\t\t\t<\/div>\n\t\t\t\t<\/div>\n\t\t\t\t<div class=\"elementor-element elementor-element-78ec05d1 current-project-menu elementor-nav-menu__align-start elementor-nav-menu--dropdown-none elementor-widget elementor-widget-global elementor-global-123554 elementor-global-120898 elementor-widget-nav-menu\" data-id=\"78ec05d1\" data-element_type=\"widget\" data-e-type=\"widget\" data-settings=\"{&quot;layout&quot;:&quot;vertical&quot;,&quot;submenu_icon&quot;:{&quot;value&quot;:&quot;fas fa-caret-down&quot;,&quot;library&quot;:&quot;fa-solid&quot;}}\" data-widget_type=\"nav-menu.default\">\n\t\t\t\t<div class=\"elementor-widget-container\">\n\t\t\t\t\t\t\t\t<nav aria-label=\"Men\u00fc\" class=\"elementor-nav-menu--main elementor-nav-menu__container elementor-nav-menu--layout-vertical e--pointer-none\">\n\t\t\t\t<ul id=\"menu-1-78ec05d1\" class=\"elementor-nav-menu sm-vertical\"><li class=\"menu-item menu-item-type-post_type menu-item-object-page menu-item-123854\"><a href=\"https:\/\/richmondvale.org\/de\/reliefhilfe\/\" class=\"elementor-item\">Reliefhilfe<\/a><\/li>\n<li class=\"menu-item menu-item-type-post_type menu-item-object-page menu-item-123855\"><a href=\"https:\/\/richmondvale.org\/de\/wiederherstellung-der-langlaufloipe-la-soufriere\/\" class=\"elementor-item\">Wiederherstellung der Langlaufloipe La Soufriere<\/a><\/li>\n<li class=\"menu-item menu-item-type-post_type menu-item-object-page menu-item-123856\"><a href=\"https:\/\/richmondvale.org\/de\/baumpflanzung\/\" class=\"elementor-item\">Baumpflanzung<\/a><\/li>\n<li class=\"menu-item menu-item-type-post_type menu-item-object-page menu-item-123860\"><a href=\"https:\/\/richmondvale.org\/de\/umweltverschmutzung-stoppen\/\" class=\"elementor-item\">Umweltverschmutzung stoppen<\/a><\/li>\n<li class=\"menu-item menu-item-type-post_type menu-item-object-page menu-item-123861\"><a href=\"https:\/\/richmondvale.org\/de\/oekologischer-landbau-auf-der-belle-isle\/\" class=\"elementor-item\">\u00d6kologischer Landbau auf der Belle Isle<\/a><\/li>\n<li class=\"menu-item menu-item-type-post_type menu-item-object-page menu-item-123862\"><a href=\"https:\/\/richmondvale.org\/de\/staerkung-der-ernaehrungssicherheit-durch-die-hausgartenbewegung\/\" class=\"elementor-item\">St\u00e4rkung der Ern\u00e4hrungssicherheit durch die Hausgartenbewegung<\/a><\/li>\n<li class=\"menu-item menu-item-type-post_type menu-item-object-page menu-item-123863\"><a href=\"https:\/\/richmondvale.org\/de\/ernaehrungs-und-wassersicherheit\/\" class=\"elementor-item\">Ern\u00e4hrungs- und Wassersicherheit<\/a><\/li>\n<li class=\"menu-item menu-item-type-post_type menu-item-object-page menu-item-123518\"><a href=\"https:\/\/richmondvale.org\/de\/wie-man-eine-biogasanlage-baut\/\" class=\"elementor-item\">Wie man eine Biogasanlage baut<\/a><\/li>\n<li class=\"menu-item menu-item-type-post_type menu-item-object-page menu-item-123864\"><a href=\"https:\/\/richmondvale.org\/de\/laendlicher-oekologischer-landbau\/\" class=\"elementor-item\">L\u00e4ndlicher \u00f6kologischer Landbau<\/a><\/li>\n<\/ul>\t\t\t<\/nav>\n\t\t\t\t\t\t<nav class=\"elementor-nav-menu--dropdown elementor-nav-menu__container\" aria-hidden=\"true\">\n\t\t\t\t<ul id=\"menu-2-78ec05d1\" class=\"elementor-nav-menu sm-vertical\"><li class=\"menu-item menu-item-type-post_type menu-item-object-page menu-item-123854\"><a href=\"https:\/\/richmondvale.org\/de\/reliefhilfe\/\" class=\"elementor-item\" tabindex=\"-1\">Reliefhilfe<\/a><\/li>\n<li class=\"menu-item menu-item-type-post_type menu-item-object-page menu-item-123855\"><a href=\"https:\/\/richmondvale.org\/de\/wiederherstellung-der-langlaufloipe-la-soufriere\/\" class=\"elementor-item\" tabindex=\"-1\">Wiederherstellung der Langlaufloipe La Soufriere<\/a><\/li>\n<li class=\"menu-item menu-item-type-post_type menu-item-object-page menu-item-123856\"><a href=\"https:\/\/richmondvale.org\/de\/baumpflanzung\/\" class=\"elementor-item\" tabindex=\"-1\">Baumpflanzung<\/a><\/li>\n<li class=\"menu-item menu-item-type-post_type menu-item-object-page menu-item-123860\"><a href=\"https:\/\/richmondvale.org\/de\/umweltverschmutzung-stoppen\/\" class=\"elementor-item\" tabindex=\"-1\">Umweltverschmutzung stoppen<\/a><\/li>\n<li class=\"menu-item menu-item-type-post_type menu-item-object-page menu-item-123861\"><a href=\"https:\/\/richmondvale.org\/de\/oekologischer-landbau-auf-der-belle-isle\/\" class=\"elementor-item\" tabindex=\"-1\">\u00d6kologischer Landbau auf der Belle Isle<\/a><\/li>\n<li class=\"menu-item menu-item-type-post_type menu-item-object-page menu-item-123862\"><a href=\"https:\/\/richmondvale.org\/de\/staerkung-der-ernaehrungssicherheit-durch-die-hausgartenbewegung\/\" class=\"elementor-item\" tabindex=\"-1\">St\u00e4rkung der Ern\u00e4hrungssicherheit durch die Hausgartenbewegung<\/a><\/li>\n<li class=\"menu-item menu-item-type-post_type menu-item-object-page menu-item-123863\"><a href=\"https:\/\/richmondvale.org\/de\/ernaehrungs-und-wassersicherheit\/\" class=\"elementor-item\" tabindex=\"-1\">Ern\u00e4hrungs- und Wassersicherheit<\/a><\/li>\n<li class=\"menu-item menu-item-type-post_type menu-item-object-page menu-item-123518\"><a href=\"https:\/\/richmondvale.org\/de\/wie-man-eine-biogasanlage-baut\/\" class=\"elementor-item\" tabindex=\"-1\">Wie man eine Biogasanlage baut<\/a><\/li>\n<li class=\"menu-item menu-item-type-post_type menu-item-object-page menu-item-123864\"><a href=\"https:\/\/richmondvale.org\/de\/laendlicher-oekologischer-landbau\/\" class=\"elementor-item\" tabindex=\"-1\">L\u00e4ndlicher \u00f6kologischer Landbau<\/a><\/li>\n<\/ul>\t\t\t<\/nav>\n\t\t\t\t\t\t<\/div>\n\t\t\t\t<\/div>\n\t\t\t\t\t<\/div>\n\t\t\t\t<\/div>\n\t\t\t\t<\/div>\n\t\t\t\t\t<\/div>\n\t\t\t\t<\/div>\n\t\t\t\t<\/div>\n\t\t","protected":false},"excerpt":{"rendered":"<p>L\u00e4ndlicher \u00f6kologischer Landbau &nbsp; Der \u00f6kologische Bauernhof von Chatoyer Garden befindet sich in Maloney, hoch oben in den \u00fcppig gr\u00fcnen Bergen von Vermont. Benannt nach H\u00e4uptling Joseph Chatoyer, dem Nationalhelden von St. Vincent und den Grenadinen, der f\u00fcr seinen Widerstand gegen die Kolonialm\u00e4chte zum Schutz seines geliebten Heimatlandes Hairouna geehrt wurde. Luke erz\u00e4hlt, dass wir&#8230; <a href=\"https:\/\/richmondvale.org\/de\/laendlicher-oekologischer-landbau\/\" class=\"read-more-link\">READ MORE <i class=\"fa fa-caret-right\" aria-hidden=\"true\"><\/i><\/a><\/p>\n","protected":false},"author":3,"featured_media":0,"parent":0,"menu_order":0,"comment_status":"closed","ping_status":"closed","template":"","meta":{"_acf_changed":false,"_monsterinsights_skip_tracking":false,"_monsterinsights_sitenote_active":false,"_monsterinsights_sitenote_note":"","_monsterinsights_sitenote_category":0,"ngg_post_thumbnail":0,"footnotes":""},"class_list":["post-123620","page","type-page","status-publish","hentry"],"acf":[],"yoast_head":"<!-- This site is optimized with the Yoast SEO Premium plugin v27.3 (Yoast SEO v27.3) - https:\/\/yoast.com\/product\/yoast-seo-premium-wordpress\/ -->\n<title>\u00d6kologischer Landbau<\/title>\n<meta name=\"description\" content=\"Entdecken Sie den \u00f6kologischen Landbau in der Karibik. Erfahren Sie, wie Freiwillige der Richmond Vale Academy St. Vincent und die Grenadinen beim Aufbau einer nachhaltigeren, ern\u00e4hrungssicheren Wirtschaft unterst\u00fctzen.\" \/>\n<meta name=\"robots\" content=\"index, follow, max-snippet:-1, max-image-preview:large, max-video-preview:-1\" \/>\n<link rel=\"canonical\" href=\"https:\/\/richmondvale.org\/de\/laendlicher-oekologischer-landbau\/\" \/>\n<meta property=\"og:locale\" content=\"de_DE\" \/>\n<meta property=\"og:type\" content=\"article\" \/>\n<meta property=\"og:title\" content=\"L\u00e4ndlicher \u00f6kologischer Landbau \u00d6kologischer Landbau\" \/>\n<meta property=\"og:description\" content=\"Entdecken Sie den \u00f6kologischen Landbau in der Karibik. Erfahren Sie, wie Freiwillige der Richmond Vale Academy St. Vincent und die Grenadinen beim Aufbau einer nachhaltigeren, ern\u00e4hrungssicheren Wirtschaft unterst\u00fctzen.\" \/>\n<meta property=\"og:url\" content=\"https:\/\/richmondvale.org\/de\/laendlicher-oekologischer-landbau\/\" \/>\n<meta property=\"og:site_name\" content=\"Richmond Vale Academy\" \/>\n<meta property=\"article:publisher\" content=\"https:\/\/www.facebook.com\/RichmondValeAcademy\/\" \/>\n<meta property=\"article:modified_time\" content=\"2025-02-14T23:10:08+00:00\" \/>\n<meta property=\"og:image\" content=\"https:\/\/richmondvale.org\/wp-content\/uploads\/2024\/04\/RVA-supports-rural-eco-farms.jpg\" \/>\n\t<meta property=\"og:image:width\" content=\"1024\" \/>\n\t<meta property=\"og:image:height\" content=\"575\" \/>\n\t<meta property=\"og:image:type\" content=\"image\/jpeg\" \/>\n<meta name=\"twitter:card\" content=\"summary_large_image\" \/>\n<meta name=\"twitter:title\" content=\"\u00d6kologischer Landbau\" \/>\n<meta name=\"twitter:description\" content=\"Entdecken Sie den \u00f6kologischen Landbau in der Karibik. Erfahren Sie, wie Freiwillige der Richmond Vale Academy St. Vincent und die Grenadinen beim Aufbau einer nachhaltigeren, ern\u00e4hrungssicheren Wirtschaft unterst\u00fctzen.\" \/>\n<meta name=\"twitter:label1\" content=\"Gesch\u00e4tzte Lesezeit\" \/>\n\t<meta name=\"twitter:data1\" content=\"2\u00a0Minuten\" \/>\n<script type=\"application\/ld+json\" class=\"yoast-schema-graph\">{\"@context\":\"https:\\\/\\\/schema.org\",\"@graph\":[{\"@type\":\"WebPage\",\"@id\":\"https:\\\/\\\/richmondvale.org\\\/de\\\/laendlicher-oekologischer-landbau\\\/\",\"url\":\"https:\\\/\\\/richmondvale.org\\\/de\\\/laendlicher-oekologischer-landbau\\\/\",\"name\":\"\u00d6kologischer Landbau\",\"isPartOf\":{\"@id\":\"https:\\\/\\\/richmondvale.org\\\/de\\\/#website\"},\"primaryImageOfPage\":{\"@id\":\"https:\\\/\\\/richmondvale.org\\\/de\\\/laendlicher-oekologischer-landbau\\\/#primaryimage\"},\"image\":{\"@id\":\"https:\\\/\\\/richmondvale.org\\\/de\\\/laendlicher-oekologischer-landbau\\\/#primaryimage\"},\"thumbnailUrl\":\"https:\\\/\\\/richmondvale.org\\\/wp-content\\\/uploads\\\/2024\\\/04\\\/RVA-supports-rural-eco-farms.jpg\",\"datePublished\":\"2023-12-09T19:27:42+00:00\",\"dateModified\":\"2025-02-14T23:10:08+00:00\",\"description\":\"Entdecken Sie den \u00f6kologischen Landbau in der Karibik. Erfahren Sie, wie Freiwillige der Richmond Vale Academy St. Vincent und die Grenadinen beim Aufbau einer nachhaltigeren, ern\u00e4hrungssicheren Wirtschaft unterst\u00fctzen.\",\"breadcrumb\":{\"@id\":\"https:\\\/\\\/richmondvale.org\\\/de\\\/laendlicher-oekologischer-landbau\\\/#breadcrumb\"},\"inLanguage\":\"de\",\"potentialAction\":[{\"@type\":\"ReadAction\",\"target\":[\"https:\\\/\\\/richmondvale.org\\\/de\\\/laendlicher-oekologischer-landbau\\\/\"]}]},{\"@type\":\"ImageObject\",\"inLanguage\":\"de\",\"@id\":\"https:\\\/\\\/richmondvale.org\\\/de\\\/laendlicher-oekologischer-landbau\\\/#primaryimage\",\"url\":\"https:\\\/\\\/richmondvale.org\\\/wp-content\\\/uploads\\\/2024\\\/04\\\/RVA-supports-rural-eco-farms.jpg\",\"contentUrl\":\"https:\\\/\\\/richmondvale.org\\\/wp-content\\\/uploads\\\/2024\\\/04\\\/RVA-supports-rural-eco-farms.jpg\"},{\"@type\":\"BreadcrumbList\",\"@id\":\"https:\\\/\\\/richmondvale.org\\\/de\\\/laendlicher-oekologischer-landbau\\\/#breadcrumb\",\"itemListElement\":[{\"@type\":\"ListItem\",\"position\":1,\"name\":\"Home\",\"item\":\"https:\\\/\\\/richmondvale.org\\\/de\\\/\"},{\"@type\":\"ListItem\",\"position\":2,\"name\":\"L\u00e4ndlicher \u00f6kologischer Landbau\"}]},{\"@type\":\"WebSite\",\"@id\":\"https:\\\/\\\/richmondvale.org\\\/de\\\/#website\",\"url\":\"https:\\\/\\\/richmondvale.org\\\/de\\\/\",\"name\":\"Richmond Vale Academy\",\"description\":\"\",\"publisher\":{\"@id\":\"https:\\\/\\\/richmondvale.org\\\/de\\\/#organization\"},\"potentialAction\":[{\"@type\":\"SearchAction\",\"target\":{\"@type\":\"EntryPoint\",\"urlTemplate\":\"https:\\\/\\\/richmondvale.org\\\/de\\\/?s={search_term_string}\"},\"query-input\":{\"@type\":\"PropertyValueSpecification\",\"valueRequired\":true,\"valueName\":\"search_term_string\"}}],\"inLanguage\":\"de\"},{\"@type\":\"Organization\",\"@id\":\"https:\\\/\\\/richmondvale.org\\\/de\\\/#organization\",\"name\":\"Richmond Vale Academy\",\"url\":\"https:\\\/\\\/richmondvale.org\\\/de\\\/\",\"logo\":{\"@type\":\"ImageObject\",\"inLanguage\":\"de\",\"@id\":\"https:\\\/\\\/richmondvale.org\\\/de\\\/#\\\/schema\\\/logo\\\/image\\\/\",\"url\":\"https:\\\/\\\/richmondvale.org\\\/wp-content\\\/uploads\\\/2023\\\/11\\\/rva-logo.png\",\"contentUrl\":\"https:\\\/\\\/richmondvale.org\\\/wp-content\\\/uploads\\\/2023\\\/11\\\/rva-logo.png\",\"width\":319,\"height\":92,\"caption\":\"Richmond Vale Academy\"},\"image\":{\"@id\":\"https:\\\/\\\/richmondvale.org\\\/de\\\/#\\\/schema\\\/logo\\\/image\\\/\"},\"sameAs\":[\"https:\\\/\\\/www.facebook.com\\\/RichmondValeAcademy\\\/\",\"https:\\\/\\\/www.instagram.com\\\/richmondvaleacademy\\\/?hl=en\",\"https:\\\/\\\/www.youtube.com\\\/channel\\\/UC11Q4oA2N0YMVskaLNJGXSQ\",\"https:\\\/\\\/www.linkedin.com\\\/company\\\/richmond-vale-academy\\\/\"]}]}<\/script>\n<!-- \/ Yoast SEO Premium plugin. -->","yoast_head_json":{"title":"\u00d6kologischer Landbau","description":"Entdecken Sie den \u00f6kologischen Landbau in der Karibik. Erfahren Sie, wie Freiwillige der Richmond Vale Academy St. Vincent und die Grenadinen beim Aufbau einer nachhaltigeren, ern\u00e4hrungssicheren Wirtschaft unterst\u00fctzen.","robots":{"index":"index","follow":"follow","max-snippet":"max-snippet:-1","max-image-preview":"max-image-preview:large","max-video-preview":"max-video-preview:-1"},"canonical":"https:\/\/richmondvale.org\/de\/laendlicher-oekologischer-landbau\/","og_locale":"de_DE","og_type":"article","og_title":"L\u00e4ndlicher \u00f6kologischer Landbau \u00d6kologischer Landbau","og_description":"Entdecken Sie den \u00f6kologischen Landbau in der Karibik. Erfahren Sie, wie Freiwillige der Richmond Vale Academy St. Vincent und die Grenadinen beim Aufbau einer nachhaltigeren, ern\u00e4hrungssicheren Wirtschaft unterst\u00fctzen.","og_url":"https:\/\/richmondvale.org\/de\/laendlicher-oekologischer-landbau\/","og_site_name":"Richmond Vale Academy","article_publisher":"https:\/\/www.facebook.com\/RichmondValeAcademy\/","article_modified_time":"2025-02-14T23:10:08+00:00","og_image":[{"width":1024,"height":575,"url":"https:\/\/richmondvale.org\/wp-content\/uploads\/2024\/04\/RVA-supports-rural-eco-farms.jpg","type":"image\/jpeg"}],"twitter_card":"summary_large_image","twitter_title":"\u00d6kologischer Landbau","twitter_description":"Entdecken Sie den \u00f6kologischen Landbau in der Karibik. Erfahren Sie, wie Freiwillige der Richmond Vale Academy St. Vincent und die Grenadinen beim Aufbau einer nachhaltigeren, ern\u00e4hrungssicheren Wirtschaft unterst\u00fctzen.","twitter_misc":{"Gesch\u00e4tzte Lesezeit":"2\u00a0Minuten"},"schema":{"@context":"https:\/\/schema.org","@graph":[{"@type":"WebPage","@id":"https:\/\/richmondvale.org\/de\/laendlicher-oekologischer-landbau\/","url":"https:\/\/richmondvale.org\/de\/laendlicher-oekologischer-landbau\/","name":"\u00d6kologischer Landbau","isPartOf":{"@id":"https:\/\/richmondvale.org\/de\/#website"},"primaryImageOfPage":{"@id":"https:\/\/richmondvale.org\/de\/laendlicher-oekologischer-landbau\/#primaryimage"},"image":{"@id":"https:\/\/richmondvale.org\/de\/laendlicher-oekologischer-landbau\/#primaryimage"},"thumbnailUrl":"https:\/\/richmondvale.org\/wp-content\/uploads\/2024\/04\/RVA-supports-rural-eco-farms.jpg","datePublished":"2023-12-09T19:27:42+00:00","dateModified":"2025-02-14T23:10:08+00:00","description":"Entdecken Sie den \u00f6kologischen Landbau in der Karibik. Erfahren Sie, wie Freiwillige der Richmond Vale Academy St. Vincent und die Grenadinen beim Aufbau einer nachhaltigeren, ern\u00e4hrungssicheren Wirtschaft unterst\u00fctzen.","breadcrumb":{"@id":"https:\/\/richmondvale.org\/de\/laendlicher-oekologischer-landbau\/#breadcrumb"},"inLanguage":"de","potentialAction":[{"@type":"ReadAction","target":["https:\/\/richmondvale.org\/de\/laendlicher-oekologischer-landbau\/"]}]},{"@type":"ImageObject","inLanguage":"de","@id":"https:\/\/richmondvale.org\/de\/laendlicher-oekologischer-landbau\/#primaryimage","url":"https:\/\/richmondvale.org\/wp-content\/uploads\/2024\/04\/RVA-supports-rural-eco-farms.jpg","contentUrl":"https:\/\/richmondvale.org\/wp-content\/uploads\/2024\/04\/RVA-supports-rural-eco-farms.jpg"},{"@type":"BreadcrumbList","@id":"https:\/\/richmondvale.org\/de\/laendlicher-oekologischer-landbau\/#breadcrumb","itemListElement":[{"@type":"ListItem","position":1,"name":"Home","item":"https:\/\/richmondvale.org\/de\/"},{"@type":"ListItem","position":2,"name":"L\u00e4ndlicher \u00f6kologischer Landbau"}]},{"@type":"WebSite","@id":"https:\/\/richmondvale.org\/de\/#website","url":"https:\/\/richmondvale.org\/de\/","name":"Richmond Vale Academy","description":"","publisher":{"@id":"https:\/\/richmondvale.org\/de\/#organization"},"potentialAction":[{"@type":"SearchAction","target":{"@type":"EntryPoint","urlTemplate":"https:\/\/richmondvale.org\/de\/?s={search_term_string}"},"query-input":{"@type":"PropertyValueSpecification","valueRequired":true,"valueName":"search_term_string"}}],"inLanguage":"de"},{"@type":"Organization","@id":"https:\/\/richmondvale.org\/de\/#organization","name":"Richmond Vale Academy","url":"https:\/\/richmondvale.org\/de\/","logo":{"@type":"ImageObject","inLanguage":"de","@id":"https:\/\/richmondvale.org\/de\/#\/schema\/logo\/image\/","url":"https:\/\/richmondvale.org\/wp-content\/uploads\/2023\/11\/rva-logo.png","contentUrl":"https:\/\/richmondvale.org\/wp-content\/uploads\/2023\/11\/rva-logo.png","width":319,"height":92,"caption":"Richmond Vale Academy"},"image":{"@id":"https:\/\/richmondvale.org\/de\/#\/schema\/logo\/image\/"},"sameAs":["https:\/\/www.facebook.com\/RichmondValeAcademy\/","https:\/\/www.instagram.com\/richmondvaleacademy\/?hl=en","https:\/\/www.youtube.com\/channel\/UC11Q4oA2N0YMVskaLNJGXSQ","https:\/\/www.linkedin.com\/company\/richmond-vale-academy\/"]}]}},"_links":{"self":[{"href":"https:\/\/richmondvale.org\/de\/wp-json\/wp\/v2\/pages\/123620","targetHints":{"allow":["GET"]}}],"collection":[{"href":"https:\/\/richmondvale.org\/de\/wp-json\/wp\/v2\/pages"}],"about":[{"href":"https:\/\/richmondvale.org\/de\/wp-json\/wp\/v2\/types\/page"}],"author":[{"embeddable":true,"href":"https:\/\/richmondvale.org\/de\/wp-json\/wp\/v2\/users\/3"}],"replies":[{"embeddable":true,"href":"https:\/\/richmondvale.org\/de\/wp-json\/wp\/v2\/comments?post=123620"}],"version-history":[{"count":2,"href":"https:\/\/richmondvale.org\/de\/wp-json\/wp\/v2\/pages\/123620\/revisions"}],"predecessor-version":[{"id":125181,"href":"https:\/\/richmondvale.org\/de\/wp-json\/wp\/v2\/pages\/123620\/revisions\/125181"}],"wp:attachment":[{"href":"https:\/\/richmondvale.org\/de\/wp-json\/wp\/v2\/media?parent=123620"}],"curies":[{"name":"wp","href":"https:\/\/api.w.org\/{rel}","templated":true}]}}