{"id":123590,"date":"2023-12-09T14:55:39","date_gmt":"2023-12-09T19:55:39","guid":{"rendered":"https:\/\/richmondvale.org\/umweltverschmutzung-stoppen\/"},"modified":"2025-02-14T18:10:13","modified_gmt":"2025-02-14T23:10:13","slug":"umweltverschmutzung-stoppen","status":"publish","type":"page","link":"https:\/\/richmondvale.org\/de\/umweltverschmutzung-stoppen\/","title":{"rendered":"Umweltverschmutzung stoppen"},"content":{"rendered":"\t\t<div data-elementor-type=\"wp-page\" data-elementor-id=\"123590\" class=\"elementor elementor-123590 elementor-120933\" data-elementor-post-type=\"page\">\n\t\t\t\t<div class=\"elementor-element elementor-element-1e0b4977 e-con-full e-flex e-con e-parent\" data-id=\"1e0b4977\" data-element_type=\"container\" data-e-type=\"container\" data-settings=\"{&quot;background_background&quot;:&quot;classic&quot;}\">\n\t\t<div class=\"elementor-element elementor-element-98b7e94 e-flex e-con-boxed e-con e-child\" data-id=\"98b7e94\" data-element_type=\"container\" data-e-type=\"container\">\n\t\t\t\t\t<div class=\"e-con-inner\">\n\t\t\t\t<div class=\"elementor-element elementor-element-34818fd2 elementor-widget-divider--view-line elementor-widget elementor-widget-divider\" data-id=\"34818fd2\" data-element_type=\"widget\" data-e-type=\"widget\" data-widget_type=\"divider.default\">\n\t\t\t\t<div class=\"elementor-widget-container\">\n\t\t\t\t\t\t\t<div class=\"elementor-divider\">\n\t\t\t<span class=\"elementor-divider-separator\">\n\t\t\t\t\t\t<\/span>\n\t\t<\/div>\n\t\t\t\t\t\t<\/div>\n\t\t\t\t<\/div>\n\t\t\t\t<div class=\"elementor-element elementor-element-35d67c19 elementor-widget elementor-widget-heading\" data-id=\"35d67c19\" data-element_type=\"widget\" data-e-type=\"widget\" data-widget_type=\"heading.default\">\n\t\t\t\t<div class=\"elementor-widget-container\">\n\t\t\t\t\t<h1 class=\"elementor-heading-title elementor-size-default\">Weltverschmutzung beenden<\/h1>\t\t\t\t<\/div>\n\t\t\t\t<\/div>\n\t\t\t\t\t<\/div>\n\t\t\t\t<\/div>\n\t\t<div class=\"elementor-element elementor-element-21c28796 e-con-full e-flex e-con e-child\" data-id=\"21c28796\" data-element_type=\"container\" data-e-type=\"container\" data-settings=\"{&quot;background_background&quot;:&quot;classic&quot;,&quot;position&quot;:&quot;absolute&quot;}\">\n\t\t\t\t<div class=\"elementor-element elementor-element-3dd3611f elementor-widget elementor-widget-html\" data-id=\"3dd3611f\" data-element_type=\"widget\" data-e-type=\"widget\" data-widget_type=\"html.default\">\n\t\t\t\t<div class=\"elementor-widget-container\">\n\t\t\t\t\t<div class=\"arrow wide-white\">&nbsp;<\/div>\t\t\t\t<\/div>\n\t\t\t\t<\/div>\n\t\t\t\t<\/div>\n\t\t\t\t<\/div>\n\t\t<div class=\"elementor-element elementor-element-78b71491 e-flex e-con-boxed e-con e-parent\" data-id=\"78b71491\" data-element_type=\"container\" data-e-type=\"container\">\n\t\t\t\t\t<div class=\"e-con-inner\">\n\t\t<div class=\"elementor-element elementor-element-f60d29 e-con-full e-flex e-con e-child\" data-id=\"f60d29\" data-element_type=\"container\" data-e-type=\"container\">\n\t\t\t\t<div class=\"elementor-element elementor-element-162ab049 elementor-widget elementor-widget-text-editor\" data-id=\"162ab049\" data-element_type=\"widget\" data-e-type=\"widget\" data-widget_type=\"text-editor.default\">\n\t\t\t\t<div class=\"elementor-widget-container\">\n\t\t\t\t\t\t\t\t\t<p>Die RVA beteiligt sich jedes Jahr an Aufr\u00e4um- und Recyclingaktionen zum Schutz der Umwelt.<\/p>\n<p>Es wurden mehrere Veranstaltungen und Aktionen durchgef\u00fchrt, z. B. die &#8222;Let&#8217;s Talk Green&#8220;-Veranstaltungen, Strand- und Flusss\u00e4uberungen, ein gr\u00f6\u00dferer &#8222;Trash March&#8220; und ein Reinigungswettbewerb zwischen acht North Leeward Schools.<\/p>\n\t\t\t\t\t\t\t\t<\/div>\n\t\t\t\t<\/div>\n\t\t\t\t<div class=\"elementor-element elementor-element-5d237af5 elementor-widget elementor-widget-image\" data-id=\"5d237af5\" data-element_type=\"widget\" data-e-type=\"widget\" data-widget_type=\"image.default\">\n\t\t\t\t<div class=\"elementor-widget-container\">\n\t\t\t\t\t\t\t\t\t\t\t\t\t\t\t<img fetchpriority=\"high\" decoding=\"async\" width=\"1024\" height=\"683\" src=\"https:\/\/richmondvale.org\/wp-content\/uploads\/2024\/04\/StoppingPollution.jpg\" class=\"attachment-full size-full wp-image-124280\" alt=\"Stopping Pollution\" srcset=\"https:\/\/richmondvale.org\/wp-content\/uploads\/2024\/04\/StoppingPollution.jpg 1024w, https:\/\/richmondvale.org\/wp-content\/uploads\/2024\/04\/StoppingPollution-300x200.jpg 300w, https:\/\/richmondvale.org\/wp-content\/uploads\/2024\/04\/StoppingPollution-768x512.jpg 768w\" sizes=\"(max-width: 1024px) 100vw, 1024px\" \/>\t\t\t\t\t\t\t\t\t\t\t\t\t\t\t<\/div>\n\t\t\t\t<\/div>\n\t\t\t\t<div class=\"elementor-element elementor-element-5d95fe9f elementor-widget elementor-widget-text-editor\" data-id=\"5d95fe9f\" data-element_type=\"widget\" data-e-type=\"widget\" data-widget_type=\"text-editor.default\">\n\t\t\t\t<div class=\"elementor-widget-container\">\n\t\t\t\t\t\t\t\t\t<p>Jedes Mal, wenn die RVA eine Gemeinschaftsaktion durchf\u00fchrt, werden die Medien eingeladen, sie zu dokumentieren und der \u00d6ffentlichkeit vorzustellen.<\/p>\n<p><strong>Hier sind einige Beispiele f\u00fcr Ma\u00dfnahmen:<\/strong><\/p>\n<p><img decoding=\"async\" class=\"alignnone wp-image-121066 size-full\" src=\"https:\/\/richmondvale.org\/wp-content\/uploads\/2023\/12\/bags-collected.png\" alt=\"Anzahl der gesammelten S\u00e4cke Grafik\" width=\"698\" height=\"800\" srcset=\"https:\/\/richmondvale.org\/wp-content\/uploads\/2023\/12\/bags-collected.png 698w, https:\/\/richmondvale.org\/wp-content\/uploads\/2023\/12\/bags-collected-262x300.png 262w\" sizes=\"(max-width: 698px) 100vw, 698px\" \/><\/p>\n<p><strong>Ma\u00dfnahmen von 2012-2013<\/strong><\/p>\n<p>Insgesamt wurden in diesem Zeitraum 730 S\u00e4cke mit 7.300 Kilo (oder 7,3 Tonnen) M\u00fcll entfernt. Mehr als 500 Menschen nahmen daran teil und halfen bei der Reinigung der Str\u00e4nde.<\/p>\n\t\t\t\t\t\t\t\t<\/div>\n\t\t\t\t<\/div>\n\t\t\t\t<\/div>\n\t\t<div class=\"elementor-element elementor-element-7fd29b1d e-con-full e-flex e-con e-child\" data-id=\"7fd29b1d\" data-element_type=\"container\" data-e-type=\"container\">\n\t\t<div class=\"elementor-element elementor-element-3d3d08d5 e-flex e-con-boxed e-con e-child\" data-id=\"3d3d08d5\" data-element_type=\"container\" data-e-type=\"container\" data-settings=\"{&quot;background_background&quot;:&quot;classic&quot;}\">\n\t\t\t\t\t<div class=\"e-con-inner\">\n\t\t\t\t<div class=\"elementor-element elementor-element-3cec6504 elementor-widget elementor-widget-heading\" data-id=\"3cec6504\" data-element_type=\"widget\" data-e-type=\"widget\" data-widget_type=\"heading.default\">\n\t\t\t\t<div class=\"elementor-widget-container\">\n\t\t\t\t\t<h2 class=\"elementor-heading-title elementor-size-default\">Abgeschlossene Projekte<\/h2>\t\t\t\t<\/div>\n\t\t\t\t<\/div>\n\t\t\t\t<div class=\"elementor-element elementor-element-6a5231e4 current-project-menu elementor-nav-menu__align-start elementor-nav-menu--dropdown-none elementor-widget elementor-widget-global elementor-global-123554 elementor-global-120898 elementor-widget-nav-menu\" data-id=\"6a5231e4\" data-element_type=\"widget\" data-e-type=\"widget\" data-settings=\"{&quot;layout&quot;:&quot;vertical&quot;,&quot;submenu_icon&quot;:{&quot;value&quot;:&quot;fas fa-caret-down&quot;,&quot;library&quot;:&quot;fa-solid&quot;}}\" data-widget_type=\"nav-menu.default\">\n\t\t\t\t<div class=\"elementor-widget-container\">\n\t\t\t\t\t\t\t\t<nav aria-label=\"Men\u00fc\" class=\"elementor-nav-menu--main elementor-nav-menu__container elementor-nav-menu--layout-vertical e--pointer-none\">\n\t\t\t\t<ul id=\"menu-1-6a5231e4\" class=\"elementor-nav-menu sm-vertical\"><li class=\"menu-item menu-item-type-post_type menu-item-object-page menu-item-123854\"><a href=\"https:\/\/richmondvale.org\/de\/reliefhilfe\/\" class=\"elementor-item\">Reliefhilfe<\/a><\/li>\n<li class=\"menu-item menu-item-type-post_type menu-item-object-page menu-item-123855\"><a href=\"https:\/\/richmondvale.org\/de\/wiederherstellung-der-langlaufloipe-la-soufriere\/\" class=\"elementor-item\">Wiederherstellung der Langlaufloipe La Soufriere<\/a><\/li>\n<li class=\"menu-item menu-item-type-post_type menu-item-object-page menu-item-123856\"><a href=\"https:\/\/richmondvale.org\/de\/baumpflanzung\/\" class=\"elementor-item\">Baumpflanzung<\/a><\/li>\n<li class=\"menu-item menu-item-type-post_type menu-item-object-page menu-item-123860\"><a href=\"https:\/\/richmondvale.org\/de\/umweltverschmutzung-stoppen\/\" class=\"elementor-item\">Umweltverschmutzung stoppen<\/a><\/li>\n<li class=\"menu-item menu-item-type-post_type menu-item-object-page menu-item-123861\"><a href=\"https:\/\/richmondvale.org\/de\/oekologischer-landbau-auf-der-belle-isle\/\" class=\"elementor-item\">\u00d6kologischer Landbau auf der Belle Isle<\/a><\/li>\n<li class=\"menu-item menu-item-type-post_type menu-item-object-page menu-item-123862\"><a href=\"https:\/\/richmondvale.org\/de\/staerkung-der-ernaehrungssicherheit-durch-die-hausgartenbewegung\/\" class=\"elementor-item\">St\u00e4rkung der Ern\u00e4hrungssicherheit durch die Hausgartenbewegung<\/a><\/li>\n<li class=\"menu-item menu-item-type-post_type menu-item-object-page menu-item-123863\"><a href=\"https:\/\/richmondvale.org\/de\/ernaehrungs-und-wassersicherheit\/\" class=\"elementor-item\">Ern\u00e4hrungs- und Wassersicherheit<\/a><\/li>\n<li class=\"menu-item menu-item-type-post_type menu-item-object-page menu-item-123518\"><a href=\"https:\/\/richmondvale.org\/de\/wie-man-eine-biogasanlage-baut\/\" class=\"elementor-item\">Wie man eine Biogasanlage baut<\/a><\/li>\n<li class=\"menu-item menu-item-type-post_type menu-item-object-page menu-item-123864\"><a href=\"https:\/\/richmondvale.org\/de\/laendlicher-oekologischer-landbau\/\" class=\"elementor-item\">L\u00e4ndlicher \u00f6kologischer Landbau<\/a><\/li>\n<\/ul>\t\t\t<\/nav>\n\t\t\t\t\t\t<nav class=\"elementor-nav-menu--dropdown elementor-nav-menu__container\" aria-hidden=\"true\">\n\t\t\t\t<ul id=\"menu-2-6a5231e4\" class=\"elementor-nav-menu sm-vertical\"><li class=\"menu-item menu-item-type-post_type menu-item-object-page menu-item-123854\"><a href=\"https:\/\/richmondvale.org\/de\/reliefhilfe\/\" class=\"elementor-item\" tabindex=\"-1\">Reliefhilfe<\/a><\/li>\n<li class=\"menu-item menu-item-type-post_type menu-item-object-page menu-item-123855\"><a href=\"https:\/\/richmondvale.org\/de\/wiederherstellung-der-langlaufloipe-la-soufriere\/\" class=\"elementor-item\" tabindex=\"-1\">Wiederherstellung der Langlaufloipe La Soufriere<\/a><\/li>\n<li class=\"menu-item menu-item-type-post_type menu-item-object-page menu-item-123856\"><a href=\"https:\/\/richmondvale.org\/de\/baumpflanzung\/\" class=\"elementor-item\" tabindex=\"-1\">Baumpflanzung<\/a><\/li>\n<li class=\"menu-item menu-item-type-post_type menu-item-object-page menu-item-123860\"><a href=\"https:\/\/richmondvale.org\/de\/umweltverschmutzung-stoppen\/\" class=\"elementor-item\" tabindex=\"-1\">Umweltverschmutzung stoppen<\/a><\/li>\n<li class=\"menu-item menu-item-type-post_type menu-item-object-page menu-item-123861\"><a href=\"https:\/\/richmondvale.org\/de\/oekologischer-landbau-auf-der-belle-isle\/\" class=\"elementor-item\" tabindex=\"-1\">\u00d6kologischer Landbau auf der Belle Isle<\/a><\/li>\n<li class=\"menu-item menu-item-type-post_type menu-item-object-page menu-item-123862\"><a href=\"https:\/\/richmondvale.org\/de\/staerkung-der-ernaehrungssicherheit-durch-die-hausgartenbewegung\/\" class=\"elementor-item\" tabindex=\"-1\">St\u00e4rkung der Ern\u00e4hrungssicherheit durch die Hausgartenbewegung<\/a><\/li>\n<li class=\"menu-item menu-item-type-post_type menu-item-object-page menu-item-123863\"><a href=\"https:\/\/richmondvale.org\/de\/ernaehrungs-und-wassersicherheit\/\" class=\"elementor-item\" tabindex=\"-1\">Ern\u00e4hrungs- und Wassersicherheit<\/a><\/li>\n<li class=\"menu-item menu-item-type-post_type menu-item-object-page menu-item-123518\"><a href=\"https:\/\/richmondvale.org\/de\/wie-man-eine-biogasanlage-baut\/\" class=\"elementor-item\" tabindex=\"-1\">Wie man eine Biogasanlage baut<\/a><\/li>\n<li class=\"menu-item menu-item-type-post_type menu-item-object-page menu-item-123864\"><a href=\"https:\/\/richmondvale.org\/de\/laendlicher-oekologischer-landbau\/\" class=\"elementor-item\" tabindex=\"-1\">L\u00e4ndlicher \u00f6kologischer Landbau<\/a><\/li>\n<\/ul>\t\t\t<\/nav>\n\t\t\t\t\t\t<\/div>\n\t\t\t\t<\/div>\n\t\t\t\t\t<\/div>\n\t\t\t\t<\/div>\n\t\t\t\t<\/div>\n\t\t\t\t\t<\/div>\n\t\t\t\t<\/div>\n\t\t\t\t<\/div>\n\t\t","protected":false},"excerpt":{"rendered":"<p>Weltverschmutzung beenden &nbsp; Die RVA beteiligt sich jedes Jahr an Aufr\u00e4um- und Recyclingaktionen zum Schutz der Umwelt. Es wurden mehrere Veranstaltungen und Aktionen durchgef\u00fchrt, z. B. die &#8222;Let&#8217;s Talk Green&#8220;-Veranstaltungen, Strand- und Flusss\u00e4uberungen, ein gr\u00f6\u00dferer &#8222;Trash March&#8220; und ein Reinigungswettbewerb zwischen acht North Leeward Schools. Jedes Mal, wenn die RVA eine Gemeinschaftsaktion durchf\u00fchrt, werden die&#8230; <a href=\"https:\/\/richmondvale.org\/de\/umweltverschmutzung-stoppen\/\" class=\"read-more-link\">READ MORE <i class=\"fa fa-caret-right\" aria-hidden=\"true\"><\/i><\/a><\/p>\n","protected":false},"author":3,"featured_media":0,"parent":0,"menu_order":0,"comment_status":"closed","ping_status":"closed","template":"","meta":{"_acf_changed":false,"_monsterinsights_skip_tracking":false,"_monsterinsights_sitenote_active":false,"_monsterinsights_sitenote_note":"","_monsterinsights_sitenote_category":0,"ngg_post_thumbnail":0,"footnotes":""},"class_list":["post-123590","page","type-page","status-publish","hentry"],"acf":[],"yoast_head":"<!-- This site is optimized with the Yoast SEO Premium plugin v27.3 (Yoast SEO v27.3) - https:\/\/yoast.com\/product\/yoast-seo-premium-wordpress\/ -->\n<title>Weltverschmutzung beenden<\/title>\n<meta name=\"description\" content=\"Seien Sie Teil der L\u00f6sung, wenn wir gemeinsam daran arbeiten, unsere Umwelt zu erhalten, die Tierwelt zu sch\u00fctzen und eine nachhaltige Zukunft zu sichern. Gemeinsam k\u00f6nnen wir die Umweltverschmutzung stoppen und eine hellere, sauberere Welt f\u00fcr die kommenden Generationen schaffen.\" \/>\n<meta name=\"robots\" content=\"index, follow, max-snippet:-1, max-image-preview:large, max-video-preview:-1\" \/>\n<link rel=\"canonical\" href=\"https:\/\/richmondvale.org\/de\/umweltverschmutzung-stoppen\/\" \/>\n<meta property=\"og:locale\" content=\"de_DE\" \/>\n<meta property=\"og:type\" content=\"article\" \/>\n<meta property=\"og:title\" content=\"Weltverschmutzung beenden\" \/>\n<meta property=\"og:description\" content=\"Seien Sie Teil der L\u00f6sung, wenn wir gemeinsam daran arbeiten, unsere Umwelt zu erhalten, die Tierwelt zu sch\u00fctzen und eine nachhaltige Zukunft zu sichern. Gemeinsam k\u00f6nnen wir die Umweltverschmutzung stoppen und eine hellere, sauberere Welt f\u00fcr die kommenden Generationen schaffen.\" \/>\n<meta property=\"og:url\" content=\"https:\/\/richmondvale.org\/de\/umweltverschmutzung-stoppen\/\" \/>\n<meta property=\"og:site_name\" content=\"Richmond Vale Academy\" \/>\n<meta property=\"article:publisher\" content=\"https:\/\/www.facebook.com\/RichmondValeAcademy\/\" \/>\n<meta property=\"article:modified_time\" content=\"2025-02-14T23:10:13+00:00\" \/>\n<meta property=\"og:image\" content=\"https:\/\/richmondvale.org\/wp-content\/uploads\/2024\/04\/StoppingPollution.jpg\" \/>\n\t<meta property=\"og:image:width\" content=\"1024\" \/>\n\t<meta property=\"og:image:height\" content=\"683\" \/>\n\t<meta property=\"og:image:type\" content=\"image\/jpeg\" \/>\n<meta name=\"twitter:card\" content=\"summary_large_image\" \/>\n<meta name=\"twitter:title\" content=\"Weltverschmutzung beenden\" \/>\n<meta name=\"twitter:description\" content=\"Seien Sie Teil der L\u00f6sung, wenn wir gemeinsam daran arbeiten, unsere Umwelt zu erhalten, die Tierwelt zu sch\u00fctzen und eine nachhaltige Zukunft zu sichern. Gemeinsam k\u00f6nnen wir die Umweltverschmutzung stoppen und eine hellere, sauberere Welt f\u00fcr die kommenden Generationen schaffen.\" \/>\n<meta name=\"twitter:label1\" content=\"Gesch\u00e4tzte Lesezeit\" \/>\n\t<meta name=\"twitter:data1\" content=\"1\u00a0Minute\" \/>\n<script type=\"application\/ld+json\" class=\"yoast-schema-graph\">{\"@context\":\"https:\\\/\\\/schema.org\",\"@graph\":[{\"@type\":\"WebPage\",\"@id\":\"https:\\\/\\\/richmondvale.org\\\/de\\\/umweltverschmutzung-stoppen\\\/\",\"url\":\"https:\\\/\\\/richmondvale.org\\\/de\\\/umweltverschmutzung-stoppen\\\/\",\"name\":\"Weltverschmutzung beenden\",\"isPartOf\":{\"@id\":\"https:\\\/\\\/richmondvale.org\\\/de\\\/#website\"},\"primaryImageOfPage\":{\"@id\":\"https:\\\/\\\/richmondvale.org\\\/de\\\/umweltverschmutzung-stoppen\\\/#primaryimage\"},\"image\":{\"@id\":\"https:\\\/\\\/richmondvale.org\\\/de\\\/umweltverschmutzung-stoppen\\\/#primaryimage\"},\"thumbnailUrl\":\"https:\\\/\\\/richmondvale.org\\\/wp-content\\\/uploads\\\/2024\\\/04\\\/StoppingPollution.jpg\",\"datePublished\":\"2023-12-09T19:55:39+00:00\",\"dateModified\":\"2025-02-14T23:10:13+00:00\",\"description\":\"Seien Sie Teil der L\u00f6sung, wenn wir gemeinsam daran arbeiten, unsere Umwelt zu erhalten, die Tierwelt zu sch\u00fctzen und eine nachhaltige Zukunft zu sichern. Gemeinsam k\u00f6nnen wir die Umweltverschmutzung stoppen und eine hellere, sauberere Welt f\u00fcr die kommenden Generationen schaffen.\",\"breadcrumb\":{\"@id\":\"https:\\\/\\\/richmondvale.org\\\/de\\\/umweltverschmutzung-stoppen\\\/#breadcrumb\"},\"inLanguage\":\"de\",\"potentialAction\":[{\"@type\":\"ReadAction\",\"target\":[\"https:\\\/\\\/richmondvale.org\\\/de\\\/umweltverschmutzung-stoppen\\\/\"]}]},{\"@type\":\"ImageObject\",\"inLanguage\":\"de\",\"@id\":\"https:\\\/\\\/richmondvale.org\\\/de\\\/umweltverschmutzung-stoppen\\\/#primaryimage\",\"url\":\"https:\\\/\\\/richmondvale.org\\\/wp-content\\\/uploads\\\/2024\\\/04\\\/StoppingPollution.jpg\",\"contentUrl\":\"https:\\\/\\\/richmondvale.org\\\/wp-content\\\/uploads\\\/2024\\\/04\\\/StoppingPollution.jpg\"},{\"@type\":\"BreadcrumbList\",\"@id\":\"https:\\\/\\\/richmondvale.org\\\/de\\\/umweltverschmutzung-stoppen\\\/#breadcrumb\",\"itemListElement\":[{\"@type\":\"ListItem\",\"position\":1,\"name\":\"Home\",\"item\":\"https:\\\/\\\/richmondvale.org\\\/de\\\/\"},{\"@type\":\"ListItem\",\"position\":2,\"name\":\"Umweltverschmutzung stoppen\"}]},{\"@type\":\"WebSite\",\"@id\":\"https:\\\/\\\/richmondvale.org\\\/de\\\/#website\",\"url\":\"https:\\\/\\\/richmondvale.org\\\/de\\\/\",\"name\":\"Richmond Vale Academy\",\"description\":\"\",\"publisher\":{\"@id\":\"https:\\\/\\\/richmondvale.org\\\/de\\\/#organization\"},\"potentialAction\":[{\"@type\":\"SearchAction\",\"target\":{\"@type\":\"EntryPoint\",\"urlTemplate\":\"https:\\\/\\\/richmondvale.org\\\/de\\\/?s={search_term_string}\"},\"query-input\":{\"@type\":\"PropertyValueSpecification\",\"valueRequired\":true,\"valueName\":\"search_term_string\"}}],\"inLanguage\":\"de\"},{\"@type\":\"Organization\",\"@id\":\"https:\\\/\\\/richmondvale.org\\\/de\\\/#organization\",\"name\":\"Richmond Vale Academy\",\"url\":\"https:\\\/\\\/richmondvale.org\\\/de\\\/\",\"logo\":{\"@type\":\"ImageObject\",\"inLanguage\":\"de\",\"@id\":\"https:\\\/\\\/richmondvale.org\\\/de\\\/#\\\/schema\\\/logo\\\/image\\\/\",\"url\":\"https:\\\/\\\/richmondvale.org\\\/wp-content\\\/uploads\\\/2023\\\/11\\\/rva-logo.png\",\"contentUrl\":\"https:\\\/\\\/richmondvale.org\\\/wp-content\\\/uploads\\\/2023\\\/11\\\/rva-logo.png\",\"width\":319,\"height\":92,\"caption\":\"Richmond Vale Academy\"},\"image\":{\"@id\":\"https:\\\/\\\/richmondvale.org\\\/de\\\/#\\\/schema\\\/logo\\\/image\\\/\"},\"sameAs\":[\"https:\\\/\\\/www.facebook.com\\\/RichmondValeAcademy\\\/\",\"https:\\\/\\\/www.instagram.com\\\/richmondvaleacademy\\\/?hl=en\",\"https:\\\/\\\/www.youtube.com\\\/channel\\\/UC11Q4oA2N0YMVskaLNJGXSQ\",\"https:\\\/\\\/www.linkedin.com\\\/company\\\/richmond-vale-academy\\\/\"]}]}<\/script>\n<!-- \/ Yoast SEO Premium plugin. -->","yoast_head_json":{"title":"Weltverschmutzung beenden","description":"Seien Sie Teil der L\u00f6sung, wenn wir gemeinsam daran arbeiten, unsere Umwelt zu erhalten, die Tierwelt zu sch\u00fctzen und eine nachhaltige Zukunft zu sichern. Gemeinsam k\u00f6nnen wir die Umweltverschmutzung stoppen und eine hellere, sauberere Welt f\u00fcr die kommenden Generationen schaffen.","robots":{"index":"index","follow":"follow","max-snippet":"max-snippet:-1","max-image-preview":"max-image-preview:large","max-video-preview":"max-video-preview:-1"},"canonical":"https:\/\/richmondvale.org\/de\/umweltverschmutzung-stoppen\/","og_locale":"de_DE","og_type":"article","og_title":"Weltverschmutzung beenden","og_description":"Seien Sie Teil der L\u00f6sung, wenn wir gemeinsam daran arbeiten, unsere Umwelt zu erhalten, die Tierwelt zu sch\u00fctzen und eine nachhaltige Zukunft zu sichern. Gemeinsam k\u00f6nnen wir die Umweltverschmutzung stoppen und eine hellere, sauberere Welt f\u00fcr die kommenden Generationen schaffen.","og_url":"https:\/\/richmondvale.org\/de\/umweltverschmutzung-stoppen\/","og_site_name":"Richmond Vale Academy","article_publisher":"https:\/\/www.facebook.com\/RichmondValeAcademy\/","article_modified_time":"2025-02-14T23:10:13+00:00","og_image":[{"width":1024,"height":683,"url":"https:\/\/richmondvale.org\/wp-content\/uploads\/2024\/04\/StoppingPollution.jpg","type":"image\/jpeg"}],"twitter_card":"summary_large_image","twitter_title":"Weltverschmutzung beenden","twitter_description":"Seien Sie Teil der L\u00f6sung, wenn wir gemeinsam daran arbeiten, unsere Umwelt zu erhalten, die Tierwelt zu sch\u00fctzen und eine nachhaltige Zukunft zu sichern. Gemeinsam k\u00f6nnen wir die Umweltverschmutzung stoppen und eine hellere, sauberere Welt f\u00fcr die kommenden Generationen schaffen.","twitter_misc":{"Gesch\u00e4tzte Lesezeit":"1\u00a0Minute"},"schema":{"@context":"https:\/\/schema.org","@graph":[{"@type":"WebPage","@id":"https:\/\/richmondvale.org\/de\/umweltverschmutzung-stoppen\/","url":"https:\/\/richmondvale.org\/de\/umweltverschmutzung-stoppen\/","name":"Weltverschmutzung beenden","isPartOf":{"@id":"https:\/\/richmondvale.org\/de\/#website"},"primaryImageOfPage":{"@id":"https:\/\/richmondvale.org\/de\/umweltverschmutzung-stoppen\/#primaryimage"},"image":{"@id":"https:\/\/richmondvale.org\/de\/umweltverschmutzung-stoppen\/#primaryimage"},"thumbnailUrl":"https:\/\/richmondvale.org\/wp-content\/uploads\/2024\/04\/StoppingPollution.jpg","datePublished":"2023-12-09T19:55:39+00:00","dateModified":"2025-02-14T23:10:13+00:00","description":"Seien Sie Teil der L\u00f6sung, wenn wir gemeinsam daran arbeiten, unsere Umwelt zu erhalten, die Tierwelt zu sch\u00fctzen und eine nachhaltige Zukunft zu sichern. Gemeinsam k\u00f6nnen wir die Umweltverschmutzung stoppen und eine hellere, sauberere Welt f\u00fcr die kommenden Generationen schaffen.","breadcrumb":{"@id":"https:\/\/richmondvale.org\/de\/umweltverschmutzung-stoppen\/#breadcrumb"},"inLanguage":"de","potentialAction":[{"@type":"ReadAction","target":["https:\/\/richmondvale.org\/de\/umweltverschmutzung-stoppen\/"]}]},{"@type":"ImageObject","inLanguage":"de","@id":"https:\/\/richmondvale.org\/de\/umweltverschmutzung-stoppen\/#primaryimage","url":"https:\/\/richmondvale.org\/wp-content\/uploads\/2024\/04\/StoppingPollution.jpg","contentUrl":"https:\/\/richmondvale.org\/wp-content\/uploads\/2024\/04\/StoppingPollution.jpg"},{"@type":"BreadcrumbList","@id":"https:\/\/richmondvale.org\/de\/umweltverschmutzung-stoppen\/#breadcrumb","itemListElement":[{"@type":"ListItem","position":1,"name":"Home","item":"https:\/\/richmondvale.org\/de\/"},{"@type":"ListItem","position":2,"name":"Umweltverschmutzung stoppen"}]},{"@type":"WebSite","@id":"https:\/\/richmondvale.org\/de\/#website","url":"https:\/\/richmondvale.org\/de\/","name":"Richmond Vale Academy","description":"","publisher":{"@id":"https:\/\/richmondvale.org\/de\/#organization"},"potentialAction":[{"@type":"SearchAction","target":{"@type":"EntryPoint","urlTemplate":"https:\/\/richmondvale.org\/de\/?s={search_term_string}"},"query-input":{"@type":"PropertyValueSpecification","valueRequired":true,"valueName":"search_term_string"}}],"inLanguage":"de"},{"@type":"Organization","@id":"https:\/\/richmondvale.org\/de\/#organization","name":"Richmond Vale Academy","url":"https:\/\/richmondvale.org\/de\/","logo":{"@type":"ImageObject","inLanguage":"de","@id":"https:\/\/richmondvale.org\/de\/#\/schema\/logo\/image\/","url":"https:\/\/richmondvale.org\/wp-content\/uploads\/2023\/11\/rva-logo.png","contentUrl":"https:\/\/richmondvale.org\/wp-content\/uploads\/2023\/11\/rva-logo.png","width":319,"height":92,"caption":"Richmond Vale Academy"},"image":{"@id":"https:\/\/richmondvale.org\/de\/#\/schema\/logo\/image\/"},"sameAs":["https:\/\/www.facebook.com\/RichmondValeAcademy\/","https:\/\/www.instagram.com\/richmondvaleacademy\/?hl=en","https:\/\/www.youtube.com\/channel\/UC11Q4oA2N0YMVskaLNJGXSQ","https:\/\/www.linkedin.com\/company\/richmond-vale-academy\/"]}]}},"_links":{"self":[{"href":"https:\/\/richmondvale.org\/de\/wp-json\/wp\/v2\/pages\/123590","targetHints":{"allow":["GET"]}}],"collection":[{"href":"https:\/\/richmondvale.org\/de\/wp-json\/wp\/v2\/pages"}],"about":[{"href":"https:\/\/richmondvale.org\/de\/wp-json\/wp\/v2\/types\/page"}],"author":[{"embeddable":true,"href":"https:\/\/richmondvale.org\/de\/wp-json\/wp\/v2\/users\/3"}],"replies":[{"embeddable":true,"href":"https:\/\/richmondvale.org\/de\/wp-json\/wp\/v2\/comments?post=123590"}],"version-history":[{"count":2,"href":"https:\/\/richmondvale.org\/de\/wp-json\/wp\/v2\/pages\/123590\/revisions"}],"predecessor-version":[{"id":125213,"href":"https:\/\/richmondvale.org\/de\/wp-json\/wp\/v2\/pages\/123590\/revisions\/125213"}],"wp:attachment":[{"href":"https:\/\/richmondvale.org\/de\/wp-json\/wp\/v2\/media?parent=123590"}],"curies":[{"name":"wp","href":"https:\/\/api.w.org\/{rel}","templated":true}]}}