{"id":123492,"date":"2024-02-06T05:07:13","date_gmt":"2024-02-06T10:07:13","guid":{"rendered":"https:\/\/richmondvale.org\/freiwilligenarbeit-im-ausland\/"},"modified":"2025-02-14T18:11:32","modified_gmt":"2025-02-14T23:11:32","slug":"freiwilligenarbeit-im-ausland","status":"publish","type":"page","link":"https:\/\/richmondvale.org\/de\/freiwilligenarbeit-im-ausland\/","title":{"rendered":"Freiwilligenarbeit im Ausland"},"content":{"rendered":"\t\t<div data-elementor-type=\"wp-page\" data-elementor-id=\"123492\" class=\"elementor elementor-123492 elementor-123250\" data-elementor-post-type=\"page\">\n\t\t\t\t<div class=\"elementor-element elementor-element-9dc4993 e-con-full e-flex e-con e-parent\" data-id=\"9dc4993\" data-element_type=\"container\" data-e-type=\"container\" data-settings=\"{&quot;background_background&quot;:&quot;classic&quot;}\">\n\t\t<div class=\"elementor-element elementor-element-4a6ed61 e-flex e-con-boxed e-con e-child\" data-id=\"4a6ed61\" data-element_type=\"container\" data-e-type=\"container\">\n\t\t\t\t\t<div class=\"e-con-inner\">\n\t\t\t\t<div class=\"elementor-element elementor-element-286a6ff elementor-widget-divider--view-line elementor-widget elementor-widget-divider\" data-id=\"286a6ff\" data-element_type=\"widget\" data-e-type=\"widget\" data-widget_type=\"divider.default\">\n\t\t\t\t<div class=\"elementor-widget-container\">\n\t\t\t\t\t\t\t<div class=\"elementor-divider\">\n\t\t\t<span class=\"elementor-divider-separator\">\n\t\t\t\t\t\t<\/span>\n\t\t<\/div>\n\t\t\t\t\t\t<\/div>\n\t\t\t\t<\/div>\n\t\t\t\t<div class=\"elementor-element elementor-element-b7b08da elementor-widget elementor-widget-heading\" data-id=\"b7b08da\" data-element_type=\"widget\" data-e-type=\"widget\" data-widget_type=\"heading.default\">\n\t\t\t\t<div class=\"elementor-widget-container\">\n\t\t\t\t\t<h1 class=\"elementor-heading-title elementor-size-default\">Freiwilligenarbeit im Ausland<\/h1>\t\t\t\t<\/div>\n\t\t\t\t<\/div>\n\t\t\t\t<div class=\"elementor-element elementor-element-2d6a576 elementor-widget elementor-widget-heading\" data-id=\"2d6a576\" data-element_type=\"widget\" data-e-type=\"widget\" data-widget_type=\"heading.default\">\n\t\t\t\t<div class=\"elementor-widget-container\">\n\t\t\t\t\t<p class=\"elementor-heading-title elementor-size-default\">Ver\u00e4ndere die Welt, w\u00e4hrend du die Welt siehst\n<\/p>\t\t\t\t<\/div>\n\t\t\t\t<\/div>\n\t\t\t\t<div class=\"elementor-element elementor-element-e4c108f elementor-align-center elementor-widget elementor-widget-button\" data-id=\"e4c108f\" data-element_type=\"widget\" data-e-type=\"widget\" data-widget_type=\"button.default\">\n\t\t\t\t<div class=\"elementor-widget-container\">\n\t\t\t\t\t\t\t\t\t<div class=\"elementor-button-wrapper\">\n\t\t\t\t\t<a class=\"elementor-button elementor-button-link elementor-size-lg\" href=\"#vol-grid\">\n\t\t\t\t\t\t<span class=\"elementor-button-content-wrapper\">\n\t\t\t\t\t\t\t\t\t<span class=\"elementor-button-text\">Mehr erfahren<\/span>\n\t\t\t\t\t<\/span>\n\t\t\t\t\t<\/a>\n\t\t\t\t<\/div>\n\t\t\t\t\t\t\t\t<\/div>\n\t\t\t\t<\/div>\n\t\t\t\t\t<\/div>\n\t\t\t\t<\/div>\n\t\t<div class=\"elementor-element elementor-element-917da2b e-con-full e-flex e-con e-child\" data-id=\"917da2b\" data-element_type=\"container\" data-e-type=\"container\" data-settings=\"{&quot;background_background&quot;:&quot;classic&quot;,&quot;position&quot;:&quot;absolute&quot;}\">\n\t\t\t\t<div class=\"elementor-element elementor-element-bcfbcf9 elementor-widget elementor-widget-html\" data-id=\"bcfbcf9\" data-element_type=\"widget\" data-e-type=\"widget\" data-widget_type=\"html.default\">\n\t\t\t\t<div class=\"elementor-widget-container\">\n\t\t\t\t\t<div class=\"arrow wide-medium-gray\">&nbsp;<\/div>\t\t\t\t<\/div>\n\t\t\t\t<\/div>\n\t\t\t\t<\/div>\n\t\t\t\t<\/div>\n\t\t<div class=\"elementor-element elementor-element-3b001f0 e-flex e-con-boxed e-con e-child\" data-id=\"3b001f0\" data-element_type=\"container\" data-e-type=\"container\" id=\"vol-grid\" data-settings=\"{&quot;background_background&quot;:&quot;classic&quot;}\">\n\t\t\t\t\t<div class=\"e-con-inner\">\n\t\t<div class=\"elementor-element elementor-element-165ed3d e-con-full e-flex e-con e-child\" data-id=\"165ed3d\" data-element_type=\"container\" data-e-type=\"container\" data-settings=\"{&quot;background_background&quot;:&quot;classic&quot;}\">\n\t\t\t\t<div class=\"elementor-element elementor-element-dcf3afe elementor-widget elementor-widget-heading\" data-id=\"dcf3afe\" data-element_type=\"widget\" data-e-type=\"widget\" data-widget_type=\"heading.default\">\n\t\t\t\t<div class=\"elementor-widget-container\">\n\t\t\t\t\t<h2 class=\"elementor-heading-title elementor-size-default\"><a href=\"https:\/\/richmondvale.org\/de\/freiwilliger-fuer-den-schutz-der-meere-3-monate\/\">Freiwilliger f\u00fcr den Schutz der Meere: 3 Monate<\/a><\/h2>\t\t\t\t<\/div>\n\t\t\t\t<\/div>\n\t\t\t\t<div class=\"elementor-element elementor-element-99fac8a elementor-widget elementor-widget-text-editor\" data-id=\"99fac8a\" data-element_type=\"widget\" data-e-type=\"widget\" data-widget_type=\"text-editor.default\">\n\t\t\t\t<div class=\"elementor-widget-container\">\n\t\t\t\t\t\t\t\t\t<p>Was passiert im Ozean w\u00e4hrend des Klimawandels? Wie sind die Korallenriffe der Welt betroffen, und was bedeutet das f\u00fcr uns? Was k\u00f6nnen wir tun, um die \u00d6kosysteme der K\u00fcsten zu sch\u00fctzen und wiederherzustellen?<\/p>\n\t\t\t\t\t\t\t\t<\/div>\n\t\t\t\t<\/div>\n\t\t\t\t<div class=\"elementor-element elementor-element-6ad1210 elementor-view-stacked elementor-absolute elementor-shape-circle elementor-widget elementor-widget-icon\" data-id=\"6ad1210\" data-element_type=\"widget\" data-e-type=\"widget\" data-settings=\"{&quot;_position&quot;:&quot;absolute&quot;}\" data-widget_type=\"icon.default\">\n\t\t\t\t<div class=\"elementor-widget-container\">\n\t\t\t\t\t\t\t<div class=\"elementor-icon-wrapper\">\n\t\t\t<a class=\"elementor-icon\" href=\"https:\/\/richmondvale.org\/de\/freiwilliger-fuer-den-schutz-der-meere-3-monate\/\">\n\t\t\t<i aria-hidden=\"true\" class=\"fas fa-angle-right\"><\/i>\t\t\t<\/a>\n\t\t<\/div>\n\t\t\t\t\t\t<\/div>\n\t\t\t\t<\/div>\n\t\t\t\t<\/div>\n\t\t<div class=\"elementor-element elementor-element-95aaddc e-con-full e-flex e-con e-child\" data-id=\"95aaddc\" data-element_type=\"container\" data-e-type=\"container\" data-settings=\"{&quot;background_background&quot;:&quot;classic&quot;}\">\n\t\t\t\t<div class=\"elementor-element elementor-element-66ebf88 elementor-widget elementor-widget-heading\" data-id=\"66ebf88\" data-element_type=\"widget\" data-e-type=\"widget\" data-widget_type=\"heading.default\">\n\t\t\t\t<div class=\"elementor-widget-container\">\n\t\t\t\t\t<h2 class=\"elementor-heading-title elementor-size-default\"><a href=\"https:\/\/richmondvale.org\/de\/freiwilligenarbeit-klima-im-ausland-6-monate\/\">Freiwillige f\u00fcr das Klima: 6 Monate<\/a><\/h2>\t\t\t\t<\/div>\n\t\t\t\t<\/div>\n\t\t\t\t<div class=\"elementor-element elementor-element-ae37fcb elementor-widget elementor-widget-text-editor\" data-id=\"ae37fcb\" data-element_type=\"widget\" data-e-type=\"widget\" data-widget_type=\"text-editor.default\">\n\t\t\t\t<div class=\"elementor-widget-container\">\n\t\t\t\t\t\t\t\t\t<p>An der Richmond Vale Academy glauben wir, dass jeder die Macht hat, die Welt zu ver\u00e4ndern. W\u00e4hrend unseres 6-monatigen Programms f\u00fcr Klimaaktivisten kommen Freiwillige aus der ganzen Welt zusammen, um dem Klimawandel entgegenzuwirken und ein nachhaltiges Leben in der Karibik zu schaffen.<\/p>\n\t\t\t\t\t\t\t\t<\/div>\n\t\t\t\t<\/div>\n\t\t\t\t<div class=\"elementor-element elementor-element-29dfa1a elementor-view-stacked elementor-absolute elementor-shape-circle elementor-widget elementor-widget-icon\" data-id=\"29dfa1a\" data-element_type=\"widget\" data-e-type=\"widget\" data-settings=\"{&quot;_position&quot;:&quot;absolute&quot;}\" data-widget_type=\"icon.default\">\n\t\t\t\t<div class=\"elementor-widget-container\">\n\t\t\t\t\t\t\t<div class=\"elementor-icon-wrapper\">\n\t\t\t<a class=\"elementor-icon\" href=\"https:\/\/richmondvale.org\/de\/freiwilligenarbeit-klima-im-ausland-6-monate\/\">\n\t\t\t<i aria-hidden=\"true\" class=\"fas fa-angle-right\"><\/i>\t\t\t<\/a>\n\t\t<\/div>\n\t\t\t\t\t\t<\/div>\n\t\t\t\t<\/div>\n\t\t\t\t<\/div>\n\t\t<div class=\"elementor-element elementor-element-63f0295 e-con-full e-flex e-con e-child\" data-id=\"63f0295\" data-element_type=\"container\" data-e-type=\"container\" data-settings=\"{&quot;background_background&quot;:&quot;classic&quot;}\">\n\t\t\t\t<div class=\"elementor-element elementor-element-f9ccedf elementor-widget elementor-widget-heading\" data-id=\"f9ccedf\" data-element_type=\"widget\" data-e-type=\"widget\" data-widget_type=\"heading.default\">\n\t\t\t\t<div class=\"elementor-widget-container\">\n\t\t\t\t\t<h2 class=\"elementor-heading-title elementor-size-default\"><a href=\"https:\/\/richmondvale.org\/de\/freiwilligenarbeit-im-ausland-10-monate\/\">Freiwillige f\u00fcr die Gemeinschaft: 10 Monate<\/a><\/h2>\t\t\t\t<\/div>\n\t\t\t\t<\/div>\n\t\t\t\t<div class=\"elementor-element elementor-element-acd9806 elementor-widget elementor-widget-text-editor\" data-id=\"acd9806\" data-element_type=\"widget\" data-e-type=\"widget\" data-widget_type=\"text-editor.default\">\n\t\t\t\t<div class=\"elementor-widget-container\">\n\t\t\t\t\t\t\t\t\t<p>An der Richmond Vale Academy glauben wir, dass jeder die Macht hat, die Welt zu ver\u00e4ndern. W\u00e4hrend unseres 10-monatigen Freiwilligenprogramms im Ausland werden Sie zu einer proaktiven Kraft im Unterricht und bei der Durchf\u00fchrung von Projekten in einigen der \u00e4rmsten L\u00e4nder der Welt.  <\/p>\n\t\t\t\t\t\t\t\t<\/div>\n\t\t\t\t<\/div>\n\t\t\t\t<div class=\"elementor-element elementor-element-3540cac elementor-view-stacked elementor-absolute elementor-shape-circle elementor-widget elementor-widget-icon\" data-id=\"3540cac\" data-element_type=\"widget\" data-e-type=\"widget\" data-settings=\"{&quot;_position&quot;:&quot;absolute&quot;}\" data-widget_type=\"icon.default\">\n\t\t\t\t<div class=\"elementor-widget-container\">\n\t\t\t\t\t\t\t<div class=\"elementor-icon-wrapper\">\n\t\t\t<a class=\"elementor-icon\" href=\"https:\/\/richmondvale.org\/de\/freiwilligenarbeit-im-ausland-10-monate\/\">\n\t\t\t<i aria-hidden=\"true\" class=\"fas fa-angle-right\"><\/i>\t\t\t<\/a>\n\t\t<\/div>\n\t\t\t\t\t\t<\/div>\n\t\t\t\t<\/div>\n\t\t\t\t<\/div>\n\t\t<div class=\"elementor-element elementor-element-9870c00 e-con-full elementor-hidden-desktop elementor-hidden-laptop elementor-hidden-tablet elementor-hidden-mobile e-flex e-con e-child\" data-id=\"9870c00\" data-element_type=\"container\" data-e-type=\"container\" data-settings=\"{&quot;background_background&quot;:&quot;classic&quot;}\">\n\t\t\t\t<div class=\"elementor-element elementor-element-f1b590b elementor-widget elementor-widget-heading\" data-id=\"f1b590b\" data-element_type=\"widget\" data-e-type=\"widget\" data-widget_type=\"heading.default\">\n\t\t\t\t<div class=\"elementor-widget-container\">\n\t\t\t\t\t<h2 class=\"elementor-heading-title elementor-size-default\"><a href=\"https:\/\/richmondvale.org\/de\/studieren-und-freiwilligenarbeit-im-ausland-18-monate\/\">Studieren und Freiwilligenarbeit im Ausland: 18 Monate<\/a><\/h2>\t\t\t\t<\/div>\n\t\t\t\t<\/div>\n\t\t\t\t<div class=\"elementor-element elementor-element-852e45d elementor-widget elementor-widget-text-editor\" data-id=\"852e45d\" data-element_type=\"widget\" data-e-type=\"widget\" data-widget_type=\"text-editor.default\">\n\t\t\t\t<div class=\"elementor-widget-container\">\n\t\t\t\t\t\t\t\t\t<p>Der Schwerpunkt dieses 18-monatigen Programms liegt auf der Zusammenarbeit mit Entwicklungsl\u00e4ndern, um eine nachhaltige Welt zu schaffen. Gleichzeitig bietet es Menschen wie Ihnen die M\u00f6glichkeit, sich unseren gemeinsamen Bem\u00fchungen anzuschlie\u00dfen und als Freiwilliger an einem Entwicklungsprojekt im Ausland mitzuarbeiten.  <\/p>\n\t\t\t\t\t\t\t\t<\/div>\n\t\t\t\t<\/div>\n\t\t\t\t<div class=\"elementor-element elementor-element-9fc7c9d elementor-view-stacked elementor-absolute elementor-shape-circle elementor-widget elementor-widget-icon\" data-id=\"9fc7c9d\" data-element_type=\"widget\" data-e-type=\"widget\" data-settings=\"{&quot;_position&quot;:&quot;absolute&quot;}\" data-widget_type=\"icon.default\">\n\t\t\t\t<div class=\"elementor-widget-container\">\n\t\t\t\t\t\t\t<div class=\"elementor-icon-wrapper\">\n\t\t\t<a class=\"elementor-icon\" href=\"https:\/\/richmondvale.org\/de\/studieren-und-freiwilligenarbeit-im-ausland-18-monate\/\">\n\t\t\t<i aria-hidden=\"true\" class=\"fas fa-angle-right\"><\/i>\t\t\t<\/a>\n\t\t<\/div>\n\t\t\t\t\t\t<\/div>\n\t\t\t\t<\/div>\n\t\t\t\t<\/div>\n\t\t\t\t\t<\/div>\n\t\t\t\t<\/div>\n\t\t\t\t<\/div>\n\t\t","protected":false},"excerpt":{"rendered":"<p>Freiwilligenarbeit im Ausland Ver\u00e4ndere die Welt, w\u00e4hrend du die Welt siehst Mehr erfahren &nbsp; Freiwilliger f\u00fcr den Schutz der Meere: 3 Monate Was passiert im Ozean w\u00e4hrend des Klimawandels? Wie sind die Korallenriffe der Welt betroffen, und was bedeutet das f\u00fcr uns? Was k\u00f6nnen wir tun, um die \u00d6kosysteme der K\u00fcsten zu sch\u00fctzen und wiederherzustellen?&#8230; <a href=\"https:\/\/richmondvale.org\/de\/freiwilligenarbeit-im-ausland\/\" class=\"read-more-link\">READ MORE <i class=\"fa fa-caret-right\" aria-hidden=\"true\"><\/i><\/a><\/p>\n","protected":false},"author":3,"featured_media":0,"parent":0,"menu_order":0,"comment_status":"closed","ping_status":"closed","template":"","meta":{"_acf_changed":false,"_monsterinsights_skip_tracking":false,"_monsterinsights_sitenote_active":false,"_monsterinsights_sitenote_note":"","_monsterinsights_sitenote_category":0,"ngg_post_thumbnail":0,"footnotes":""},"class_list":["post-123492","page","type-page","status-publish","hentry"],"acf":[],"yoast_head":"<!-- This site is optimized with the Yoast SEO Premium plugin v27.5 (Yoast SEO v27.5) - https:\/\/yoast.com\/product\/yoast-seo-premium-wordpress\/ -->\n<title>Freiwilligenarbeit im Ausland - Richmond Vale Academy<\/title>\n<meta name=\"robots\" content=\"index, follow, max-snippet:-1, max-image-preview:large, max-video-preview:-1\" \/>\n<link rel=\"canonical\" href=\"https:\/\/richmondvale.org\/de\/freiwilligenarbeit-im-ausland\/\" \/>\n<meta property=\"og:locale\" content=\"de_DE\" \/>\n<meta property=\"og:type\" content=\"article\" \/>\n<meta property=\"og:title\" content=\"Freiwilligenarbeit im Ausland\" \/>\n<meta property=\"og:description\" content=\"Freiwilligenarbeit im Ausland Ver\u00e4ndere die Welt, w\u00e4hrend du die Welt siehst Mehr erfahren &nbsp; Freiwilliger f\u00fcr den Schutz der Meere: 3 Monate Was passiert im Ozean w\u00e4hrend des Klimawandels? Wie sind die Korallenriffe der Welt betroffen, und was bedeutet das f\u00fcr uns? Was k\u00f6nnen wir tun, um die \u00d6kosysteme der K\u00fcsten zu sch\u00fctzen und wiederherzustellen?... READ MORE\" \/>\n<meta property=\"og:url\" content=\"https:\/\/richmondvale.org\/de\/freiwilligenarbeit-im-ausland\/\" \/>\n<meta property=\"og:site_name\" content=\"Richmond Vale Academy\" \/>\n<meta property=\"article:publisher\" content=\"https:\/\/www.facebook.com\/RichmondValeAcademy\/\" \/>\n<meta property=\"article:modified_time\" content=\"2025-02-14T23:11:32+00:00\" \/>\n<meta property=\"og:image\" content=\"https:\/\/richmondvale.org\/wp-content\/uploads\/2023\/12\/RVA_SocialShareImage.jpg\" \/>\n\t<meta property=\"og:image:width\" content=\"1200\" \/>\n\t<meta property=\"og:image:height\" content=\"628\" \/>\n\t<meta property=\"og:image:type\" content=\"image\/jpeg\" \/>\n<meta name=\"twitter:card\" content=\"summary_large_image\" \/>\n<meta name=\"twitter:label1\" content=\"Gesch\u00e4tzte Lesezeit\" \/>\n\t<meta name=\"twitter:data1\" content=\"1\u00a0Minute\" \/>\n<script type=\"application\/ld+json\" class=\"yoast-schema-graph\">{\"@context\":\"https:\\\/\\\/schema.org\",\"@graph\":[{\"@type\":\"WebPage\",\"@id\":\"https:\\\/\\\/richmondvale.org\\\/de\\\/freiwilligenarbeit-im-ausland\\\/\",\"url\":\"https:\\\/\\\/richmondvale.org\\\/de\\\/freiwilligenarbeit-im-ausland\\\/\",\"name\":\"Freiwilligenarbeit im Ausland - Richmond Vale Academy\",\"isPartOf\":{\"@id\":\"https:\\\/\\\/richmondvale.org\\\/de\\\/#website\"},\"datePublished\":\"2024-02-06T10:07:13+00:00\",\"dateModified\":\"2025-02-14T23:11:32+00:00\",\"breadcrumb\":{\"@id\":\"https:\\\/\\\/richmondvale.org\\\/de\\\/freiwilligenarbeit-im-ausland\\\/#breadcrumb\"},\"inLanguage\":\"de\",\"potentialAction\":[{\"@type\":\"ReadAction\",\"target\":[\"https:\\\/\\\/richmondvale.org\\\/de\\\/freiwilligenarbeit-im-ausland\\\/\"]}]},{\"@type\":\"BreadcrumbList\",\"@id\":\"https:\\\/\\\/richmondvale.org\\\/de\\\/freiwilligenarbeit-im-ausland\\\/#breadcrumb\",\"itemListElement\":[{\"@type\":\"ListItem\",\"position\":1,\"name\":\"Home\",\"item\":\"https:\\\/\\\/richmondvale.org\\\/de\\\/\"},{\"@type\":\"ListItem\",\"position\":2,\"name\":\"Freiwilligenarbeit im Ausland\"}]},{\"@type\":\"WebSite\",\"@id\":\"https:\\\/\\\/richmondvale.org\\\/de\\\/#website\",\"url\":\"https:\\\/\\\/richmondvale.org\\\/de\\\/\",\"name\":\"Richmond Vale Academy\",\"description\":\"\",\"publisher\":{\"@id\":\"https:\\\/\\\/richmondvale.org\\\/de\\\/#organization\"},\"potentialAction\":[{\"@type\":\"SearchAction\",\"target\":{\"@type\":\"EntryPoint\",\"urlTemplate\":\"https:\\\/\\\/richmondvale.org\\\/de\\\/?s={search_term_string}\"},\"query-input\":{\"@type\":\"PropertyValueSpecification\",\"valueRequired\":true,\"valueName\":\"search_term_string\"}}],\"inLanguage\":\"de\"},{\"@type\":\"Organization\",\"@id\":\"https:\\\/\\\/richmondvale.org\\\/de\\\/#organization\",\"name\":\"Richmond Vale Academy\",\"url\":\"https:\\\/\\\/richmondvale.org\\\/de\\\/\",\"logo\":{\"@type\":\"ImageObject\",\"inLanguage\":\"de\",\"@id\":\"https:\\\/\\\/richmondvale.org\\\/de\\\/#\\\/schema\\\/logo\\\/image\\\/\",\"url\":\"https:\\\/\\\/richmondvale.org\\\/wp-content\\\/uploads\\\/2023\\\/11\\\/rva-logo.png\",\"contentUrl\":\"https:\\\/\\\/richmondvale.org\\\/wp-content\\\/uploads\\\/2023\\\/11\\\/rva-logo.png\",\"width\":319,\"height\":92,\"caption\":\"Richmond Vale Academy\"},\"image\":{\"@id\":\"https:\\\/\\\/richmondvale.org\\\/de\\\/#\\\/schema\\\/logo\\\/image\\\/\"},\"sameAs\":[\"https:\\\/\\\/www.facebook.com\\\/RichmondValeAcademy\\\/\",\"https:\\\/\\\/www.instagram.com\\\/richmondvaleacademy\\\/?hl=en\",\"https:\\\/\\\/www.youtube.com\\\/channel\\\/UC11Q4oA2N0YMVskaLNJGXSQ\",\"https:\\\/\\\/www.linkedin.com\\\/company\\\/richmond-vale-academy\\\/\"]}]}<\/script>\n<!-- \/ Yoast SEO Premium plugin. -->","yoast_head_json":{"title":"Freiwilligenarbeit im Ausland - Richmond Vale Academy","robots":{"index":"index","follow":"follow","max-snippet":"max-snippet:-1","max-image-preview":"max-image-preview:large","max-video-preview":"max-video-preview:-1"},"canonical":"https:\/\/richmondvale.org\/de\/freiwilligenarbeit-im-ausland\/","og_locale":"de_DE","og_type":"article","og_title":"Freiwilligenarbeit im Ausland","og_description":"Freiwilligenarbeit im Ausland Ver\u00e4ndere die Welt, w\u00e4hrend du die Welt siehst Mehr erfahren &nbsp; Freiwilliger f\u00fcr den Schutz der Meere: 3 Monate Was passiert im Ozean w\u00e4hrend des Klimawandels? Wie sind die Korallenriffe der Welt betroffen, und was bedeutet das f\u00fcr uns? Was k\u00f6nnen wir tun, um die \u00d6kosysteme der K\u00fcsten zu sch\u00fctzen und wiederherzustellen?... READ MORE","og_url":"https:\/\/richmondvale.org\/de\/freiwilligenarbeit-im-ausland\/","og_site_name":"Richmond Vale Academy","article_publisher":"https:\/\/www.facebook.com\/RichmondValeAcademy\/","article_modified_time":"2025-02-14T23:11:32+00:00","og_image":[{"width":1200,"height":628,"url":"https:\/\/richmondvale.org\/wp-content\/uploads\/2023\/12\/RVA_SocialShareImage.jpg","type":"image\/jpeg"}],"twitter_card":"summary_large_image","twitter_misc":{"Gesch\u00e4tzte Lesezeit":"1\u00a0Minute"},"schema":{"@context":"https:\/\/schema.org","@graph":[{"@type":"WebPage","@id":"https:\/\/richmondvale.org\/de\/freiwilligenarbeit-im-ausland\/","url":"https:\/\/richmondvale.org\/de\/freiwilligenarbeit-im-ausland\/","name":"Freiwilligenarbeit im Ausland - Richmond Vale Academy","isPartOf":{"@id":"https:\/\/richmondvale.org\/de\/#website"},"datePublished":"2024-02-06T10:07:13+00:00","dateModified":"2025-02-14T23:11:32+00:00","breadcrumb":{"@id":"https:\/\/richmondvale.org\/de\/freiwilligenarbeit-im-ausland\/#breadcrumb"},"inLanguage":"de","potentialAction":[{"@type":"ReadAction","target":["https:\/\/richmondvale.org\/de\/freiwilligenarbeit-im-ausland\/"]}]},{"@type":"BreadcrumbList","@id":"https:\/\/richmondvale.org\/de\/freiwilligenarbeit-im-ausland\/#breadcrumb","itemListElement":[{"@type":"ListItem","position":1,"name":"Home","item":"https:\/\/richmondvale.org\/de\/"},{"@type":"ListItem","position":2,"name":"Freiwilligenarbeit im Ausland"}]},{"@type":"WebSite","@id":"https:\/\/richmondvale.org\/de\/#website","url":"https:\/\/richmondvale.org\/de\/","name":"Richmond Vale Academy","description":"","publisher":{"@id":"https:\/\/richmondvale.org\/de\/#organization"},"potentialAction":[{"@type":"SearchAction","target":{"@type":"EntryPoint","urlTemplate":"https:\/\/richmondvale.org\/de\/?s={search_term_string}"},"query-input":{"@type":"PropertyValueSpecification","valueRequired":true,"valueName":"search_term_string"}}],"inLanguage":"de"},{"@type":"Organization","@id":"https:\/\/richmondvale.org\/de\/#organization","name":"Richmond Vale Academy","url":"https:\/\/richmondvale.org\/de\/","logo":{"@type":"ImageObject","inLanguage":"de","@id":"https:\/\/richmondvale.org\/de\/#\/schema\/logo\/image\/","url":"https:\/\/richmondvale.org\/wp-content\/uploads\/2023\/11\/rva-logo.png","contentUrl":"https:\/\/richmondvale.org\/wp-content\/uploads\/2023\/11\/rva-logo.png","width":319,"height":92,"caption":"Richmond Vale Academy"},"image":{"@id":"https:\/\/richmondvale.org\/de\/#\/schema\/logo\/image\/"},"sameAs":["https:\/\/www.facebook.com\/RichmondValeAcademy\/","https:\/\/www.instagram.com\/richmondvaleacademy\/?hl=en","https:\/\/www.youtube.com\/channel\/UC11Q4oA2N0YMVskaLNJGXSQ","https:\/\/www.linkedin.com\/company\/richmond-vale-academy\/"]}]}},"_links":{"self":[{"href":"https:\/\/richmondvale.org\/de\/wp-json\/wp\/v2\/pages\/123492","targetHints":{"allow":["GET"]}}],"collection":[{"href":"https:\/\/richmondvale.org\/de\/wp-json\/wp\/v2\/pages"}],"about":[{"href":"https:\/\/richmondvale.org\/de\/wp-json\/wp\/v2\/types\/page"}],"author":[{"embeddable":true,"href":"https:\/\/richmondvale.org\/de\/wp-json\/wp\/v2\/users\/3"}],"replies":[{"embeddable":true,"href":"https:\/\/richmondvale.org\/de\/wp-json\/wp\/v2\/comments?post=123492"}],"version-history":[{"count":5,"href":"https:\/\/richmondvale.org\/de\/wp-json\/wp\/v2\/pages\/123492\/revisions"}],"predecessor-version":[{"id":125429,"href":"https:\/\/richmondvale.org\/de\/wp-json\/wp\/v2\/pages\/123492\/revisions\/125429"}],"wp:attachment":[{"href":"https:\/\/richmondvale.org\/de\/wp-json\/wp\/v2\/media?parent=123492"}],"curies":[{"name":"wp","href":"https:\/\/api.w.org\/{rel}","templated":true}]}}